{"id":3410,"date":"2026-01-22T12:10:05","date_gmt":"2026-01-22T11:10:05","guid":{"rendered":"https:\/\/www.kerhelen.com\/planen-sie-ihren-urlaub\/"},"modified":"2026-02-23T14:00:27","modified_gmt":"2026-02-23T13:00:27","slug":"planen-sie-ihren-urlaub","status":"publish","type":"page","link":"https:\/\/www.kerhelen.com\/de\/planen-sie-ihren-urlaub\/","title":{"rendered":"Planen Sie Ihren Urlaub"},"content":{"rendered":"\n<div class=\"wp-block-group alignfull hrz-hero-4 swiper swiper-slider-6-hero has-global-padding is-layout-constrained wp-container-core-group-is-layout-481dc8fc wp-block-group-is-layout-constrained\" style=\"margin-top:0;margin-bottom:0;padding-top:0;padding-right:0;padding-bottom:0;padding-left:0\">\n<div class=\"wp-block-group alignfull hrz-hero-4-content has-background has-global-padding is-layout-constrained wp-container-core-group-is-layout-187a3841 wp-block-group-is-layout-constrained\" style=\"background:linear-gradient(0deg,rgba(0,0,0,0.62) 2%,rgba(0,0,0,0.01) 57%);padding-right:var(--wp--preset--spacing--l);padding-left:var(--wp--preset--spacing--l)\">\n<div class=\"wp-block-group is-layout-flow wp-block-group-is-layout-flow\">\n<figure class=\"wp-block-image aligncenter size-logo_footer\"><img alt=\"\" loading=\"lazy\" decoding=\"async\" width=\"200\" height=\"220\" src=\"https:\/\/www.kerhelen.com\/wp-content\/uploads\/2026\/01\/logo-200x220.webp\" alt=\"\" class=\"wp-image-229\"\/><\/figure>\n<\/div>\n\n\n\n<div class=\"wp-block-group has-real-white-color has-text-color has-link-color wp-elements-0d70a660a89446e58061753a5b406967 is-layout-flow wp-block-group-is-layout-flow\">\n<h1 class=\"wp-block-heading has-text-align-center has-real-white-color has-text-color has-link-color has-tertiary-font-family has-xxxl-font-size wp-elements-c7dcc1c6a9a2f6d93d5c12217fb199d2\">Bereiten Sie Ihren Urlaub an der Bucht von Arcachon in der Gironde vor.<\/h1>\n\n\n\n<p class=\"has-text-align-center is-style-title-below has-real-white-color has-text-color has-link-color has-xxxxxl-font-size wp-elements-53dc26faa1d525c7f160a18405dd61a8 is-style-title-below--1\">Alles f\u00fcr einen ruhigen Aufenthalt<\/p>\n<\/div>\n\n\n\n<div class=\"wp-block-group pagination is-content-justification-center is-nowrap is-layout-flex wp-container-core-group-is-layout-dae12945 wp-block-group-is-layout-flex\" style=\"padding-top:var(--wp--preset--spacing--m);padding-left:0\">\n<div class=\"wp-block-group hrz-slider-6-pagination hrz-slider-dots has-global-padding is-content-justification-center is-layout-constrained wp-block-group-is-layout-constrained\" style=\"border-radius:8px\"><\/div>\n<\/div>\n<\/div>\n\n\n\n<div class=\"wp-block-group alignfull swiper-wrapper is-nowrap is-layout-flex wp-container-core-group-is-layout-879c0eda wp-block-group-is-layout-flex\" style=\"margin-top:0;margin-bottom:0;padding-top:0;padding-right:0;padding-bottom:0;padding-left:0\">\n<div class=\"wp-block-group swiper-slide has-global-padding is-layout-constrained wp-block-group-is-layout-constrained\">\n<figure class=\"wp-block-image alignfull size-4\/3_2560x1920\" style=\"margin-top:0;margin-right:0;margin-bottom:0;margin-left:0\"><img alt=\"Piscine avec transats et palmiers en ext\u00e9rieur\" loading=\"lazy\" decoding=\"async\" width=\"2560\" height=\"1920\" src=\"https:\/\/www.kerhelen.com\/wp-content\/uploads\/2026\/01\/ker-helen-2023-044-2560x1920.webp\" alt=\"\" class=\"wp-image-249\" srcset=\"https:\/\/www.kerhelen.com\/wp-content\/uploads\/2026\/01\/ker-helen-2023-044-2560x1920.webp 2560w, https:\/\/www.kerhelen.com\/wp-content\/uploads\/2026\/01\/ker-helen-2023-044-1440x1080.webp 1440w, https:\/\/www.kerhelen.com\/wp-content\/uploads\/2026\/01\/ker-helen-2023-044-1024x768.webp 1024w, https:\/\/www.kerhelen.com\/wp-content\/uploads\/2026\/01\/ker-helen-2023-044-720x540.webp 720w, https:\/\/www.kerhelen.com\/wp-content\/uploads\/2026\/01\/ker-helen-2023-044-320x240.webp 320w, https:\/\/www.kerhelen.com\/wp-content\/uploads\/2026\/01\/ker-helen-2023-044-160x120.webp 160w\" sizes=\"auto, (max-width: 2560px) 100vw, 2560px\" \/><\/figure>\n<\/div>\n<\/div>\n<\/div>\n\n<div class=\"wp-block-cover alignfull overflow-visible has-paragraph-color has-text-color has-link-color wp-elements-3db37166a241a59db6546c8736ff3dcc\" style=\"padding-right:0;padding-left:0\"><img alt=\"\" decoding=\"async\" class=\"wp-block-cover__image-background wp-image-58 size-full\" alt=\"\" src=\"https:\/\/www.kerhelen.com\/wp-content\/uploads\/2026\/01\/background-hibiscus.svg\" data-object-fit=\"cover\"\/><span aria-hidden=\"true\" class=\"wp-block-cover__background has-background-dim-60 has-background-dim wp-block-cover__gradient-background has-background-gradient\" style=\"background:linear-gradient(0deg,rgb(255,251,240) 0%,rgba(255,251,240,0.02) 100%)\"><\/span><div class=\"wp-block-cover__inner-container has-global-padding is-layout-constrained wp-container-core-cover-is-layout-7db9d80f wp-block-cover-is-layout-constrained\">\n<div class=\"wp-block-group alignfull is-relative is-layout-flow wp-block-group-is-layout-flow\">\n<div class=\"wp-block-group palm palm-top-right has-global-padding is-layout-constrained wp-container-core-group-is-layout-d9684685 wp-block-group-is-layout-constrained\">\n<figure class=\"wp-block-image size-3\/4_600x800_desktop\"><img alt=\"\" decoding=\"async\" src=\"https:\/\/www.kerhelen.com\/wp-content\/uploads\/2026\/01\/palm-reverse-600x800.webp\" alt=\"\" class=\"wp-image-334\"\/><\/figure>\n<\/div>\n\n\n<div style=\"margin-top:var(--wp--preset--spacing--xxxl);margin-left:var(--wp--preset--spacing--xxxl);\" class=\"alignleft wp-elements-4690a470cdfde080797342c6ad8439fe wp-block-wpseopress-breadcrumbs has-text-color has-tertiary-color\"><nav  aria-label=\"breadcrumb\"><ol class=\"breadcrumb\" itemscope itemtype=\"https:\/\/schema.org\/BreadcrumbList\"><li class=\"breadcrumb-item active\" aria-current=\"page\" itemprop=\"itemListElement\" itemscope itemtype=\"https:\/\/schema.org\/ListItem\"><span itemprop=\"name\">Camping sur le Bassin d&#8217;Arcachon<\/span><meta itemprop=\"position\" content=\"1\"><\/li><\/ol><\/nav><\/div>\n\n\n<div style=\"height:180px\" aria-hidden=\"true\" class=\"wp-block-spacer\"><\/div>\n\n\n\n<div class=\"wp-block-group z-1 has-global-padding is-layout-constrained wp-container-core-group-is-layout-5df54855 wp-block-group-is-layout-constrained\" style=\"padding-right:var(--wp--preset--spacing--xxl);padding-left:var(--wp--preset--spacing--xxl)\">\n<div class=\"wp-block-group fade has-global-padding is-layout-constrained wp-container-core-group-is-layout-ac9039ec wp-block-group-is-layout-constrained\">\n<div class=\"wp-block-group has-global-padding is-layout-constrained wp-block-group-is-layout-constrained\">\n<figure class=\"wp-block-image aligncenter size-full\"><img alt=\"Symbole graphique rouge en forme de fleur.\" loading=\"lazy\" decoding=\"async\" width=\"50\" height=\"50\" src=\"https:\/\/www.kerhelen.com\/wp-content\/uploads\/2026\/02\/hibiscuslogo-1-1.webp\" alt=\"\" class=\"wp-image-2176\"\/><\/figure>\n<\/div>\n\n\n\n<div class=\"wp-block-group has-global-padding is-layout-constrained wp-block-group-is-layout-constrained\">\n<p class=\"has-text-align-center\">Auf dem Campingplatz Ker Helen k\u00f6nnen Sie Ihren Urlaub ganz einfach vorbereiten, indem Sie die Dokumente nutzen, die Ihnen zur Verf\u00fcgung stehen, um Ihren Aufenthalt in aller Ruhe zu organisieren. Der Campingplatz liegt an der Avenue de la C\u00f4te d&#8217;Argent am Bassin d&#8217;Arcachon und empf\u00e4ngt Sie in einer famili\u00e4ren und freundlichen Umgebung. Auf dieser Seite finden Sie alle wichtigen Informationen, um Ihre Ankunft zu planen, die Abl\u00e4ufe vor Ort zu verstehen und die angebotenen Dienstleistungen und Einrichtungen voll zu nutzen. So k\u00f6nnen Sie an einem Ort alle n\u00fctzlichen Elemente finden, um Ihren Aufenthalt auf unserem Campingplatz in aller Ruhe zu beginnen. <strong><a href=\"https:\/\/www.kerhelen.com\/de\/\" data-type=\"page\" data-id=\"4\">Campingplatz an der Bucht von Arcachon zu finden.<\/a><\/strong>.   <\/p>\n<\/div>\n<\/div>\n<\/div>\n\n\n\n<div style=\"height:200px\" aria-hidden=\"true\" class=\"wp-block-spacer\"><\/div>\n<\/div>\n<\/div><\/div>\n\n<div class=\"wp-block-buttons is-content-justification-center is-layout-flex wp-container-core-buttons-is-layout-a89b3969 wp-block-buttons-is-layout-flex\">\n<div class=\"wp-block-button\"><a class=\"wp-block-button__link wp-element-button\" href=\"https:\/\/www.kerhelen.com\/wp-content\/uploads\/2026\/02\/contrat-cgv-ker-helen.pdf\" target=\"_blank\" rel=\"noreferrer noopener\">Vertrag &#8211; AGB<\/a><\/div>\n\n\n\n<div class=\"wp-block-button\"><a class=\"wp-block-button__link wp-element-button\" href=\"https:\/\/www.kerhelen.com\/wp-content\/uploads\/2026\/02\/plan-camping-ker-helen.pdf\">Plan<\/a><\/div>\n<\/div>\n\n<div style=\"height:200px\" aria-hidden=\"true\" class=\"wp-block-spacer\"><\/div>\n\n<div class=\"wp-block-group alignfull has-global-padding is-layout-constrained wp-block-group-is-layout-constrained\">\n<div class=\"wp-block-group alignfull hrz-responsive-group is-layout-flow wp-block-group-is-layout-flow\" style=\"padding-right:var(--wp--preset--spacing--xl);padding-left:var(--wp--preset--spacing--xl)\">\n<h2 class=\"wp-block-heading has-text-align-center has-tertiary-color has-text-color has-link-color wp-elements-a5aecd2097bbf2f234d114e039978b8a\" style=\"margin-bottom:var(--wp--preset--spacing--xxl)\">Unsere Partner<\/h2>\n\n\n\n<div class=\"wp-block-group alignfull swiper swiper-slider-3 has-global-padding is-layout-constrained wp-container-core-group-is-layout-481dc8fc wp-block-group-is-layout-constrained\" style=\"margin-top:0;margin-bottom:0;padding-top:0;padding-right:0;padding-bottom:0;padding-left:0\">\n<div class=\"wp-block-columns is-layout-flex wp-container-core-columns-is-layout-28f84493 wp-block-columns-is-layout-flex\">\n<div class=\"wp-block-column is-layout-flow wp-block-column-is-layout-flow\" style=\"flex-basis:100%\">\n<div class=\"wp-block-group swiper-slide is-layout-flow wp-block-group-is-layout-flow\">\n<figure class=\"wp-block-image aligncenter size-full is-resized is-style-default\"><a href=\"http:\/\/www.bateliers-arcachon.com\" target=\"_blank\" rel=\"slider-image-3 noreferrer noopener\"><img alt=\"\" loading=\"lazy\" decoding=\"async\" width=\"512\" height=\"512\" src=\"https:\/\/www.kerhelen.com\/wp-content\/uploads\/2026\/02\/uba.png\" alt=\"\" class=\"wp-image-2129\" style=\"aspect-ratio:4\/3;object-fit:cover;width:150px\" srcset=\"https:\/\/www.kerhelen.com\/wp-content\/uploads\/2026\/02\/uba.png 512w, https:\/\/www.kerhelen.com\/wp-content\/uploads\/2026\/02\/uba-300x300.png 300w, https:\/\/www.kerhelen.com\/wp-content\/uploads\/2026\/02\/uba-150x150.png 150w, https:\/\/www.kerhelen.com\/wp-content\/uploads\/2026\/02\/uba-400x400.png 400w, https:\/\/www.kerhelen.com\/wp-content\/uploads\/2026\/02\/uba-200x200.png 200w, https:\/\/www.kerhelen.com\/wp-content\/uploads\/2026\/02\/uba-100x100.png 100w\" sizes=\"auto, (max-width: 512px) 100vw, 512px\" \/><\/a><\/figure>\n\n\n\n<p class=\"has-text-align-center\">Entdecken Sie mit dem Boot <br\/>auf dem Bassin d&#8217;Arcachon emblematische Orte wie die Vogelinsel, Cabanes Tchanqu\u00e9es, Dune du Pilat, Cap Ferret, etc&#8230;..<\/p>\n<\/div>\n<\/div>\n\n\n\n<div class=\"wp-block-column is-layout-flow wp-block-column-is-layout-flow\" style=\"flex-basis:100%\">\n<div class=\"wp-block-group swiper-slide has-global-padding is-layout-constrained wp-block-group-is-layout-constrained\">\n<figure class=\"wp-block-image aligncenter size-full is-resized\"><a href=\"http:\/\/www.insercycles.com\" target=\"_blank\" rel=\"slider-image-3 noreferrer noopener\"><img alt=\"Logo Insercycles avec outils et arcs color\u00e9s.\" loading=\"lazy\" decoding=\"async\" width=\"1000\" height=\"1000\" src=\"https:\/\/www.kerhelen.com\/wp-content\/uploads\/2026\/02\/insercycles.jpg\" alt=\"\" class=\"wp-image-2130\" style=\"aspect-ratio:4\/3;object-fit:cover;width:150px\" srcset=\"https:\/\/www.kerhelen.com\/wp-content\/uploads\/2026\/02\/insercycles.jpg 1000w, https:\/\/www.kerhelen.com\/wp-content\/uploads\/2026\/02\/insercycles-300x300.jpg 300w, https:\/\/www.kerhelen.com\/wp-content\/uploads\/2026\/02\/insercycles-150x150.jpg 150w, https:\/\/www.kerhelen.com\/wp-content\/uploads\/2026\/02\/insercycles-768x768.jpg 768w, https:\/\/www.kerhelen.com\/wp-content\/uploads\/2026\/02\/insercycles-600x600.jpg 600w, https:\/\/www.kerhelen.com\/wp-content\/uploads\/2026\/02\/insercycles-400x400.jpg 400w, https:\/\/www.kerhelen.com\/wp-content\/uploads\/2026\/02\/insercycles-200x200.jpg 200w, https:\/\/www.kerhelen.com\/wp-content\/uploads\/2026\/02\/insercycles-100x100.jpg 100w\" sizes=\"auto, (max-width: 1000px) 100vw, 1000px\" \/><\/a><\/figure>\n\n\n\n<p class=\"has-text-align-center\">Fahrradverleih in Le Teich, f\u00f6rdert die umweltfreundliche Mobilit\u00e4t in unserem Gebiet durch Reparatur und Recycling von Fahrr\u00e4dern, sehr g\u00fcnstige Preise<\/p>\n<\/div>\n<\/div>\n\n\n\n<div class=\"wp-block-column is-layout-flow wp-block-column-is-layout-flow\" style=\"flex-basis:100%\">\n<div class=\"wp-block-group swiper-slide has-global-padding is-layout-constrained wp-block-group-is-layout-constrained\">\n<figure class=\"wp-block-image aligncenter size-large is-resized\"><a href=\"https:\/\/www.kerhelen.com\/wp-content\/uploads\/2026\/02\/teich-ecotourisme.jpg\" target=\"_blank\" rel=\"slider-image-3 noreferrer noopener\"><img alt=\"\" loading=\"lazy\" decoding=\"async\" width=\"1024\" height=\"1024\" src=\"https:\/\/www.kerhelen.com\/wp-content\/uploads\/2026\/02\/teich-ecotourisme-1024x1024.jpg\" alt=\"\" class=\"wp-image-2132\" style=\"aspect-ratio:4\/3;object-fit:cover;width:150px\" srcset=\"https:\/\/www.kerhelen.com\/wp-content\/uploads\/2026\/02\/teich-ecotourisme-1024x1024.jpg 1024w, https:\/\/www.kerhelen.com\/wp-content\/uploads\/2026\/02\/teich-ecotourisme-300x300.jpg 300w, https:\/\/www.kerhelen.com\/wp-content\/uploads\/2026\/02\/teich-ecotourisme-150x150.jpg 150w, https:\/\/www.kerhelen.com\/wp-content\/uploads\/2026\/02\/teich-ecotourisme-768x768.jpg 768w, https:\/\/www.kerhelen.com\/wp-content\/uploads\/2026\/02\/teich-ecotourisme-1000x1000.jpg 1000w, https:\/\/www.kerhelen.com\/wp-content\/uploads\/2026\/02\/teich-ecotourisme-600x600.jpg 600w, https:\/\/www.kerhelen.com\/wp-content\/uploads\/2026\/02\/teich-ecotourisme-400x400.jpg 400w, https:\/\/www.kerhelen.com\/wp-content\/uploads\/2026\/02\/teich-ecotourisme-200x200.jpg 200w, https:\/\/www.kerhelen.com\/wp-content\/uploads\/2026\/02\/teich-ecotourisme-100x100.jpg 100w, https:\/\/www.kerhelen.com\/wp-content\/uploads\/2026\/02\/teich-ecotourisme.jpg 1500w\" sizes=\"auto, (max-width: 1024px) 100vw, 1024px\" \/><\/a><\/figure>\n\n\n\n<p class=\"has-text-align-center\">Fremdenverkehrsamt <br\/>du Teich<\/p>\n<\/div>\n<\/div>\n\n\n\n<div class=\"wp-block-column is-layout-flow wp-block-column-is-layout-flow\" style=\"flex-basis:100%\">\n<div class=\"wp-block-group swiper-slide has-global-padding is-layout-constrained wp-block-group-is-layout-constrained\">\n<figure class=\"wp-block-image aligncenter size-full is-resized\"><a href=\"http:\/\/www.amazonecanoe.com\" target=\"_blank\" rel=\"slider-image-3 noreferrer noopener\"><img alt=\"\" loading=\"lazy\" decoding=\"async\" width=\"500\" height=\"303\" src=\"https:\/\/www.kerhelen.com\/wp-content\/uploads\/2026\/02\/amazone-canoe-logo.png\" alt=\"\" class=\"wp-image-2133\" style=\"aspect-ratio:4\/3;object-fit:cover;width:150px\" srcset=\"https:\/\/www.kerhelen.com\/wp-content\/uploads\/2026\/02\/amazone-canoe-logo.png 500w, https:\/\/www.kerhelen.com\/wp-content\/uploads\/2026\/02\/amazone-canoe-logo-300x182.png 300w\" sizes=\"auto, (max-width: 500px) 100vw, 500px\" \/><\/a><\/figure>\n\n\n\n<p class=\"has-text-align-center\">Kanu und Kajak in Le Teich, Kanufahrt vom Wald der Gascogne zum Delta der Leyre<\/p>\n<\/div>\n<\/div>\n<\/div>\n<\/div>\n<\/div>\n<\/div>\n\n<div style=\"height:200px\" aria-hidden=\"true\" class=\"wp-block-spacer\"><\/div>\n","protected":false},"excerpt":{"rendered":"<p>Bereiten Sie Ihren Urlaub an der Bucht von Arcachon in der Gironde vor. Alles f\u00fcr einen ruhigen Aufenthalt Unsere Partner Entdecken Sie mit dem Boot auf dem Bassin d&#8217;Arcachon emblematische Orte wie die Vogelinsel, Cabanes Tchanqu\u00e9es, Dune du Pilat, Cap Ferret, etc&#8230;.. Fahrradverleih in Le Teich, f\u00f6rdert die umweltfreundliche Mobilit\u00e4t in unserem Gebiet durch Reparatur [&hellip;]<\/p>\n","protected":false},"author":1,"featured_media":0,"parent":0,"menu_order":86,"comment_status":"closed","ping_status":"closed","template":"page-no-title","meta":{"_acf_changed":false,"_seopress_robots_primary_cat":"","_seopress_titles_title":"Planen Sie Ihren Campingurlaub am Bassin d'Arcachon in der Gironde (33)","_seopress_titles_desc":"Laden Sie alle n\u00fctzlichen Dokumente herunter, um Ihren Urlaub auf dem 4-Sterne-Campingplatz Ker Helen in Le Teich, in der N\u00e4he des Bassin d'Arcachon in der Gironde (33) vorzubereiten.","_seopress_robots_index":"","footnotes":""},"class_list":["post-3410","page","type-page","status-publish","hentry"],"acf":[],"_links":{"self":[{"href":"https:\/\/www.kerhelen.com\/de\/wp-json\/wp\/v2\/pages\/3410","targetHints":{"allow":["GET"]}}],"collection":[{"href":"https:\/\/www.kerhelen.com\/de\/wp-json\/wp\/v2\/pages"}],"about":[{"href":"https:\/\/www.kerhelen.com\/de\/wp-json\/wp\/v2\/types\/page"}],"author":[{"embeddable":true,"href":"https:\/\/www.kerhelen.com\/de\/wp-json\/wp\/v2\/users\/1"}],"replies":[{"embeddable":true,"href":"https:\/\/www.kerhelen.com\/de\/wp-json\/wp\/v2\/comments?post=3410"}],"version-history":[{"count":1,"href":"https:\/\/www.kerhelen.com\/de\/wp-json\/wp\/v2\/pages\/3410\/revisions"}],"predecessor-version":[{"id":3412,"href":"https:\/\/www.kerhelen.com\/de\/wp-json\/wp\/v2\/pages\/3410\/revisions\/3412"}],"wp:attachment":[{"href":"https:\/\/www.kerhelen.com\/de\/wp-json\/wp\/v2\/media?parent=3410"}],"curies":[{"name":"wp","href":"https:\/\/api.w.org\/{rel}","templated":true}]}}