{"id":3502,"date":"2026-01-22T12:10:08","date_gmt":"2026-01-22T11:10:08","guid":{"rendered":"https:\/\/www.kerhelen.com\/animationen\/"},"modified":"2026-02-23T14:01:52","modified_gmt":"2026-02-23T13:01:52","slug":"animationen","status":"publish","type":"page","link":"https:\/\/www.kerhelen.com\/de\/animationen\/","title":{"rendered":"Animationen"},"content":{"rendered":"\n<div class=\"wp-block-group alignfull hrz-hero-4 swiper swiper-slider-6-hero has-global-padding is-layout-constrained wp-container-core-group-is-layout-481dc8fc wp-block-group-is-layout-constrained\" style=\"margin-top:0;margin-bottom:0;padding-top:0;padding-right:0;padding-bottom:0;padding-left:0\">\n<div class=\"wp-block-group alignfull hrz-hero-4-content has-background has-global-padding is-layout-constrained wp-container-core-group-is-layout-187a3841 wp-block-group-is-layout-constrained\" style=\"background:linear-gradient(0deg,rgba(0,0,0,0.62) 2%,rgba(0,0,0,0.01) 57%);padding-right:var(--wp--preset--spacing--l);padding-left:var(--wp--preset--spacing--l)\">\n<div class=\"wp-block-group is-layout-flow wp-block-group-is-layout-flow\">\n<figure class=\"wp-block-image aligncenter size-logo_footer\"><img alt=\"\" loading=\"lazy\" decoding=\"async\" width=\"200\" height=\"220\" src=\"https:\/\/www.kerhelen.com\/wp-content\/uploads\/2026\/01\/logo-200x220.webp\" alt=\"\" class=\"wp-image-229\"\/><\/figure>\n<\/div>\n\n\n\n<div class=\"wp-block-group has-real-white-color has-text-color has-link-color wp-elements-534fdbc2122d9a1870f96894c8eeff6d is-layout-flow wp-block-group-is-layout-flow\">\n<h1 class=\"wp-block-heading has-text-align-center has-real-white-color has-text-color has-link-color has-tertiary-font-family has-xxxl-font-size wp-elements-afacab6dfdef04b05e668fbccdc69f1e\">Familiencampingplatz an der Bucht von Arcachon<\/h1>\n\n\n\n<p class=\"has-text-align-center is-style-title-below has-real-white-color has-text-color has-link-color has-xxxxxl-font-size wp-elements-ddf85985486fbd95946f0ecb94f90a9f is-style-title-below--1\">Animationen f\u00fcr alle<\/p>\n<\/div>\n\n\n\n<div class=\"wp-block-group pagination is-content-justification-center is-nowrap is-layout-flex wp-container-core-group-is-layout-dae12945 wp-block-group-is-layout-flex\" style=\"padding-top:var(--wp--preset--spacing--m);padding-left:0\">\n<div class=\"wp-block-group hrz-slider-6-pagination hrz-slider-dots has-global-padding is-content-justification-center is-layout-constrained wp-block-group-is-layout-constrained\" style=\"border-radius:8px\"><\/div>\n<\/div>\n<\/div>\n\n\n\n<div class=\"wp-block-group alignfull swiper-wrapper is-nowrap is-layout-flex wp-container-core-group-is-layout-879c0eda wp-block-group-is-layout-flex\" style=\"margin-top:0;margin-bottom:0;padding-top:0;padding-right:0;padding-bottom:0;padding-left:0\">\n<div class=\"wp-block-group swiper-slide has-global-padding is-layout-constrained wp-block-group-is-layout-constrained\">\n<figure class=\"wp-block-image alignfull size-4\/3_2560x1920\" style=\"margin-top:0;margin-right:0;margin-bottom:0;margin-left:0\"><img alt=\"Groupe d&#039;enfants jouant au laser tag en ext\u00e9rieur.\" loading=\"lazy\" decoding=\"async\" width=\"2560\" height=\"1920\" src=\"https:\/\/www.kerhelen.com\/wp-content\/uploads\/2026\/02\/animations-camping-ker-helen-bassin-arcachon_02-2560x1920.webp\" alt=\"\" class=\"wp-image-1562\" srcset=\"https:\/\/www.kerhelen.com\/wp-content\/uploads\/2026\/02\/animations-camping-ker-helen-bassin-arcachon_02-2560x1920.webp 2560w, https:\/\/www.kerhelen.com\/wp-content\/uploads\/2026\/02\/animations-camping-ker-helen-bassin-arcachon_02-1440x1080.webp 1440w, https:\/\/www.kerhelen.com\/wp-content\/uploads\/2026\/02\/animations-camping-ker-helen-bassin-arcachon_02-1024x768.webp 1024w, https:\/\/www.kerhelen.com\/wp-content\/uploads\/2026\/02\/animations-camping-ker-helen-bassin-arcachon_02-720x540.webp 720w, https:\/\/www.kerhelen.com\/wp-content\/uploads\/2026\/02\/animations-camping-ker-helen-bassin-arcachon_02-320x240.webp 320w, https:\/\/www.kerhelen.com\/wp-content\/uploads\/2026\/02\/animations-camping-ker-helen-bassin-arcachon_02-160x120.webp 160w\" sizes=\"auto, (max-width: 2560px) 100vw, 2560px\" \/><\/figure>\n<\/div>\n<\/div>\n<\/div>\n\n<div class=\"wp-block-cover alignfull overflow-visible has-paragraph-color has-text-color has-link-color wp-elements-3b8af8e6507051f864b42a80a18e2d8b\" style=\"padding-right:0;padding-left:0\"><img alt=\"\" decoding=\"async\" class=\"wp-block-cover__image-background wp-image-58 size-full\" alt=\"\" src=\"https:\/\/www.kerhelen.com\/wp-content\/uploads\/2026\/01\/background-hibiscus.svg\" data-object-fit=\"cover\"\/><span aria-hidden=\"true\" class=\"wp-block-cover__background has-background-dim-60 has-background-dim wp-block-cover__gradient-background has-background-gradient\" style=\"background:linear-gradient(0deg,rgb(255,251,240) 0%,rgba(255,251,240,0.02) 100%)\"><\/span><div class=\"wp-block-cover__inner-container has-global-padding is-layout-constrained wp-container-core-cover-is-layout-7db9d80f wp-block-cover-is-layout-constrained\">\n<div class=\"wp-block-group alignfull is-relative is-layout-flow wp-block-group-is-layout-flow\">\n<div class=\"wp-block-group palm palm-top-right has-global-padding is-layout-constrained wp-container-core-group-is-layout-d9684685 wp-block-group-is-layout-constrained\">\n<figure class=\"wp-block-image size-3\/4_600x800_desktop\"><img alt=\"\" decoding=\"async\" src=\"https:\/\/www.kerhelen.com\/wp-content\/uploads\/2026\/01\/palm-reverse-600x800.webp\" alt=\"\" class=\"wp-image-334\"\/><\/figure>\n<\/div>\n\n\n<div style=\"margin-top:var(--wp--preset--spacing--xxxl);margin-left:var(--wp--preset--spacing--xxxl);\" class=\"alignleft wp-elements-4690a470cdfde080797342c6ad8439fe wp-block-wpseopress-breadcrumbs has-text-color has-tertiary-color\"><nav  aria-label=\"breadcrumb\"><ol class=\"breadcrumb\" itemscope itemtype=\"https:\/\/schema.org\/BreadcrumbList\"><li class=\"breadcrumb-item active\" aria-current=\"page\" itemprop=\"itemListElement\" itemscope itemtype=\"https:\/\/schema.org\/ListItem\"><span itemprop=\"name\">Camping sur le Bassin d&#8217;Arcachon<\/span><meta itemprop=\"position\" content=\"1\"><\/li><\/ol><\/nav><\/div>\n\n\n<div style=\"height:180px\" aria-hidden=\"true\" class=\"wp-block-spacer\"><\/div>\n\n\n\n<div class=\"wp-block-group z-1 has-global-padding is-layout-constrained wp-container-core-group-is-layout-5df54855 wp-block-group-is-layout-constrained\" style=\"padding-right:var(--wp--preset--spacing--xxl);padding-left:var(--wp--preset--spacing--xxl)\">\n<div class=\"wp-block-group fade has-global-padding is-layout-constrained wp-container-core-group-is-layout-ac9039ec wp-block-group-is-layout-constrained\">\n<div class=\"wp-block-group has-global-padding is-layout-constrained wp-block-group-is-layout-constrained\">\n<figure class=\"wp-block-image aligncenter size-full\"><img alt=\"Symbole graphique rouge en forme de fleur.\" loading=\"lazy\" decoding=\"async\" width=\"50\" height=\"50\" src=\"https:\/\/www.kerhelen.com\/wp-content\/uploads\/2026\/02\/hibiscuslogo-1-1.webp\" alt=\"\" class=\"wp-image-2176\"\/><\/figure>\n<\/div>\n\n\n\n<div class=\"wp-block-group has-global-padding is-layout-constrained wp-block-group-is-layout-constrained\">\n<p class=\"has-text-align-center\">Auf dem Campingplatz Ker Helen ist die Animation ein wichtiger Bestandteil des Lebens auf dem Campingplatz. In der Hochsaison werden jeden Tag Animationen f\u00fcr Erwachsene und Kinder angeboten. Die Anmeldung erfolgt direkt beim Animationsleiter, der die Urlauber w\u00e4hrend ihres gesamten Aufenthalts begleitet. Vor Ort k\u00f6nnen Sie von verschiedenen Aktivit\u00e4ten rund um die Einrichtungen des Campingplatzes profitieren, aber auch von ruhigeren Zeiten, die f\u00fcr Kinder gedacht sind. Die Animationen finden in einem famili\u00e4ren Rahmen auf einem Campingplatz statt. <strong><a href=\"https:\/\/www.kerhelen.com\/de\/\" data-type=\"page\" data-id=\"4\">Campingplatz an der Bucht von Arcachon.<\/a><\/strong>Der Campingplatz befindet sich in der Avenue de la C\u00f4te d&#8217;Argent, in der N\u00e4he eines K\u00fcstenpfades. Hier herrscht eine gesellige und rhythmische Atmosph\u00e4re mit regelm\u00e4\u00dfigen Angeboten am Tag und am Abend.     <\/p>\n<\/div>\n<\/div>\n<\/div>\n\n\n\n<div style=\"height:200px\" aria-hidden=\"true\" class=\"wp-block-spacer\"><\/div>\n<\/div>\n<\/div><\/div>\n\n<div class=\"wp-block-group alignfull lab-bloc-5 is-layout-flow wp-block-group-is-layout-flow\" style=\"padding-top:var(--wp--preset--spacing--xxl);padding-bottom:var(--wp--preset--spacing--xxl)\">\n<div class=\"wp-block-columns alignfull are-vertically-aligned-center hrz-responsive-col hrz-reponsive-order is-style-hrz-reponsive-order is-layout-flex wp-container-core-columns-is-layout-7ba40418 wp-block-columns-is-layout-flex\" style=\"margin-top:0;margin-bottom:0;padding-top:0;padding-right:0;padding-bottom:0;padding-left:0\">\n<div class=\"wp-block-column is-vertically-aligned-center from-left has-global-padding is-content-justification-right is-layout-constrained wp-container-core-column-is-layout-abab902c wp-block-column-is-layout-constrained\" style=\"padding-top:0;padding-right:var(--wp--preset--spacing--xxl);padding-bottom:0;padding-left:var(--wp--preset--spacing--xxl);flex-basis:57%\">\n<div class=\"wp-block-group has-global-padding is-layout-constrained wp-block-group-is-layout-constrained\">\n<h2 class=\"wp-block-heading is-style-top-title-deco is-style-top-title-deco--2\">Sportliche Unterhaltung und Aktivit\u00e4ten vor Ort<\/h2>\n\n\n\n<p class=\"is-style-title-below is-style-title-below--3\">Spiel und Bewegung<\/p>\n<\/div>\n\n\n\n<div class=\"wp-block-group has-global-padding is-content-justification-left is-layout-constrained wp-container-core-group-is-layout-28e60399 wp-block-group-is-layout-constrained\">\n<p style=\"margin-bottom:var(--wp--preset--spacing--xxl)\">Vor Ort k\u00f6nnen Sie an den zahlreichen Sportveranstaltungen teilnehmen, die auf dem Campingplatz organisiert werden. Es gibt Animationen rund um die Tischtennisplatten und den Spielplatz. Regelm\u00e4\u00dfig werden Laserball-Spiele organisiert und es gibt gro\u00dfe Spiele f\u00fcr Kinder und Erwachsene. F\u00fcr Kinder gibt es ruhige Zeiten und spezielle Workshops im Animationsprogramm.     <br\/><br\/>Es werden P\u00e9tanque-Turniere organisiert, bei denen jeder in einer entspannten Atmosph\u00e4re zusammenkommen kann. Diese Animationen erg\u00e4nzen die sportlichen Aktivit\u00e4ten, die vor Ort angeboten werden, wie z.B. Laser Game f\u00fcr Kinder, Fun Bogenschie\u00dfen oder Schatzsuche. Der Multisportplatz und der Spielplatz des Campingplatzes laden den ganzen Tag \u00fcber zu spielerischen Momenten ein, in einer Umgebung, die zum Teilen und Spa\u00df haben gedacht ist.  <\/p>\n<\/div>\n<\/div>\n\n\n\n<div class=\"wp-block-column is-vertically-aligned-center from-right is-layout-flow wp-block-column-is-layout-flow\" style=\"flex-basis:43%\">\n<div class=\"wp-block-group border-left-img is-style-flower-left has-global-padding is-content-justification-right is-layout-constrained wp-container-core-group-is-layout-f1f2ed93 wp-block-group-is-layout-constrained is-style-flower-left--4\" style=\"border-top-left-radius:200px;border-bottom-left-radius:200px\">\n<figure class=\"wp-block-image alignwide size-1\/1_1000x1000_desktop has-custom-border\"><a href=\"https:\/\/www.kerhelen.com\/wp-content\/uploads\/2026\/02\/animations-camping-ker-helen-bassin-arcachon_03-scaled.webp\" rel=\"slider-image-2\"><img alt=\"Enfant jouant au laser tag, casque orange.\" loading=\"lazy\" decoding=\"async\" width=\"1000\" height=\"1000\" src=\"https:\/\/www.kerhelen.com\/wp-content\/uploads\/2026\/02\/animations-camping-ker-helen-bassin-arcachon_03-1000x1000.webp\" alt=\"\" class=\"wp-image-1563\" style=\"border-top-left-radius:200px;border-bottom-left-radius:200px\" srcset=\"https:\/\/www.kerhelen.com\/wp-content\/uploads\/2026\/02\/animations-camping-ker-helen-bassin-arcachon_03-1000x1000.webp 1000w, https:\/\/www.kerhelen.com\/wp-content\/uploads\/2026\/02\/animations-camping-ker-helen-bassin-arcachon_03-150x150.webp 150w, https:\/\/www.kerhelen.com\/wp-content\/uploads\/2026\/02\/animations-camping-ker-helen-bassin-arcachon_03-600x600.webp 600w, https:\/\/www.kerhelen.com\/wp-content\/uploads\/2026\/02\/animations-camping-ker-helen-bassin-arcachon_03-400x400.webp 400w, https:\/\/www.kerhelen.com\/wp-content\/uploads\/2026\/02\/animations-camping-ker-helen-bassin-arcachon_03-200x200.webp 200w, https:\/\/www.kerhelen.com\/wp-content\/uploads\/2026\/02\/animations-camping-ker-helen-bassin-arcachon_03-100x100.webp 100w\" sizes=\"auto, (max-width: 1000px) 100vw, 1000px\" \/><\/a><\/figure>\n<\/div>\n<\/div>\n<\/div>\n\n\n\n<div style=\"height:200px\" aria-hidden=\"true\" class=\"wp-block-spacer\"><\/div>\n<\/div>\n\n<div class=\"wp-block-group alignfull hrz-galerie-1 has-global-padding is-layout-constrained wp-block-group-is-layout-constrained\">\n<div class=\"wp-block-cover alignfull hrz-galerie-1-cover\" style=\"margin-bottom:200px;padding-top:var(--wp--preset--spacing--xxxxxl);padding-right:var(--wp--preset--spacing--xxl);padding-bottom:var(--wp--preset--spacing--xxxxxl);padding-left:var(--wp--preset--spacing--xxl)\"><img alt=\"Musiciens jouant du jazz avec guitare et contrebasse.\" loading=\"lazy\" decoding=\"async\" width=\"2560\" height=\"1707\" class=\"wp-block-cover__image-background wp-image-1560 size-full\" alt=\"\" src=\"https:\/\/www.kerhelen.com\/wp-content\/uploads\/2026\/02\/animations-camping-ker-helen-bassin-arcachon_04-scaled.webp\" data-object-fit=\"cover\" srcset=\"https:\/\/www.kerhelen.com\/wp-content\/uploads\/2026\/02\/animations-camping-ker-helen-bassin-arcachon_04-scaled.webp 2560w, https:\/\/www.kerhelen.com\/wp-content\/uploads\/2026\/02\/animations-camping-ker-helen-bassin-arcachon_04-300x200.webp 300w, https:\/\/www.kerhelen.com\/wp-content\/uploads\/2026\/02\/animations-camping-ker-helen-bassin-arcachon_04-1024x683.webp 1024w, https:\/\/www.kerhelen.com\/wp-content\/uploads\/2026\/02\/animations-camping-ker-helen-bassin-arcachon_04-768x512.webp 768w, https:\/\/www.kerhelen.com\/wp-content\/uploads\/2026\/02\/animations-camping-ker-helen-bassin-arcachon_04-1440x960.webp 1440w, https:\/\/www.kerhelen.com\/wp-content\/uploads\/2026\/02\/animations-camping-ker-helen-bassin-arcachon_04-1080x720.webp 1080w, https:\/\/www.kerhelen.com\/wp-content\/uploads\/2026\/02\/animations-camping-ker-helen-bassin-arcachon_04-720x480.webp 720w, https:\/\/www.kerhelen.com\/wp-content\/uploads\/2026\/02\/animations-camping-ker-helen-bassin-arcachon_04-480x320.webp 480w, https:\/\/www.kerhelen.com\/wp-content\/uploads\/2026\/02\/animations-camping-ker-helen-bassin-arcachon_04-240x160.webp 240w, https:\/\/www.kerhelen.com\/wp-content\/uploads\/2026\/02\/animations-camping-ker-helen-bassin-arcachon_04-120x80.webp 120w\" sizes=\"auto, (max-width: 2560px) 100vw, 2560px\" \/><span aria-hidden=\"true\" class=\"wp-block-cover__background has-real-black-background-color has-background-dim\"><\/span><div class=\"wp-block-cover__inner-container has-global-padding is-layout-constrained wp-container-core-cover-is-layout-b1fe3ac4 wp-block-cover-is-layout-constrained\">\n<figure class=\"wp-block-image aligncenter size-full\"><img alt=\"Symbole graphique rouge en forme de fleur.\" loading=\"lazy\" decoding=\"async\" width=\"50\" height=\"50\" src=\"https:\/\/www.kerhelen.com\/wp-content\/uploads\/2026\/02\/hibiscuslogo-1-1.webp\" alt=\"\" class=\"wp-image-2176\"\/><\/figure>\n\n\n\n<h2 class=\"wp-block-heading has-text-align-center is-style-top-title has-real-white-color has-text-color has-link-color has-xxxl-font-size wp-elements-5b314e4ceb424cb6ecddf460fd085856 is-style-top-title--5\">Gesellige Abende und Animationen<\/h2>\n\n\n\n<p class=\"has-text-align-center is-style-title-below has-real-white-color has-text-color has-link-color has-xxxxxl-font-size wp-elements-5bb218617f3637752f67fb06276423f3 is-style-title-below--6\" style=\"padding-bottom:var(--wp--preset--spacing--xxl)\">Abende, die Menschen zusammenbringen<\/p>\n\n\n\n<p class=\"has-text-align-center has-real-white-color has-text-color has-link-color wp-elements-f418a17e2fca9ff05ae2c7755c338154\">Die Animationen dauern auch am Abend mit einem abwechslungsreichen Programm an. Es werden regelm\u00e4\u00dfig Lottos und Themenabende veranstaltet. Zu den Abendveranstaltungen geh\u00f6ren Diskoabende, Kabarettabende und Rum-am-Stiel-Abende. Es werden Konzerte mit Musikgruppen oder DJs, Tanzabende und Dinnershows organisiert. Diese Veranstaltungen erg\u00e4nzen die Dienstleistungen vor Ort, wie die Bar und das Restaurant, sowie den Verkauf von Speisen zum Mitnehmen. Die Urlauber k\u00f6nnen nach einem Tag im beheizten Pool des Wasserparks, der vom 1. Mai bis zum 30. September ge\u00f6ffnet ist, oder nach einem Spaziergang um das Bassin d&#8217;Arcachon eine lebhafte Atmosph\u00e4re genie\u00dfen.     <\/p>\n<\/div><\/div>\n<\/div>\n","protected":false},"excerpt":{"rendered":"<p>Familiencampingplatz an der Bucht von Arcachon Animationen f\u00fcr alle Sportliche Unterhaltung und Aktivit\u00e4ten vor Ort Spiel und Bewegung Vor Ort k\u00f6nnen Sie an den zahlreichen Sportveranstaltungen teilnehmen, die auf dem Campingplatz organisiert werden. Es gibt Animationen rund um die Tischtennisplatten und den Spielplatz. Regelm\u00e4\u00dfig werden Laserball-Spiele organisiert und es gibt gro\u00dfe Spiele f\u00fcr Kinder und [&hellip;]<\/p>\n","protected":false},"author":1,"featured_media":0,"parent":0,"menu_order":59,"comment_status":"closed","ping_status":"closed","template":"page-no-title","meta":{"_acf_changed":false,"_seopress_robots_primary_cat":"","_seopress_titles_title":"Familien-Campingplatz Bassin d'Arcachon | Animationen und Aktivit\u00e4ten auf dem Campingplatz","_seopress_titles_desc":"Entdecken Sie die Animationen des 4-Sterne-Campingplatzes Ker Helen am Bassin d'Arcachon. Lasergame, Bogenschie\u00dfen, Kinderclub und Diskoabende in Le Teich. Ein Spa\u00dfurlaub mit der Familie!  ","_seopress_robots_index":"","footnotes":""},"class_list":["post-3502","page","type-page","status-publish","hentry"],"acf":[],"_links":{"self":[{"href":"https:\/\/www.kerhelen.com\/de\/wp-json\/wp\/v2\/pages\/3502","targetHints":{"allow":["GET"]}}],"collection":[{"href":"https:\/\/www.kerhelen.com\/de\/wp-json\/wp\/v2\/pages"}],"about":[{"href":"https:\/\/www.kerhelen.com\/de\/wp-json\/wp\/v2\/types\/page"}],"author":[{"embeddable":true,"href":"https:\/\/www.kerhelen.com\/de\/wp-json\/wp\/v2\/users\/1"}],"replies":[{"embeddable":true,"href":"https:\/\/www.kerhelen.com\/de\/wp-json\/wp\/v2\/comments?post=3502"}],"version-history":[{"count":1,"href":"https:\/\/www.kerhelen.com\/de\/wp-json\/wp\/v2\/pages\/3502\/revisions"}],"predecessor-version":[{"id":3518,"href":"https:\/\/www.kerhelen.com\/de\/wp-json\/wp\/v2\/pages\/3502\/revisions\/3518"}],"wp:attachment":[{"href":"https:\/\/www.kerhelen.com\/de\/wp-json\/wp\/v2\/media?parent=3502"}],"curies":[{"name":"wp","href":"https:\/\/api.w.org\/{rel}","templated":true}]}}