{"id":3616,"date":"2026-01-22T12:10:10","date_gmt":"2026-01-22T11:10:10","guid":{"rendered":"https:\/\/www.kerhelen.com\/rechtliche-hinweise\/"},"modified":"2026-02-23T14:02:10","modified_gmt":"2026-02-23T13:02:10","slug":"rechtliche-hinweise","status":"publish","type":"page","link":"https:\/\/www.kerhelen.com\/de\/rechtliche-hinweise\/","title":{"rendered":"Rechtliche Hinweise"},"content":{"rendered":"\n<div class=\"wp-block-group alignfull hrz-hero-4 swiper swiper-slider-6-hero has-global-padding is-layout-constrained wp-container-core-group-is-layout-481dc8fc wp-block-group-is-layout-constrained\" style=\"margin-top:0;margin-bottom:0;padding-top:0;padding-right:0;padding-bottom:0;padding-left:0\">\n<div class=\"wp-block-group alignfull hrz-hero-4-content has-background has-global-padding is-layout-constrained wp-container-core-group-is-layout-187a3841 wp-block-group-is-layout-constrained\" style=\"background:linear-gradient(0deg,rgba(0,0,0,0.62) 2%,rgba(0,0,0,0.01) 57%);padding-right:var(--wp--preset--spacing--l);padding-left:var(--wp--preset--spacing--l)\">\n<div class=\"wp-block-group is-layout-flow wp-block-group-is-layout-flow\">\n<figure class=\"wp-block-image aligncenter size-logo_footer\"><img alt=\"\" loading=\"lazy\" decoding=\"async\" width=\"200\" height=\"220\" src=\"https:\/\/www.kerhelen.com\/wp-content\/uploads\/2026\/01\/logo-200x220.webp\" alt=\"\" class=\"wp-image-229\"\/><\/figure>\n<\/div>\n\n\n\n<div class=\"wp-block-group has-real-white-color has-text-color has-link-color wp-elements-e3cb56fe762a277f5aad4c4a4465392b is-layout-flow wp-block-group-is-layout-flow\">\n<h1 class=\"wp-block-heading has-text-align-center has-real-white-color has-text-color has-link-color has-tertiary-font-family has-xxxl-font-size wp-elements-12fac44c67ec69958f546dbf07bc4369\">Rechtliche Hinweise<\/h1>\n<\/div>\n\n\n\n<div class=\"wp-block-group pagination is-content-justification-center is-nowrap is-layout-flex wp-container-core-group-is-layout-dae12945 wp-block-group-is-layout-flex\" style=\"padding-top:var(--wp--preset--spacing--m);padding-left:0\">\n<div class=\"wp-block-group hrz-slider-6-pagination hrz-slider-dots has-global-padding is-content-justification-center is-layout-constrained wp-block-group-is-layout-constrained\" style=\"border-radius:8px\"><\/div>\n<\/div>\n<\/div>\n\n\n\n<div class=\"wp-block-group alignfull swiper-wrapper is-nowrap is-layout-flex wp-container-core-group-is-layout-879c0eda wp-block-group-is-layout-flex\" style=\"margin-top:0;margin-bottom:0;padding-top:0;padding-right:0;padding-bottom:0;padding-left:0\">\n<div class=\"wp-block-group swiper-slide has-global-padding is-layout-constrained wp-block-group-is-layout-constrained\">\n<figure class=\"wp-block-image alignfull size-4\/3_2560x1920\" style=\"margin-top:0;margin-right:0;margin-bottom:0;margin-left:0\"><img alt=\"Piscine avec transats et palmiers en ext\u00e9rieur\" loading=\"lazy\" decoding=\"async\" width=\"2560\" height=\"1920\" src=\"https:\/\/www.kerhelen.com\/wp-content\/uploads\/2026\/01\/ker-helen-2023-044-2560x1920.webp\" alt=\"\" class=\"wp-image-249\" srcset=\"https:\/\/www.kerhelen.com\/wp-content\/uploads\/2026\/01\/ker-helen-2023-044-2560x1920.webp 2560w, https:\/\/www.kerhelen.com\/wp-content\/uploads\/2026\/01\/ker-helen-2023-044-1440x1080.webp 1440w, https:\/\/www.kerhelen.com\/wp-content\/uploads\/2026\/01\/ker-helen-2023-044-1024x768.webp 1024w, https:\/\/www.kerhelen.com\/wp-content\/uploads\/2026\/01\/ker-helen-2023-044-720x540.webp 720w, https:\/\/www.kerhelen.com\/wp-content\/uploads\/2026\/01\/ker-helen-2023-044-320x240.webp 320w, https:\/\/www.kerhelen.com\/wp-content\/uploads\/2026\/01\/ker-helen-2023-044-160x120.webp 160w\" sizes=\"auto, (max-width: 2560px) 100vw, 2560px\" \/><\/figure>\n<\/div>\n<\/div>\n<\/div>\n\n<div class=\"wp-block-cover alignfull overflow-visible has-paragraph-color has-text-color has-link-color wp-elements-a8f66363f4a4c800e50889570330018f\" style=\"padding-right:0;padding-left:0\"><img alt=\"\" decoding=\"async\" class=\"wp-block-cover__image-background wp-image-58 size-full\" alt=\"\" src=\"https:\/\/www.kerhelen.com\/wp-content\/uploads\/2026\/01\/background-hibiscus.svg\" data-object-fit=\"cover\"\/><span aria-hidden=\"true\" class=\"wp-block-cover__background has-background-dim-60 has-background-dim wp-block-cover__gradient-background has-background-gradient\" style=\"background:linear-gradient(0deg,rgb(255,251,240) 0%,rgba(255,251,240,0.02) 100%)\"><\/span><div class=\"wp-block-cover__inner-container has-global-padding is-layout-constrained wp-container-core-cover-is-layout-7db9d80f wp-block-cover-is-layout-constrained\">\n<div class=\"wp-block-group alignfull is-relative is-layout-flow wp-block-group-is-layout-flow\">\n<div class=\"wp-block-group palm palm-top-right has-global-padding is-layout-constrained wp-container-core-group-is-layout-d9684685 wp-block-group-is-layout-constrained\">\n<figure class=\"wp-block-image size-3\/4_600x800_desktop\"><img alt=\"\" decoding=\"async\" src=\"https:\/\/www.kerhelen.com\/wp-content\/uploads\/2026\/01\/palm-reverse-600x800.webp\" alt=\"\" class=\"wp-image-334\"\/><\/figure>\n<\/div>\n\n\n<div style=\"margin-top:var(--wp--preset--spacing--xxxl);margin-left:var(--wp--preset--spacing--xxxl);\" class=\"alignleft wp-elements-4690a470cdfde080797342c6ad8439fe wp-block-wpseopress-breadcrumbs has-text-color has-tertiary-color\"><nav  aria-label=\"breadcrumb\"><ol class=\"breadcrumb\" itemscope itemtype=\"https:\/\/schema.org\/BreadcrumbList\"><li class=\"breadcrumb-item active\" aria-current=\"page\" itemprop=\"itemListElement\" itemscope itemtype=\"https:\/\/schema.org\/ListItem\"><span itemprop=\"name\">Camping sur le Bassin d&#8217;Arcachon<\/span><meta itemprop=\"position\" content=\"1\"><\/li><\/ol><\/nav><\/div>\n\n\n<div style=\"height:180px\" aria-hidden=\"true\" class=\"wp-block-spacer\"><\/div>\n\n\n\n<div class=\"wp-block-group z-1 has-global-padding is-layout-constrained wp-container-core-group-is-layout-5df54855 wp-block-group-is-layout-constrained\" style=\"padding-right:var(--wp--preset--spacing--xxl);padding-left:var(--wp--preset--spacing--xxl)\">\n<div class=\"wp-block-group fade has-global-padding is-layout-constrained wp-container-core-group-is-layout-ac9039ec wp-block-group-is-layout-constrained\">\n<div class=\"wp-block-group has-global-padding is-layout-constrained wp-block-group-is-layout-constrained\">\n<figure class=\"wp-block-image aligncenter size-full\"><img alt=\"Symbole graphique rouge en forme de fleur.\" loading=\"lazy\" decoding=\"async\" width=\"50\" height=\"50\" src=\"https:\/\/www.kerhelen.com\/wp-content\/uploads\/2026\/02\/hibiscuslogo-1-1.webp\" alt=\"\" class=\"wp-image-2176\"\/><\/figure>\n<\/div>\n\n\n\n<div class=\"wp-block-group has-global-padding is-layout-constrained wp-block-group-is-layout-constrained\">\n<h2 class=\"wp-block-heading has-text-align-left\">IDENTIT\u00c4T<\/h2>\n\n\n\n<p>Name der Website: <strong>Camping Ker Helen<\/strong><br\/>Adresse: https:\/\/www.kerhelen.com\/<br\/>Eigent\u00fcmer: <strong>Pujade Lionel<\/strong><br\/>Verantwortlich f\u00fcr die Ver\u00f6ffentlichung: <strong>Camping Ker Helen<\/strong> <br\/>Design und Umsetzung : <strong><a href=\"https:\/\/www.horizon-marketing.com\/\" target=\"_blank\" rel=\"noreferrer noopener nofollow\">Horizon Marketing<\/a><\/strong><br\/>Animation: <strong>Camping Ker Helen<\/strong> <br\/>Hosting : <strong><a href=\"https:\/\/www.infomaniak.com\/\" target=\"_blank\" rel=\"noreferrer noopener nofollow\">Infomaniak<\/a><\/strong><\/p>\n\n\n\n<h2 class=\"wp-block-heading\">JURISTISCHE PERSON<\/h2>\n\n\n\n<p><strong>SARL, soci\u00e9t\u00e9 \u00e0 responsabilit\u00e9 limit\u00e9e&#8217; mit einem Kapital von 7622,42 Euro &#8211; 421 969 684 R.C.S. Bordeaux &#8211; AVENUE DE LA COTE D&#8217;ARGENT, 33470 LE TEICH &#8211; 05 56 66 03 79 -. <\/strong><a href=\"mailto:camping.kerhelen@wanadoo.fr\">mailto:camping.kerhelen@wanadoo.fr<\/a><\/p>\n\n\n\n<h2 class=\"wp-block-heading\">NUTZUNGSBEDINGUNGEN<\/h2>\n\n\n\n<p>Die Nutzung dieser Website setzt die vollst\u00e4ndige und uneingeschr\u00e4nkte Annahme der nachstehend beschriebenen allgemeinen Nutzungsbedingungen voraus. Diese Nutzungsbedingungen k\u00f6nnen jederzeit ge\u00e4ndert oder erg\u00e4nzt werden. <\/p>\n\n\n\n<h2 class=\"wp-block-heading\">INFORMATIONEN<\/h2>\n\n\n\n<p>Die Informationen und Dokumente auf der Website dienen der Information, sind nicht ersch\u00f6pfend und k\u00f6nnen nicht zur Verantwortung gezogen werden.<\/p>\n\n\n\n<p>Der Eigent\u00fcmer der Website haftet nicht f\u00fcr direkte oder indirekte Sch\u00e4den, die sich aus dem Zugriff auf die Website ergeben.<\/p>\n\n\n\n<h2 class=\"wp-block-heading\">INTERAKTIVIT\u00c4T<\/h2>\n\n\n\n<p>Die Nutzer der Website k\u00f6nnen Inhalte hinterlegen, die auf der Website in daf\u00fcr vorgesehenen Bereichen erscheinen (insbesondere \u00fcber das Kontaktformular). Die Verantwortung f\u00fcr den Inhalt liegt bei den Autoren, die die volle rechtliche Verantwortung daf\u00fcr \u00fcbernehmen. <\/p>\n\n\n\n<p>Der Eigent\u00fcmer der Website beh\u00e4lt sich jedoch das Recht vor, von Nutzern eingereichte Inhalte, die nicht den ethischen Richtlinien der Website oder den geltenden Gesetzen entsprechen, ohne Vorank\u00fcndigung und ohne Begr\u00fcndung zu entfernen.<\/p>\n\n\n\n<h2 class=\"wp-block-heading\">GEISTIGES EIGENTUM<\/h2>\n\n\n\n<p>Sofern nicht anders angegeben, sind alle auf der Website zug\u00e4nglichen Elemente (Texte, Bilder, Grafiken, Logos, Icons, T\u00f6ne, Software usw.) das ausschlie\u00dfliche Eigentum ihrer Autoren, was die Rechte am geistigen Eigentum oder die Nutzungsrechte betrifft.<\/p>\n\n\n\n<p>Die Vervielf\u00e4ltigung, Darstellung, \u00c4nderung, Ver\u00f6ffentlichung und Anpassung aller oder eines Teils der Elemente der Website, unabh\u00e4ngig von den verwendeten Mitteln oder Verfahren, ist ohne vorherige schriftliche Genehmigung des Autors untersagt.<\/p>\n\n\n\n<p>Jede nicht genehmigte Nutzung der Website oder eines ihrer Elemente gilt als F\u00e4lschung und wird strafrechtlich verfolgt.<\/p>\n\n\n\n<p>Die auf der Website abgebildeten Marken und Logos sind von den Unternehmen registriert, die ihre Eigent\u00fcmer sind.<\/p>\n\n\n\n<h2 class=\"wp-block-heading\">LINKS<\/h2>\n\n\n\n<p><strong>Ausgehende Links<\/strong><\/p>\n\n\n\n<p>Der Eigent\u00fcmer der Website lehnt jede Haftung ab und ist nicht verpflichtet, \u00fcber Hypertext-Links auf Ressourcen Dritter im Internet zu verweisen, sowohl in Bezug auf deren Inhalt als auch auf deren Relevanz.<\/p>\n\n\n\n<p><strong>Eingehende Links<\/strong><\/p>\n\n\n\n<p>Der Eigent\u00fcmer der Website gestattet Hypertext-Links zu einer der Seiten dieser Website, sofern diese ein neues Fenster \u00f6ffnen und unmissverst\u00e4ndlich dargestellt werden, um zu verhindern, dass :<\/p>\n\n\n\n<ul class=\"wp-block-list\">\n<li>jegliche Verwechslungsgefahr zwischen der zitierenden Website und dem Eigent\u00fcmer der Website<\/li>\n\n\n\n<li>sowie jede tendenzi\u00f6se oder gegen das geltende Recht versto\u00dfende Darstellung.<\/li>\n<\/ul>\n\n\n\n<p>Der Eigent\u00fcmer der Website beh\u00e4lt sich das Recht vor, die Entfernung eines Links zu verlangen, wenn er der Ansicht ist, dass die Quellsite die hier festgelegten Regeln nicht einh\u00e4lt.<\/p>\n\n\n\n<h2 class=\"wp-block-heading\">DATENSCHUTZ<\/h2>\n\n\n\n<p>Jeder Nutzer hat das Recht auf Zugang, Berichtigung und Widerspruch zu den ihn betreffenden pers\u00f6nlichen Daten, indem er einen schriftlichen und unterschriebenen Antrag zusammen mit einem Identit\u00e4tsnachweis stellt.<\/p>\n\n\n\n<h2 class=\"wp-block-heading\">OMBUDSMANN F\u00dcR VERBRAUCHERFRAGEN<\/h2>\n\n\n\n<p>Gem\u00e4\u00df Artikel L 612-1 des Verbraucherschutzgesetzes hat jeder Kunde des Campingplatzes das Recht, sich kostenlos an einen Verbraucherschlichter zu wenden, um einen Streitfall mit dem Betreiber des Platzes g\u00fctlich beizulegen.<\/p>\n\n\n\n<p>Die Plattform zur Beilegung von Streitigkeiten: <a href=\"https:\/\/ec.europa.eu\/consumers\/odr\/main\/index.cfm?event=main.home2.show&amp;lng=FR\">https:\/\/ec.europa.eu\/consumers\/odr\/main\/index.cfm?event=main.home2.show&amp;lng=FR<\/a><\/p>\n\n\n\n<h2 class=\"wp-block-heading\">CREDITS<\/h2>\n\n\n\n<p class=\"has-text-align-left\"><strong>Campingplatz Ker Helen<br\/>Horizon Marketing<br\/>Adobe Stock<\/strong><\/p>\n<\/div>\n<\/div>\n<\/div>\n\n\n\n<div style=\"height:200px\" aria-hidden=\"true\" class=\"wp-block-spacer\"><\/div>\n<\/div>\n<\/div><\/div>\n","protected":false},"excerpt":{"rendered":"<p>Rechtliche Hinweise<\/p>\n","protected":false},"author":1,"featured_media":0,"parent":0,"menu_order":84,"comment_status":"closed","ping_status":"closed","template":"page-no-title","meta":{"_acf_changed":false,"_seopress_robots_primary_cat":"","_seopress_titles_title":"Rechtliche Hinweise | Camping Ker Helen am Becken von Arcachon","_seopress_titles_desc":"Impressum der Internetseite des 4-Sterne-Campingplatzes Ker Helen am Bassin d'Arcachon in der Gironde (33).","_seopress_robots_index":"","footnotes":""},"class_list":["post-3616","page","type-page","status-publish","hentry"],"acf":[],"_links":{"self":[{"href":"https:\/\/www.kerhelen.com\/de\/wp-json\/wp\/v2\/pages\/3616","targetHints":{"allow":["GET"]}}],"collection":[{"href":"https:\/\/www.kerhelen.com\/de\/wp-json\/wp\/v2\/pages"}],"about":[{"href":"https:\/\/www.kerhelen.com\/de\/wp-json\/wp\/v2\/types\/page"}],"author":[{"embeddable":true,"href":"https:\/\/www.kerhelen.com\/de\/wp-json\/wp\/v2\/users\/1"}],"replies":[{"embeddable":true,"href":"https:\/\/www.kerhelen.com\/de\/wp-json\/wp\/v2\/comments?post=3616"}],"version-history":[{"count":1,"href":"https:\/\/www.kerhelen.com\/de\/wp-json\/wp\/v2\/pages\/3616\/revisions"}],"predecessor-version":[{"id":3618,"href":"https:\/\/www.kerhelen.com\/de\/wp-json\/wp\/v2\/pages\/3616\/revisions\/3618"}],"wp:attachment":[{"href":"https:\/\/www.kerhelen.com\/de\/wp-json\/wp\/v2\/media?parent=3616"}],"curies":[{"name":"wp","href":"https:\/\/api.w.org\/{rel}","templated":true}]}}