{"id":3629,"date":"2026-01-22T17:29:51","date_gmt":"2026-01-22T16:29:51","guid":{"rendered":"https:\/\/www.kerhelen.com\/spezieller-gruppenaufenthalt\/"},"modified":"2026-02-23T14:02:07","modified_gmt":"2026-02-23T13:02:07","slug":"spezieller-gruppenaufenthalt","status":"publish","type":"page","link":"https:\/\/www.kerhelen.com\/de\/spezieller-gruppenaufenthalt\/","title":{"rendered":"Spezieller Gruppenaufenthalt"},"content":{"rendered":"\n<div class=\"wp-block-group alignfull hrz-hero-4 swiper swiper-slider-6-hero has-global-padding is-layout-constrained wp-container-core-group-is-layout-481dc8fc wp-block-group-is-layout-constrained\" style=\"margin-top:0;margin-bottom:0;padding-top:0;padding-right:0;padding-bottom:0;padding-left:0\">\n<div class=\"wp-block-group alignfull hrz-hero-4-content has-background has-global-padding is-layout-constrained wp-container-core-group-is-layout-187a3841 wp-block-group-is-layout-constrained\" style=\"background:linear-gradient(0deg,rgba(0,0,0,0.62) 2%,rgba(0,0,0,0.01) 57%);padding-right:var(--wp--preset--spacing--l);padding-left:var(--wp--preset--spacing--l)\">\n<div class=\"wp-block-group is-layout-flow wp-block-group-is-layout-flow\">\n<figure class=\"wp-block-image aligncenter size-logo_footer\"><img alt=\"\" loading=\"lazy\" decoding=\"async\" width=\"200\" height=\"220\" src=\"https:\/\/www.kerhelen.com\/wp-content\/uploads\/2026\/01\/logo-200x220.webp\" alt=\"\" class=\"wp-image-229\"\/><\/figure>\n<\/div>\n\n\n\n<div class=\"wp-block-group has-real-white-color has-text-color has-link-color wp-elements-7d40645b4a21a9d8ede2af35d527d2b3 is-layout-flow wp-block-group-is-layout-flow\">\n<h1 class=\"wp-block-heading has-text-align-center has-real-white-color has-text-color has-link-color has-tertiary-font-family has-xxxl-font-size wp-elements-ac05e8cba97ec6b033b7bf4400bec85d\">Empfang von Gruppen auf dem Bassin d&#8217;Arcachon<\/h1>\n\n\n\n<p class=\"has-text-align-center is-style-title-below has-real-white-color has-text-color has-link-color has-xxxxxl-font-size wp-elements-a33425877a72f9eaa8d6e0568f6b5a52 is-style-title-below--1\">Aufnahme Ihrer kollektiven Projekte<\/p>\n<\/div>\n\n\n\n<div class=\"wp-block-group pagination is-content-justification-center is-nowrap is-layout-flex wp-container-core-group-is-layout-dae12945 wp-block-group-is-layout-flex\" style=\"padding-top:var(--wp--preset--spacing--m);padding-left:0\">\n<div class=\"wp-block-group hrz-slider-6-pagination hrz-slider-dots has-global-padding is-content-justification-center is-layout-constrained wp-block-group-is-layout-constrained\" style=\"border-radius:8px\"><\/div>\n<\/div>\n<\/div>\n\n\n\n<div class=\"wp-block-group alignfull swiper-wrapper is-nowrap is-layout-flex wp-container-core-group-is-layout-879c0eda wp-block-group-is-layout-flex\" style=\"margin-top:0;margin-bottom:0;padding-top:0;padding-right:0;padding-bottom:0;padding-left:0\">\n<div class=\"wp-block-group swiper-slide has-global-padding is-layout-constrained wp-block-group-is-layout-constrained\">\n<figure class=\"wp-block-image alignfull size-4\/3_2560x1920\" style=\"margin-top:0;margin-right:0;margin-bottom:0;margin-left:0\"><img alt=\"Terrasse couverte avec tables et chaises blanches\" loading=\"lazy\" decoding=\"async\" width=\"2560\" height=\"1920\" src=\"https:\/\/www.kerhelen.com\/wp-content\/uploads\/2026\/02\/groupes-camping-ker-helen-bassin-arcachon_01-2560x1920.webp\" alt=\"\" class=\"wp-image-1347\" srcset=\"https:\/\/www.kerhelen.com\/wp-content\/uploads\/2026\/02\/groupes-camping-ker-helen-bassin-arcachon_01-2560x1920.webp 2560w, https:\/\/www.kerhelen.com\/wp-content\/uploads\/2026\/02\/groupes-camping-ker-helen-bassin-arcachon_01-300x225.webp 300w, https:\/\/www.kerhelen.com\/wp-content\/uploads\/2026\/02\/groupes-camping-ker-helen-bassin-arcachon_01-1024x768.webp 1024w, https:\/\/www.kerhelen.com\/wp-content\/uploads\/2026\/02\/groupes-camping-ker-helen-bassin-arcachon_01-768x576.webp 768w, https:\/\/www.kerhelen.com\/wp-content\/uploads\/2026\/02\/groupes-camping-ker-helen-bassin-arcachon_01-1440x1080.webp 1440w, https:\/\/www.kerhelen.com\/wp-content\/uploads\/2026\/02\/groupes-camping-ker-helen-bassin-arcachon_01-720x540.webp 720w, https:\/\/www.kerhelen.com\/wp-content\/uploads\/2026\/02\/groupes-camping-ker-helen-bassin-arcachon_01-320x240.webp 320w, https:\/\/www.kerhelen.com\/wp-content\/uploads\/2026\/02\/groupes-camping-ker-helen-bassin-arcachon_01-160x120.webp 160w\" sizes=\"auto, (max-width: 2560px) 100vw, 2560px\" \/><\/figure>\n<\/div>\n<\/div>\n<\/div>\n\n<div class=\"wp-block-cover alignfull overflow-visible has-paragraph-color has-text-color has-link-color wp-elements-1872a84b38194a06aca14037db0d64d7\" style=\"padding-right:0;padding-left:0\"><img alt=\"\" decoding=\"async\" class=\"wp-block-cover__image-background wp-image-58 size-full\" alt=\"\" src=\"https:\/\/www.kerhelen.com\/wp-content\/uploads\/2026\/01\/background-hibiscus.svg\" data-object-fit=\"cover\"\/><span aria-hidden=\"true\" class=\"wp-block-cover__background has-background-dim-60 has-background-dim wp-block-cover__gradient-background has-background-gradient\" style=\"background:linear-gradient(0deg,rgb(255,251,240) 0%,rgba(255,251,240,0.02) 100%)\"><\/span><div class=\"wp-block-cover__inner-container has-global-padding is-layout-constrained wp-container-core-cover-is-layout-7db9d80f wp-block-cover-is-layout-constrained\">\n<div class=\"wp-block-group alignfull is-relative is-layout-flow wp-block-group-is-layout-flow\">\n<div class=\"wp-block-group palm palm-top-right has-global-padding is-layout-constrained wp-container-core-group-is-layout-d9684685 wp-block-group-is-layout-constrained\">\n<figure class=\"wp-block-image size-3\/4_600x800_desktop\"><img alt=\"\" decoding=\"async\" src=\"https:\/\/www.kerhelen.com\/wp-content\/uploads\/2026\/01\/palm-reverse-600x800.webp\" alt=\"\" class=\"wp-image-334\"\/><\/figure>\n<\/div>\n\n\n<div style=\"margin-top:var(--wp--preset--spacing--xxxl);margin-left:var(--wp--preset--spacing--xxxl);\" class=\"alignleft wp-elements-4690a470cdfde080797342c6ad8439fe wp-block-wpseopress-breadcrumbs has-text-color has-tertiary-color\"><nav  aria-label=\"breadcrumb\"><ol class=\"breadcrumb\" itemscope itemtype=\"https:\/\/schema.org\/BreadcrumbList\"><li class=\"breadcrumb-item active\" aria-current=\"page\" itemprop=\"itemListElement\" itemscope itemtype=\"https:\/\/schema.org\/ListItem\"><span itemprop=\"name\">Camping sur le Bassin d&#8217;Arcachon<\/span><meta itemprop=\"position\" content=\"1\"><\/li><\/ol><\/nav><\/div>\n\n\n<div style=\"height:180px\" aria-hidden=\"true\" class=\"wp-block-spacer\"><\/div>\n\n\n\n<div class=\"wp-block-group z-1 has-global-padding is-layout-constrained wp-container-core-group-is-layout-5df54855 wp-block-group-is-layout-constrained\" style=\"padding-right:var(--wp--preset--spacing--xxl);padding-left:var(--wp--preset--spacing--xxl)\">\n<div class=\"wp-block-group fade has-global-padding is-layout-constrained wp-container-core-group-is-layout-ac9039ec wp-block-group-is-layout-constrained\">\n<div class=\"wp-block-group has-global-padding is-layout-constrained wp-block-group-is-layout-constrained\">\n<figure class=\"wp-block-image aligncenter size-full\"><img alt=\"Symbole graphique rouge en forme de fleur.\" loading=\"lazy\" decoding=\"async\" width=\"50\" height=\"50\" src=\"https:\/\/www.kerhelen.com\/wp-content\/uploads\/2026\/02\/hibiscuslogo-1-1.webp\" alt=\"\" class=\"wp-image-2176\"\/><\/figure>\n<\/div>\n\n\n\n<div class=\"wp-block-group has-global-padding is-layout-constrained wp-block-group-is-layout-constrained\">\n<p class=\"has-text-align-center\">Auf dem Campingplatz Ker Helen geh\u00f6ren die &#8220;Gruppenaufenthalte&#8221; zu den Angeboten f\u00fcr gemeinsame Erlebnisse in einem geselligen Rahmen. Diese Aufenthalte sind f\u00fcr verschiedene Arten von Gruppen gedacht, wie Hochzeiten, Sportvereine, Geburtstage oder Seminare. Der Empfang von Gruppen wird ab 20 Personen in bestimmten Zeitr\u00e4umen von April bis Juni sowie in den Monaten September und Oktober angeboten. Vor Ort k\u00f6nnen die Gruppen direkt auf dem Campingplatz untergebracht werden und von allen verf\u00fcgbaren Dienstleistungen und Einrichtungen profitieren. Unser <strong><a href=\"https:\/\/www.kerhelen.com\/de\/\" data-type=\"page\" data-id=\"4\">Campingplatz liegt an der Bucht von Arcachon.<\/a><\/strong>Der Campingplatz liegt in der N\u00e4he der C\u00f4te d&#8217;Argent und bietet eine Umgebung, in der man sich wiedersehen und austauschen kann, in einem famili\u00e4ren Geist, getreu unserem Slogan: &#8220;Ihr Garten am Ozean&#8221;.    <\/p>\n<\/div>\n<\/div>\n<\/div>\n\n\n\n<div style=\"height:200px\" aria-hidden=\"true\" class=\"wp-block-spacer\"><\/div>\n<\/div>\n<\/div><\/div>\n\n<div class=\"wp-block-group alignfull lab-bloc-5 is-layout-flow wp-block-group-is-layout-flow\" style=\"padding-top:var(--wp--preset--spacing--xxl);padding-bottom:var(--wp--preset--spacing--xxl)\">\n<div class=\"wp-block-columns alignfull are-vertically-aligned-center hrz-responsive-col hrz-reponsive-order is-style-hrz-reponsive-order is-layout-flex wp-container-core-columns-is-layout-7ba40418 wp-block-columns-is-layout-flex\" style=\"margin-top:0;margin-bottom:0;padding-top:0;padding-right:0;padding-bottom:0;padding-left:0\">\n<div class=\"wp-block-column is-vertically-aligned-center from-left has-global-padding is-content-justification-right is-layout-constrained wp-container-core-column-is-layout-abab902c wp-block-column-is-layout-constrained\" style=\"padding-top:0;padding-right:var(--wp--preset--spacing--xxl);padding-bottom:0;padding-left:var(--wp--preset--spacing--xxl);flex-basis:57%\">\n<div class=\"wp-block-group has-global-padding is-layout-constrained wp-block-group-is-layout-constrained\">\n<h2 class=\"wp-block-heading is-style-top-title-deco is-style-top-title-deco--2\">Unterk\u00fcnfte und Empfang von Gruppen<\/h2>\n\n\n\n<p class=\"is-style-title-below is-style-title-below--3\">Einfach zusammen schlafen<\/p>\n<\/div>\n\n\n\n<div class=\"wp-block-group has-global-padding is-content-justification-left is-layout-constrained wp-container-core-group-is-layout-28e60399 wp-block-group-is-layout-constrained\">\n<p style=\"margin-bottom:var(--wp--preset--spacing--xxl)\">Gruppen, die auf Camping Ker Helen empfangen werden, k\u00f6nnen in verschiedenen Arten von Unterk\u00fcnften untergebracht werden. Es gibt Bungalows, Chalets und Mobilheime, so dass jeder eine passende Unterkunft f\u00fcr seinen Aufenthalt finden kann.   <br\/><br\/>Der Campingplatz wurde 1965 gegr\u00fcndet und 1996 in Familienbesitz \u00fcbernommen. Er verf\u00fcgt \u00fcber eine lange Erfahrung im Empfang von Urlaubern mit unterschiedlichen Profilen. Er ist seit November 2011 mit 4 Sternen ausgezeichnet und bietet auch Stellpl\u00e4tze, eingerichtete Zelte, Unterk\u00fcnfte f\u00fcr Behinderte, Kenia Lodge, Robinson Lodge und MH One Night mit Hotelservice.   <br\/><br\/>Der Gruppenempfang ist Teil dieses Gesamtangebots, ohne ganzj\u00e4hrige Bewohner und mit einer \u00d6ffnung der Einrichtung ab dem 04.04.2026. Hier k\u00f6nnen alle gemeinsam wohnen und die Umgebung des Campingplatzes genie\u00dfen. <\/p>\n<\/div>\n<\/div>\n\n\n\n<div class=\"wp-block-column is-vertically-aligned-center from-right is-layout-flow wp-block-column-is-layout-flow\" style=\"flex-basis:43%\">\n<div class=\"wp-block-group border-left-img is-style-flower-left has-global-padding is-content-justification-right is-layout-constrained wp-container-core-group-is-layout-f1f2ed93 wp-block-group-is-layout-constrained is-style-flower-left--4\" style=\"border-top-left-radius:200px;border-bottom-left-radius:200px\">\n<figure class=\"wp-block-image alignwide size-1\/1_1000x1000_desktop has-custom-border\"><a href=\"https:\/\/www.kerhelen.com\/wp-content\/uploads\/2026\/02\/chalets-camping-ker-helen-bassin-arcachon_02-scaled.webp\" rel=\"slider-image-2\"><img loading=\"lazy\" decoding=\"async\" width=\"1000\" height=\"1000\" src=\"https:\/\/www.kerhelen.com\/wp-content\/uploads\/2026\/02\/chalets-camping-ker-helen-bassin-arcachon_02-1000x1000.webp\" alt=\"Holzchalet mit Au&#xDF;enterrasse.\" class=\"wp-image-1387\" style=\"border-top-left-radius:200px;border-bottom-left-radius:200px\" srcset=\"https:\/\/www.kerhelen.com\/wp-content\/uploads\/2026\/02\/chalets-camping-ker-helen-bassin-arcachon_02-1000x1000.webp 1000w, https:\/\/www.kerhelen.com\/wp-content\/uploads\/2026\/02\/chalets-camping-ker-helen-bassin-arcachon_02-150x150.webp 150w, https:\/\/www.kerhelen.com\/wp-content\/uploads\/2026\/02\/chalets-camping-ker-helen-bassin-arcachon_02-600x600.webp 600w, https:\/\/www.kerhelen.com\/wp-content\/uploads\/2026\/02\/chalets-camping-ker-helen-bassin-arcachon_02-400x400.webp 400w, https:\/\/www.kerhelen.com\/wp-content\/uploads\/2026\/02\/chalets-camping-ker-helen-bassin-arcachon_02-200x200.webp 200w, https:\/\/www.kerhelen.com\/wp-content\/uploads\/2026\/02\/chalets-camping-ker-helen-bassin-arcachon_02-100x100.webp 100w\" sizes=\"auto, (max-width: 1000px) 100vw, 1000px\" \/><\/a><\/figure>\n<\/div>\n<\/div>\n<\/div>\n\n\n\n<div style=\"height:200px\" aria-hidden=\"true\" class=\"wp-block-spacer\"><\/div>\n<\/div>\n\n<div class=\"wp-block-group alignfull hrz-galerie-1 has-global-padding is-layout-constrained wp-block-group-is-layout-constrained\">\n<div class=\"wp-block-cover alignfull hrz-galerie-1-cover\" style=\"padding-top:var(--wp--preset--spacing--xxxxxl);padding-right:var(--wp--preset--spacing--xxl);padding-bottom:var(--wp--preset--spacing--xxxxxl);padding-left:var(--wp--preset--spacing--xxl)\"><img alt=\"Grande paella aux fruits de mer en terrasse.\" loading=\"lazy\" decoding=\"async\" width=\"2560\" height=\"1440\" class=\"wp-block-cover__image-background wp-image-1349 size-16\/9_2560x1440_desktop\" alt=\"\" src=\"https:\/\/www.kerhelen.com\/wp-content\/uploads\/2026\/02\/groupes-camping-ker-helen-bassin-arcachon_02-2560x1440.webp\" style=\"object-position:53% 98%\" data-object-fit=\"cover\" data-object-position=\"53% 98%\" srcset=\"https:\/\/www.kerhelen.com\/wp-content\/uploads\/2026\/02\/groupes-camping-ker-helen-bassin-arcachon_02-2560x1440.webp 2560w, https:\/\/www.kerhelen.com\/wp-content\/uploads\/2026\/02\/groupes-camping-ker-helen-bassin-arcachon_02-1920x1080.webp 1920w, https:\/\/www.kerhelen.com\/wp-content\/uploads\/2026\/02\/groupes-camping-ker-helen-bassin-arcachon_02-1440x810.webp 1440w, https:\/\/www.kerhelen.com\/wp-content\/uploads\/2026\/02\/groupes-camping-ker-helen-bassin-arcachon_02-1366x768.webp 1366w, https:\/\/www.kerhelen.com\/wp-content\/uploads\/2026\/02\/groupes-camping-ker-helen-bassin-arcachon_02-1024x576.webp 1024w, https:\/\/www.kerhelen.com\/wp-content\/uploads\/2026\/02\/groupes-camping-ker-helen-bassin-arcachon_02-800x450.webp 800w, https:\/\/www.kerhelen.com\/wp-content\/uploads\/2026\/02\/groupes-camping-ker-helen-bassin-arcachon_02-640x360.webp 640w, https:\/\/www.kerhelen.com\/wp-content\/uploads\/2026\/02\/groupes-camping-ker-helen-bassin-arcachon_02-375x210.webp 375w, https:\/\/www.kerhelen.com\/wp-content\/uploads\/2026\/02\/groupes-camping-ker-helen-bassin-arcachon_02-200x112.webp 200w, https:\/\/www.kerhelen.com\/wp-content\/uploads\/2026\/02\/groupes-camping-ker-helen-bassin-arcachon_02-100x56.webp 100w\" sizes=\"auto, (max-width: 2560px) 100vw, 2560px\" \/><span aria-hidden=\"true\" class=\"wp-block-cover__background has-real-black-background-color has-background-dim\"><\/span><div class=\"wp-block-cover__inner-container has-global-padding is-layout-constrained wp-container-core-cover-is-layout-fb961e05 wp-block-cover-is-layout-constrained\">\n<figure class=\"wp-block-image aligncenter size-full\"><img alt=\"Symbole graphique rouge en forme de fleur.\" loading=\"lazy\" decoding=\"async\" width=\"50\" height=\"50\" src=\"https:\/\/www.kerhelen.com\/wp-content\/uploads\/2026\/02\/hibiscuslogo-1-1.webp\" alt=\"\" class=\"wp-image-2176\"\/><\/figure>\n\n\n\n<h2 class=\"wp-block-heading has-text-align-center is-style-top-title has-real-white-color has-text-color has-link-color has-xxxl-font-size wp-elements-594a4dd86761032fe16beb3188800e29 is-style-top-title--5\">Verpflegung und Dienstleistungen \u00e0 la carte<\/h2>\n\n\n\n<p class=\"has-text-align-center is-style-title-below has-real-white-color has-text-color has-link-color has-xxxxxl-font-size wp-elements-a53857768a477a88718607dcca0340c1 is-style-title-below--6\" style=\"padding-bottom:var(--wp--preset--spacing--xxl)\">Budgetgerechte Mahlzeiten<\/p>\n\n\n\n<p class=\"has-text-align-center has-real-white-color has-text-color has-link-color wp-elements-881ef71d4512b99b9a64fe36114f539a\">F\u00fcr spezielle Gruppenaufenthalte organisiert Camping Ker Helen Mahlzeiten, die dem Budget der Gruppen angepasst sind. Es gibt verschiedene M\u00f6glichkeiten, sich zu verpflegen, um den Bed\u00fcrfnissen und W\u00fcnschen aller gerecht zu werden. Auf dem Campingplatz gibt es ein Restaurant, eine Bar, ein Angebot an Speisen zum Mitnehmen und einen kleinen Lebensmittelladen. F\u00fcr Gruppen werden auch Dienstleistungen \u00e0 la carte angeboten, die eine gewisse Flexibilit\u00e4t bei der Organisation des Aufenthalts bieten.     <br\/><br\/>Die Rezeption, die von 8:30 bis 20:00 Uhr ge\u00f6ffnet ist, hilft den Gruppen bei der Begr\u00fc\u00dfung, w\u00e4hrend verschiedene Zahlungsmittel akzeptiert werden, darunter ANCV Ch\u00e8que Vacances, CB Visa, MasterCard, Scheck, VACAF und Bank\u00fcberweisung. Die Vermietung von \u00dcbernachtungsm\u00f6glichkeiten rundet den Service ab. <\/p>\n<\/div><\/div>\n<\/div>\n\n<div class=\"wp-block-group alignfull is-relative has-global-padding is-layout-constrained wp-container-core-group-is-layout-5df54855 wp-block-group-is-layout-constrained\" style=\"padding-right:var(--wp--preset--spacing--xxl);padding-left:var(--wp--preset--spacing--xxl)\">\n<div style=\"height:200px\" aria-hidden=\"true\" class=\"wp-block-spacer\"><\/div>\n\n\n\n<div class=\"wp-block-group palm palm-top-right has-global-padding is-layout-constrained wp-container-core-group-is-layout-d9684685 wp-block-group-is-layout-constrained\">\n<figure class=\"wp-block-image size-3\/4_600x800_desktop\"><img alt=\"\" decoding=\"async\" src=\"https:\/\/www.kerhelen.com\/wp-content\/uploads\/2026\/01\/palm-reverse-600x800.webp\" alt=\"\" class=\"wp-image-334\"\/><\/figure>\n<\/div>\n\n\n\n<div class=\"wp-block-columns alignwide are-vertically-aligned-center hrz-responsive-col hrz-reponsive-order z-1 is-style-default is-layout-flex wp-container-core-columns-is-layout-4dbf12e8 wp-block-columns-is-layout-flex\" style=\"margin-top:0;margin-bottom:0;padding-top:0;padding-right:0;padding-bottom:0;padding-left:0\">\n<div class=\"wp-block-column is-vertically-aligned-center from-left has-global-padding is-content-justification-right is-layout-constrained wp-container-core-column-is-layout-6bada79a wp-block-column-is-layout-constrained\" style=\"padding-top:0;padding-right:0;padding-bottom:0;padding-left:0;flex-basis:55%\">\n<div class=\"wp-block-group has-global-padding is-layout-constrained wp-block-group-is-layout-constrained\">\n<h2 class=\"wp-block-heading is-style-top-title-deco is-style-top-title-deco--7\">Gemeinsame R\u00e4ume, Einrichtungen und Momente<\/h2>\n\n\n\n<p class=\"is-style-title-below is-style-title-below--8\" style=\"margin-bottom:var(--wp--preset--spacing--xxl)\">Sich treffen und austauschen<\/p>\n<\/div>\n\n\n\n<div class=\"wp-block-group has-global-padding is-layout-constrained wp-block-group-is-layout-constrained\">\n<p>Gruppen haben w\u00e4hrend ihres gesamten Aufenthalts Zugang zu den Einrichtungen und Dienstleistungen des Campingplatzes. Ein Raum ist f\u00fcr Abendveranstaltungen oder Gruppentreffen reserviert, so dass Sie die M\u00f6glichkeit haben, gemeinsame Aktivit\u00e4ten vor Ort zu organisieren.   <br\/><br\/>Die Einrichtungen umfassen einen Wasserbereich mit zwei Becken, einen beheizten Pool (27\u00b0C), der vom 1. Mai bis zum 30. September ge\u00f6ffnet ist, sowie einen Sportplatz und einen Spielplatz.  <br\/><br\/>Gruppen k\u00f6nnen auch das Unterhaltungsangebot vor Ort nutzen, wie Themenabende, Musikgruppen oder DJs, sowie die sportlichen Aktivit\u00e4ten. Der Fahrradverleih und die N\u00e4he zu den Aktivit\u00e4ten rund um das Bassin d&#8217;Arcachon, wie Radfahren, Wandern oder Bootfahren, runden das Gemeinschaftserlebnis auf Camping Ker Helen ab. <\/p>\n<\/div>\n<\/div>\n\n\n\n<div class=\"wp-block-column is-vertically-aligned-center from-right has-global-padding is-content-justification-center is-layout-constrained wp-container-core-column-is-layout-55e82b3a wp-block-column-is-layout-constrained\" style=\"flex-basis:45%\">\n<div class=\"wp-block-group is-style-flower-left has-global-padding is-layout-constrained wp-block-group-is-layout-constrained is-style-flower-left--9\">\n<figure class=\"wp-block-image size-3\/4_600x800_desktop is-style-rounded is-style-rounded--10\"><a href=\"https:\/\/www.kerhelen.com\/wp-content\/uploads\/2026\/02\/groupes-camping-ker-helen-bassin-arcachon_04-scaled.webp\" rel=\"animations\"><img alt=\"Piscine ext\u00e9rieure avec transats et palmiers\" loading=\"lazy\" decoding=\"async\" width=\"600\" height=\"800\" src=\"https:\/\/www.kerhelen.com\/wp-content\/uploads\/2026\/02\/groupes-camping-ker-helen-bassin-arcachon_04-600x800.webp\" alt=\"\" class=\"wp-image-1346\" srcset=\"https:\/\/www.kerhelen.com\/wp-content\/uploads\/2026\/02\/groupes-camping-ker-helen-bassin-arcachon_04-600x800.webp 600w, https:\/\/www.kerhelen.com\/wp-content\/uploads\/2026\/02\/groupes-camping-ker-helen-bassin-arcachon_04-750x1000.webp 750w, https:\/\/www.kerhelen.com\/wp-content\/uploads\/2026\/02\/groupes-camping-ker-helen-bassin-arcachon_04-375x500.webp 375w, https:\/\/www.kerhelen.com\/wp-content\/uploads\/2026\/02\/groupes-camping-ker-helen-bassin-arcachon_04-133x177.webp 133w\" sizes=\"auto, (max-width: 600px) 100vw, 600px\" \/><\/a><\/figure>\n<\/div>\n<\/div>\n<\/div>\n\n\n\n<div style=\"height:200px\" aria-hidden=\"true\" class=\"wp-block-spacer\"><\/div>\n<\/div>\n","protected":false},"excerpt":{"rendered":"<p>Empfang von Gruppen auf dem Bassin d&#8217;Arcachon Aufnahme Ihrer kollektiven Projekte Unterk\u00fcnfte und Empfang von Gruppen Einfach zusammen schlafen Gruppen, die auf Camping Ker Helen empfangen werden, k\u00f6nnen in verschiedenen Arten von Unterk\u00fcnften untergebracht werden. Es gibt Bungalows, Chalets und Mobilheime, so dass jeder eine passende Unterkunft f\u00fcr seinen Aufenthalt finden kann. Der Campingplatz wurde [&hellip;]<\/p>\n","protected":false},"author":1,"featured_media":0,"parent":0,"menu_order":19,"comment_status":"closed","ping_status":"closed","template":"page-no-title","meta":{"_acf_changed":false,"_seopress_robots_primary_cat":"","_seopress_titles_title":"Home Gruppe Bassin d'Arcachon | Seminare, Hochzeiten, Vermietung von R\u00e4umen","_seopress_titles_desc":"Organisieren Sie Ihren Gruppenaufenthalt in der Bucht von Arcachon. Hochzeiten, Clubs und Seminare ab 20 Personen. Unterkunft und Saalvermietung in Le Teich.  ","_seopress_robots_index":"","footnotes":""},"class_list":["post-3629","page","type-page","status-publish","hentry"],"acf":[],"_links":{"self":[{"href":"https:\/\/www.kerhelen.com\/de\/wp-json\/wp\/v2\/pages\/3629","targetHints":{"allow":["GET"]}}],"collection":[{"href":"https:\/\/www.kerhelen.com\/de\/wp-json\/wp\/v2\/pages"}],"about":[{"href":"https:\/\/www.kerhelen.com\/de\/wp-json\/wp\/v2\/types\/page"}],"author":[{"embeddable":true,"href":"https:\/\/www.kerhelen.com\/de\/wp-json\/wp\/v2\/users\/1"}],"replies":[{"embeddable":true,"href":"https:\/\/www.kerhelen.com\/de\/wp-json\/wp\/v2\/comments?post=3629"}],"version-history":[{"count":1,"href":"https:\/\/www.kerhelen.com\/de\/wp-json\/wp\/v2\/pages\/3629\/revisions"}],"predecessor-version":[{"id":3635,"href":"https:\/\/www.kerhelen.com\/de\/wp-json\/wp\/v2\/pages\/3629\/revisions\/3635"}],"wp:attachment":[{"href":"https:\/\/www.kerhelen.com\/de\/wp-json\/wp\/v2\/media?parent=3629"}],"curies":[{"name":"wp","href":"https:\/\/api.w.org\/{rel}","templated":true}]}}