{"id":3657,"date":"2026-01-22T17:31:16","date_gmt":"2026-01-22T16:31:16","guid":{"rendered":"https:\/\/www.kerhelen.com\/personen-mit-eingeschraenkter-mobilitaet\/"},"modified":"2026-02-23T15:47:09","modified_gmt":"2026-02-23T14:47:09","slug":"personen-mit-eingeschraenkter-mobilitaet","status":"publish","type":"page","link":"https:\/\/www.kerhelen.com\/de\/personen-mit-eingeschraenkter-mobilitaet\/","title":{"rendered":"Personen mit eingeschr\u00e4nkter Mobilit\u00e4t"},"content":{"rendered":"\n<div class=\"wp-block-cover alignfull\" style=\"padding-right:var(--wp--preset--spacing--xxl);padding-left:var(--wp--preset--spacing--xxl)\"><img alt=\"Terrasse ensoleill\u00e9e avec table en bois et chaises.\" loading=\"lazy\" decoding=\"async\" width=\"2560\" height=\"1440\" class=\"wp-block-cover__image-background wp-image-1371 size-16\/9_2560x1440_desktop\" alt=\"\" src=\"https:\/\/www.kerhelen.com\/wp-content\/uploads\/2026\/02\/Ker-Helen-Bassin-dArcachon-Cottage-life-exterieurs-4-2560x1440.webp\" data-object-fit=\"cover\" srcset=\"https:\/\/www.kerhelen.com\/wp-content\/uploads\/2026\/02\/Ker-Helen-Bassin-dArcachon-Cottage-life-exterieurs-4-2560x1440.webp 2560w, https:\/\/www.kerhelen.com\/wp-content\/uploads\/2026\/02\/Ker-Helen-Bassin-dArcachon-Cottage-life-exterieurs-4-1920x1080.webp 1920w, https:\/\/www.kerhelen.com\/wp-content\/uploads\/2026\/02\/Ker-Helen-Bassin-dArcachon-Cottage-life-exterieurs-4-1440x810.webp 1440w, https:\/\/www.kerhelen.com\/wp-content\/uploads\/2026\/02\/Ker-Helen-Bassin-dArcachon-Cottage-life-exterieurs-4-1366x768.webp 1366w, https:\/\/www.kerhelen.com\/wp-content\/uploads\/2026\/02\/Ker-Helen-Bassin-dArcachon-Cottage-life-exterieurs-4-1024x576.webp 1024w, https:\/\/www.kerhelen.com\/wp-content\/uploads\/2026\/02\/Ker-Helen-Bassin-dArcachon-Cottage-life-exterieurs-4-800x450.webp 800w, https:\/\/www.kerhelen.com\/wp-content\/uploads\/2026\/02\/Ker-Helen-Bassin-dArcachon-Cottage-life-exterieurs-4-640x360.webp 640w, https:\/\/www.kerhelen.com\/wp-content\/uploads\/2026\/02\/Ker-Helen-Bassin-dArcachon-Cottage-life-exterieurs-4-375x210.webp 375w, https:\/\/www.kerhelen.com\/wp-content\/uploads\/2026\/02\/Ker-Helen-Bassin-dArcachon-Cottage-life-exterieurs-4-200x112.webp 200w, https:\/\/www.kerhelen.com\/wp-content\/uploads\/2026\/02\/Ker-Helen-Bassin-dArcachon-Cottage-life-exterieurs-4-100x56.webp 100w\" sizes=\"auto, (max-width: 2560px) 100vw, 2560px\" \/><span aria-hidden=\"true\" class=\"wp-block-cover__background has-background-dim wp-block-cover__gradient-background has-background-gradient\" style=\"background:linear-gradient(0deg,rgba(0,0,0,0.96) 2%,rgba(0,0,0,0.01) 100%)\"><\/span><div class=\"wp-block-cover__inner-container is-layout-flow wp-block-cover-is-layout-flow\">\n<div class=\"wp-block-group alignfull hero-lab has-global-padding is-layout-constrained wp-container-core-group-is-layout-812dcb84 wp-block-group-is-layout-constrained\" style=\"padding-top:var(--wp--preset--spacing--xxxxxxl);padding-bottom:var(--wp--preset--spacing--xxxxxxl)\">\n<p class=\"has-text-align-center is-style-title-below has-white-color has-text-color has-link-color has-xxxxxl-font-size wp-elements-a69e65ce1bd9b302415c18790449425f is-style-title-below--1\" style=\"font-style:normal;font-weight:400\">Die PMR-Unterk\u00fcnfte auf dem Campingplatz Ker Helen<\/p>\n<\/div>\n<\/div><\/div>\n\n\n\n<div class=\"wp-block-group alignfull radial-left-top hrz-bloc-overflow-hidden is-layout-flow wp-block-group-is-layout-flow\"><div style=\"font-style:normal;font-weight:700; padding-top:1rem;padding-bottom:1rem;margin-top:0;margin-bottom:0;margin-left:var(--wp--preset--spacing--xxl);margin-right:var(--wp--preset--spacing--xxl);\" class=\"alignfull wp-elements-2bba1ce07117fd1bcba77fe5e2f28693 wp-block-wpseopress-breadcrumbs has-text-color has-tertiary-color has-xs-font-size\"><nav  aria-label=\"breadcrumb\"><ol class=\"breadcrumb\" itemscope itemtype=\"https:\/\/schema.org\/BreadcrumbList\"><li class=\"breadcrumb-item active\" aria-current=\"page\" itemprop=\"itemListElement\" itemscope itemtype=\"https:\/\/schema.org\/ListItem\"><span itemprop=\"name\">Camping sur le Bassin d&#8217;Arcachon<\/span><meta itemprop=\"position\" content=\"1\"><\/li><\/ol><\/nav><\/div>\n\n\n<div style=\"height:200px\" aria-hidden=\"true\" class=\"wp-block-spacer\"><\/div>\n\n\n\n<div class=\"wp-block-group alignwide has-global-padding is-layout-constrained wp-container-core-group-is-layout-071fe3a8 wp-block-group-is-layout-constrained\">\n<div class=\"wp-block-columns alignwide are-vertically-aligned-center hrz-responsive-col hrz-reponsive-order is-layout-flex wp-container-core-columns-is-layout-3f562962 wp-block-columns-is-layout-flex\" style=\"margin-top:0;margin-bottom:0;padding-top:0;padding-right:var(--wp--preset--spacing--xxl);padding-bottom:0;padding-left:var(--wp--preset--spacing--xxl)\">\n<div class=\"wp-block-column is-vertically-aligned-center is-layout-flow wp-block-column-is-layout-flow\">\n<figure class=\"wp-block-image size-3\/2_1440x960_desktop has-custom-border is-style-default\"><img alt=\"Salle de bain accessible, barres d&#039;appui bleues.\" loading=\"lazy\" decoding=\"async\" width=\"1440\" height=\"960\" src=\"https:\/\/www.kerhelen.com\/wp-content\/uploads\/2026\/02\/Ker-Helen-Bassin-dArcachon-Cottage-life-salle-de-bain-1440x960.webp\" alt=\"\" class=\"wp-image-1373\" style=\"border-top-left-radius:100px;border-top-right-radius:100px;border-bottom-left-radius:100px;border-bottom-right-radius:100px;aspect-ratio:4\/3;object-fit:cover\" srcset=\"https:\/\/www.kerhelen.com\/wp-content\/uploads\/2026\/02\/Ker-Helen-Bassin-dArcachon-Cottage-life-salle-de-bain-1440x960.webp 1440w, https:\/\/www.kerhelen.com\/wp-content\/uploads\/2026\/02\/Ker-Helen-Bassin-dArcachon-Cottage-life-salle-de-bain-300x200.webp 300w, https:\/\/www.kerhelen.com\/wp-content\/uploads\/2026\/02\/Ker-Helen-Bassin-dArcachon-Cottage-life-salle-de-bain-1024x683.webp 1024w, https:\/\/www.kerhelen.com\/wp-content\/uploads\/2026\/02\/Ker-Helen-Bassin-dArcachon-Cottage-life-salle-de-bain-768x512.webp 768w, https:\/\/www.kerhelen.com\/wp-content\/uploads\/2026\/02\/Ker-Helen-Bassin-dArcachon-Cottage-life-salle-de-bain-1080x720.webp 1080w, https:\/\/www.kerhelen.com\/wp-content\/uploads\/2026\/02\/Ker-Helen-Bassin-dArcachon-Cottage-life-salle-de-bain-720x480.webp 720w, https:\/\/www.kerhelen.com\/wp-content\/uploads\/2026\/02\/Ker-Helen-Bassin-dArcachon-Cottage-life-salle-de-bain-480x320.webp 480w, https:\/\/www.kerhelen.com\/wp-content\/uploads\/2026\/02\/Ker-Helen-Bassin-dArcachon-Cottage-life-salle-de-bain-240x160.webp 240w, https:\/\/www.kerhelen.com\/wp-content\/uploads\/2026\/02\/Ker-Helen-Bassin-dArcachon-Cottage-life-salle-de-bain-120x80.webp 120w\" sizes=\"auto, (max-width: 1440px) 100vw, 1440px\" \/><\/figure>\n<\/div>\n\n\n\n<div class=\"wp-block-column is-vertically-aligned-center is-layout-flow wp-block-column-is-layout-flow\" style=\"padding-top:0;padding-right:0;padding-bottom:0;padding-left:0\">\n<div class=\"wp-block-group has-background-color has-text-color has-link-color wp-elements-f6bf92bdda756ed9ae832918b3c1d040 is-vertical is-content-justification-left is-layout-flex wp-container-core-group-is-layout-dc8799cd wp-block-group-is-layout-flex\" style=\"margin-top:0;margin-bottom:0\">\n<div class=\"wp-block-group has-global-padding is-content-justification-right is-layout-constrained wp-container-core-group-is-layout-fcb26deb wp-block-group-is-layout-constrained\" style=\"padding-top:0;padding-right:0;padding-bottom:0;padding-left:0\">\n<h1 class=\"wp-block-heading has-text-align-left is-style-top-title-deco is-style-top-title-deco--2\">Vermietung einer Unterkunft f\u00fcr Behinderte in der Bucht von Arcachon<\/h1>\n\n\n\n<h2 class=\"wp-block-heading has-text-align-left is-style-headline is-style-title-below is-style-title-below--3\">Zug\u00e4ngliche und komfortable Unterk\u00fcnfte<\/h2>\n\n\n\n<p class=\"has-text-align-left\"><\/p>\n<\/div>\n\n\n\n<div class=\"wp-block-group has-real-black-color has-text-color has-link-color wp-elements-9d56832132110b3147421c23044da251 has-global-padding is-layout-constrained wp-container-core-group-is-layout-a9a72e34 wp-block-group-is-layout-constrained\">\n<p>Auf dem Campingplatz Ker Helen werden Unterk\u00fcnfte f\u00fcr Behinderte angeboten, damit jeder seinen Aufenthalt in vollen Z\u00fcgen genie\u00dfen kann. Diese Unterk\u00fcnfte sind f\u00fcr Personen mit eingeschr\u00e4nkter Mobilit\u00e4t oder \u00e4ltere Menschen gedacht und f\u00fcgen sich in das Gesamtangebot des Campingplatzes ein. <strong><a href=\"https:\/\/www.kerhelen.com\/de\/\" data-type=\"page\" data-id=\"4\">Campingplatzes an der Bucht von Arcachon.<\/a><\/strong>Die Unterkunft befindet sich in der Avenue de la C\u00f4te d&#8217;Argent. Die Unterk\u00fcnfte f\u00fcr Behinderte sind so konzipiert, dass sie einen fl\u00fcssigen Verkehr, einen einfachen Zugang und R\u00e4ume bieten, die f\u00fcr den Alltag geeignet sind. Sie erm\u00f6glichen einen Aufenthalt in einer nat\u00fcrlichen und geselligen Umgebung, w\u00e4hrend Sie die Dienstleistungen und Einrichtungen eines 4-Sterne-Campingplatzes nutzen k\u00f6nnen. Dieser Ansatz entspricht dem famili\u00e4ren und gastfreundlichen Geist des Campingplatzes Ker Helen.    <\/p>\n<\/div>\n<\/div>\n<\/div>\n<\/div>\n<\/div>\n<\/div>\n\n\n\n<div class=\"wp-block-group alignfull fade is-layout-flow wp-block-group-is-layout-flow\">\n<div style=\"height:200px\" aria-hidden=\"true\" class=\"wp-block-spacer\"><\/div>\n\n\n\n<div class=\"wp-block-group alignfull has-global-padding is-layout-constrained wp-container-core-group-is-layout-05cfd7e8 wp-block-group-is-layout-constrained\" style=\"padding-right:var(--wp--preset--spacing--l);padding-left:var(--wp--preset--spacing--l)\"><\/div>\n\n\n\n\t<div class=\"alignfull swiper-hebergement-static has-global-padding is-layout-constrained wp-container-horizon-blocks-query-camping-rest-static-is-layout-0faa5006 wp-block-horizon-blocks-query-camping-rest-static-is-layout-constrained\">\n\t\t<ul class=\"static-hebergement-listing swiper-wrapper\">\n\t\t\t<style>:root { \n\t\t\t\t--available-text-content-color: var(--wp--custom--color--card-product-content-price-available-paragraph);\n\t\t\t\t--available-btn-bg-color: var(--wp--custom--color--card-product-content-price-available-button-book-background);\n\t\t\t\t--available-btn-text-color: var(--wp--custom--color--card-product-content-price-available-button-book-paragraph);\n\t\t\t\t--available-btn-bg-hover-color: var(--wp--custom--color--card-product-content-price-available-button-book-background-hover);\n\t\t\t\t--available-btn-text-hover-color: var(--wp--custom--color--card-product-content-price-available-button-book-paragraph-hover);}\n\t\t\t<\/style>\n\t\t\t\t<li class=\"swiper-slide\">\n\t\t\t\t\t<div class=\"wp-block-group card-product-hebergement card-gamme\">\n\n\t\t\t\t\t\t<div class=\"wp-block-group card-product-hebergement-product-thumbnail\">\n\t\t\t\t\t\t\t<div class=\"wp-block-group\">\n\t\t\t\t\t\t\t\t<a href=\"https:\/\/www.kerhelen.com\/de\/hebergements\/cottage-life-4-personen-2-zimmer\/\" title=\"Cottage Life 4 Personen 2 Zimmer\">\n\t\t\t\t\t\t\t\t\t<figure class=\"wp-block-image alignfull size-large\" style=\"margin:0;\">\n\t\t\t\t\t\t\t\t\t\t<img decoding=\"async\" src=\"https:\/\/www.kerhelen.com\/wp-content\/uploads\/2026\/02\/Ker-Helen-Bassin-dArcachon-Cottage-life-exterieurs-5-1024x683.webp\" alt=\"Cottage Life 4 Personen 2 Zimmer\" \/>\n\t\t\t\t\t\t\t\t\t<\/figure>\n\t\t\t\t\t\t\t\t<\/a>\n\t\t\t\t\t\t\t<\/div>\n\n\t\t\t\t\t\t\t<div class=\"wp-block-group bloc-thumbnail-informations\">\n\n\t\t\t\t\t\t\t\t\t\t\t\t\t\t\t\t\t\t\t\t\t\t\t\t\t\t\t<div class=\"wp-block-group bloc-thumbnail-information\">\n\t\t\t\t\t\t\t\t\t\t\t<i class=\"fa-sharp fa-solid fa-family\"><\/i>\t\t\t\t\t\t\t\t\t\t\t<p class=\"label\">4 pers.<\/p>\n\t\t\t\t\t\t\t\t\t\t<\/div>\n\t\t\t\t\t\t\t\t\t\t\t\t\t\t\t\t\t\t\t<div class=\"wp-block-group bloc-thumbnail-information\">\n\t\t\t\t\t\t\t\t\t\t\t<i class=\"fa-solid fa-bed-front\"><\/i>\t\t\t\t\t\t\t\t\t\t\t<p class=\"label\">2  ch.<\/p>\n\t\t\t\t\t\t\t\t\t\t<\/div>\n\t\t\t\t\t\t\t\t\t\t\t\t\t\t\t\t\t\t\t<div class=\"wp-block-group bloc-thumbnail-information\">\n\t\t\t\t\t\t\t\t\t\t\t<i class=\"fa-solid fa-angle-90\"><\/i>\t\t\t\t\t\t\t\t\t\t\t<p class=\"label\">30.5  m\u00b2<\/p>\n\t\t\t\t\t\t\t\t\t\t<\/div>\n\t\t\t\t\t\t\t\t\t\n\t\t\t\t\t\t\t\t\n\t\t\t\t\t\t\t<\/div>\n\t\t\t\t\t\t<\/div>\n\n\t\t\t\t\t\t<div class=\"wp-block-group card-product-hebergement-product-content\">\n\t\t\t\t\t\t\t<p class=\"bloc-content-name-gamme\">Personen mit eingeschr\u00e4nkter Mobilit\u00e4t<\/p>\n\n\t\t\t\t\t\t\t<h3 class=\"bloc-content-name-product\">Cottage Life 4 Personen 2 Zimmer<\/h3>\n\n\t\t\t\t\t\t\t<div class=\"card-price\">\n\t\t\t\t\t\t\t\t<div class=\"loader\"><span class=\"dot\"><\/span><span class=\"dot\"><\/span><span class=\"dot\"><\/span><\/div>\n\n\t\t\t\t\t\t\t\t<div class=\"booking_default\">\n\t\t\t\t\t\t\t\t\t<div class=\"wp-block-group card-product-hebergement-product-price\">\n\n\t\t\t\t\t\t\t\t\t\t\n\n\n\t\t\t\t\t\t\t\t\t\t<div class=\"wp-block-buttons alignfull\">\n\t\t\t\t\t\t\t\t\t\t\t<div class=\"bloc-price-button-book\"><a href=\"https:\/\/www.kerhelen.com\/de\/hebergements\/cottage-life-4-personen-2-zimmer\/\" class=\"wp-block-button__link wp-element-button\">Buchen<\/a><\/div>\n\t\t\t\t\t\t\t\t\t\t<\/div>\n\t\t\t\t\t\t\t\t\t<\/div>\n\t\t\t\t\t\t\t\t<\/div>\n\t\t\t\t\t\t\t<\/div>\n\t\t\t\t\t\t<\/div>\n\t\t\t\t\t<\/div>\n\t\t\t\t<\/li>\n\n\n\t\t\t\t\t<\/ul>\n\n\t<\/div>\n\n\n\n\n<div style=\"height:200px\" aria-hidden=\"true\" class=\"wp-block-spacer\"><\/div>\n<\/div>\n","protected":false},"excerpt":{"rendered":"<p>Vermietung einer Unterkunft f\u00fcr Behinderte in der Bucht von Arcachon Zug\u00e4ngliche und komfortable Unterk\u00fcnfte Auf dem Campingplatz Ker Helen werden Unterk\u00fcnfte f\u00fcr Behinderte angeboten, damit jeder seinen Aufenthalt in vollen Z\u00fcgen genie\u00dfen kann. Diese Unterk\u00fcnfte sind f\u00fcr Personen mit eingeschr\u00e4nkter Mobilit\u00e4t oder \u00e4ltere Menschen gedacht und f\u00fcgen sich in das Gesamtangebot des Campingplatzes ein. Campingplatzes [&hellip;]<\/p>\n","protected":false},"author":1,"featured_media":0,"parent":0,"menu_order":29,"comment_status":"closed","ping_status":"closed","template":"page-no-title","meta":{"_acf_changed":false,"_seopress_robots_primary_cat":"","_seopress_titles_title":"Vermietung Unterkunft f\u00fcr Behinderte Bassin d'Arcachon | Barrierefreier Urlaub","_seopress_titles_desc":"Barrierefreier Urlaub an der Bucht von Arcachon. Entdecken Sie unsere komfortablen Unterk\u00fcnfte f\u00fcr Behinderte mit Rampe und behindertengerechten Bereichen auf dem 4-Sterne-Campingplatz Ker Helen in Le Teich.","_seopress_robots_index":"","footnotes":""},"class_list":["post-3657","page","type-page","status-publish","hentry"],"acf":[],"_links":{"self":[{"href":"https:\/\/www.kerhelen.com\/de\/wp-json\/wp\/v2\/pages\/3657","targetHints":{"allow":["GET"]}}],"collection":[{"href":"https:\/\/www.kerhelen.com\/de\/wp-json\/wp\/v2\/pages"}],"about":[{"href":"https:\/\/www.kerhelen.com\/de\/wp-json\/wp\/v2\/types\/page"}],"author":[{"embeddable":true,"href":"https:\/\/www.kerhelen.com\/de\/wp-json\/wp\/v2\/users\/1"}],"replies":[{"embeddable":true,"href":"https:\/\/www.kerhelen.com\/de\/wp-json\/wp\/v2\/comments?post=3657"}],"version-history":[{"count":2,"href":"https:\/\/www.kerhelen.com\/de\/wp-json\/wp\/v2\/pages\/3657\/revisions"}],"predecessor-version":[{"id":4170,"href":"https:\/\/www.kerhelen.com\/de\/wp-json\/wp\/v2\/pages\/3657\/revisions\/4170"}],"wp:attachment":[{"href":"https:\/\/www.kerhelen.com\/de\/wp-json\/wp\/v2\/media?parent=3657"}],"curies":[{"name":"wp","href":"https:\/\/api.w.org\/{rel}","templated":true}]}}