{"id":3700,"date":"2026-01-22T17:32:26","date_gmt":"2026-01-22T16:32:26","guid":{"rendered":"https:\/\/www.kerhelen.com\/plaetze\/"},"modified":"2026-02-23T15:53:43","modified_gmt":"2026-02-23T14:53:43","slug":"plaetze","status":"publish","type":"page","link":"https:\/\/www.kerhelen.com\/de\/plaetze\/","title":{"rendered":"Pl\u00e4tze"},"content":{"rendered":"\n<div class=\"wp-block-cover alignfull\" style=\"padding-right:var(--wp--preset--spacing--xxl);padding-left:var(--wp--preset--spacing--xxl)\"><img alt=\"Camping-car avec v\u00e9los et auvent dans la nature.\" loading=\"lazy\" decoding=\"async\" width=\"2560\" height=\"1440\" class=\"wp-block-cover__image-background wp-image-1397 size-16\/9_2560x1440_desktop\" alt=\"\" src=\"https:\/\/www.kerhelen.com\/wp-content\/uploads\/2026\/02\/emplacements-camping-ker-helen-bassin-arcachon_02-2560x1440.webp\" style=\"object-position:54% 100%\" data-object-fit=\"cover\" data-object-position=\"54% 100%\" srcset=\"https:\/\/www.kerhelen.com\/wp-content\/uploads\/2026\/02\/emplacements-camping-ker-helen-bassin-arcachon_02-2560x1440.webp 2560w, https:\/\/www.kerhelen.com\/wp-content\/uploads\/2026\/02\/emplacements-camping-ker-helen-bassin-arcachon_02-1920x1080.webp 1920w, https:\/\/www.kerhelen.com\/wp-content\/uploads\/2026\/02\/emplacements-camping-ker-helen-bassin-arcachon_02-1440x810.webp 1440w, https:\/\/www.kerhelen.com\/wp-content\/uploads\/2026\/02\/emplacements-camping-ker-helen-bassin-arcachon_02-1366x768.webp 1366w, https:\/\/www.kerhelen.com\/wp-content\/uploads\/2026\/02\/emplacements-camping-ker-helen-bassin-arcachon_02-1024x576.webp 1024w, https:\/\/www.kerhelen.com\/wp-content\/uploads\/2026\/02\/emplacements-camping-ker-helen-bassin-arcachon_02-800x450.webp 800w, https:\/\/www.kerhelen.com\/wp-content\/uploads\/2026\/02\/emplacements-camping-ker-helen-bassin-arcachon_02-640x360.webp 640w, https:\/\/www.kerhelen.com\/wp-content\/uploads\/2026\/02\/emplacements-camping-ker-helen-bassin-arcachon_02-375x210.webp 375w, https:\/\/www.kerhelen.com\/wp-content\/uploads\/2026\/02\/emplacements-camping-ker-helen-bassin-arcachon_02-200x112.webp 200w, https:\/\/www.kerhelen.com\/wp-content\/uploads\/2026\/02\/emplacements-camping-ker-helen-bassin-arcachon_02-100x56.webp 100w\" sizes=\"auto, (max-width: 2560px) 100vw, 2560px\" \/><span aria-hidden=\"true\" class=\"wp-block-cover__background has-background-dim wp-block-cover__gradient-background has-background-gradient\" style=\"background:linear-gradient(0deg,rgba(0,0,0,0.96) 2%,rgba(0,0,0,0.01) 100%)\"><\/span><div class=\"wp-block-cover__inner-container is-layout-flow wp-block-cover-is-layout-flow\">\n<div class=\"wp-block-group alignfull hero-lab has-global-padding is-layout-constrained wp-container-core-group-is-layout-812dcb84 wp-block-group-is-layout-constrained\" style=\"padding-top:var(--wp--preset--spacing--xxxxxxl);padding-bottom:var(--wp--preset--spacing--xxxxxxl)\">\n<p class=\"has-text-align-center is-style-title-below has-white-color has-text-color has-link-color has-xxxxxl-font-size wp-elements-594526d0eb4ef318fb46b679d68ecd5d is-style-title-below--1\" style=\"font-style:normal;font-weight:400\">Die Stellpl\u00e4tze des Campingplatzes Ker Helen<\/p>\n<\/div>\n<\/div><\/div>\n\n\n\n<div class=\"wp-block-group alignfull radial-left-top hrz-bloc-overflow-hidden is-layout-flow wp-block-group-is-layout-flow\"><div style=\"font-style:normal;font-weight:700; padding-top:1rem;padding-bottom:1rem;margin-top:0;margin-bottom:0;margin-left:var(--wp--preset--spacing--xxl);margin-right:var(--wp--preset--spacing--xxl);\" class=\"alignfull wp-elements-2bba1ce07117fd1bcba77fe5e2f28693 wp-block-wpseopress-breadcrumbs has-text-color has-tertiary-color has-xs-font-size\"><nav  aria-label=\"breadcrumb\"><ol class=\"breadcrumb\" itemscope itemtype=\"https:\/\/schema.org\/BreadcrumbList\"><li class=\"breadcrumb-item active\" aria-current=\"page\" itemprop=\"itemListElement\" itemscope itemtype=\"https:\/\/schema.org\/ListItem\"><span itemprop=\"name\">Camping sur le Bassin d&#8217;Arcachon<\/span><meta itemprop=\"position\" content=\"1\"><\/li><\/ol><\/nav><\/div>\n\n\n<div style=\"height:200px\" aria-hidden=\"true\" class=\"wp-block-spacer\"><\/div>\n\n\n\n<div class=\"wp-block-group alignwide has-global-padding is-layout-constrained wp-container-core-group-is-layout-071fe3a8 wp-block-group-is-layout-constrained\">\n<div class=\"wp-block-columns alignwide are-vertically-aligned-center hrz-responsive-col hrz-reponsive-order is-layout-flex wp-container-core-columns-is-layout-3f562962 wp-block-columns-is-layout-flex\" style=\"margin-top:0;margin-bottom:0;padding-top:0;padding-right:var(--wp--preset--spacing--xxl);padding-bottom:0;padding-left:var(--wp--preset--spacing--xxl)\">\n<div class=\"wp-block-column is-vertically-aligned-center is-layout-flow wp-block-column-is-layout-flow\">\n<figure class=\"wp-block-image size-3\/2_1440x960_desktop has-custom-border is-style-default\"><img alt=\"Tente rouge en camping dans la nature verdoyante\" loading=\"lazy\" decoding=\"async\" width=\"1440\" height=\"960\" src=\"https:\/\/www.kerhelen.com\/wp-content\/uploads\/2026\/02\/emplacements-camping-ker-helen-bassin-arcachon_01-1440x960.webp\" alt=\"\" class=\"wp-image-1398\" style=\"border-top-left-radius:100px;border-top-right-radius:100px;border-bottom-left-radius:100px;border-bottom-right-radius:100px;aspect-ratio:4\/3;object-fit:cover\" srcset=\"https:\/\/www.kerhelen.com\/wp-content\/uploads\/2026\/02\/emplacements-camping-ker-helen-bassin-arcachon_01-1440x960.webp 1440w, https:\/\/www.kerhelen.com\/wp-content\/uploads\/2026\/02\/emplacements-camping-ker-helen-bassin-arcachon_01-300x199.webp 300w, https:\/\/www.kerhelen.com\/wp-content\/uploads\/2026\/02\/emplacements-camping-ker-helen-bassin-arcachon_01-1080x720.webp 1080w, https:\/\/www.kerhelen.com\/wp-content\/uploads\/2026\/02\/emplacements-camping-ker-helen-bassin-arcachon_01-720x480.webp 720w, https:\/\/www.kerhelen.com\/wp-content\/uploads\/2026\/02\/emplacements-camping-ker-helen-bassin-arcachon_01-480x320.webp 480w, https:\/\/www.kerhelen.com\/wp-content\/uploads\/2026\/02\/emplacements-camping-ker-helen-bassin-arcachon_01-240x160.webp 240w, https:\/\/www.kerhelen.com\/wp-content\/uploads\/2026\/02\/emplacements-camping-ker-helen-bassin-arcachon_01-120x80.webp 120w\" sizes=\"auto, (max-width: 1440px) 100vw, 1440px\" \/><\/figure>\n<\/div>\n\n\n\n<div class=\"wp-block-column is-vertically-aligned-center is-layout-flow wp-block-column-is-layout-flow\" style=\"padding-top:0;padding-right:0;padding-bottom:0;padding-left:0\">\n<div class=\"wp-block-group has-background-color has-text-color has-link-color wp-elements-5f257e0ad0585a21ad388491a5ac35ec is-vertical is-content-justification-left is-layout-flex wp-container-core-group-is-layout-dc8799cd wp-block-group-is-layout-flex\" style=\"margin-top:0;margin-bottom:0\">\n<div class=\"wp-block-group has-global-padding is-content-justification-right is-layout-constrained wp-container-core-group-is-layout-fcb26deb wp-block-group-is-layout-constrained\" style=\"padding-top:0;padding-right:0;padding-bottom:0;padding-left:0\">\n<h1 class=\"wp-block-heading has-text-align-left is-style-top-title-deco is-style-top-title-deco--2\">Camping-Stellpl\u00e4tze am Bassin d&#8217;Arcachon<\/h1>\n\n\n\n<h2 class=\"wp-block-heading has-text-align-left is-style-headline is-style-title-below is-style-title-below--3\">Vermietung von Camping-Stellpl\u00e4tzen in Gironde<\/h2>\n<\/div>\n\n\n\n<div class=\"wp-block-group has-real-black-color has-text-color has-link-color wp-elements-df3374eea47da3c7e2cf6a03f8ded967 has-global-padding is-layout-constrained wp-container-core-group-is-layout-a9a72e34 wp-block-group-is-layout-constrained\">\n<p>Wenn Sie einen <strong>Stellplatz<\/strong> auf dem <strong>Campingplatz<\/strong> Ker Helen buchen, k\u00f6nnen Sie die wundersch\u00f6ne, gepflegte Natur- und Blumenlandschaft genie\u00dfen. Es ist sch\u00f6n, hier f\u00fcr die Dauer eines Aufenthalts zu wohnen. Ihr Stellplatz bietet Platz f\u00fcr ein Wohnmobil, einen Wohnwagen oder mehrere Zelte. Der k\u00fchle Schatten, den die eleganten B\u00e4ume werfen, ist sehr angenehm, wenn die Sonne auf unserem Campingplatz sehr stark ist. <strong><a href=\"https:\/\/www.kerhelen.com\/de\/\" data-type=\"page\" data-id=\"4\">Campingplatz an der Bucht von Arcachon.<\/a><\/strong>.   <\/p>\n\n\n\n<p>Der Campingplatz verf\u00fcgt \u00fcber eine Kabine f\u00fcr Personen mit eingeschr\u00e4nkter Mobilit\u00e4t.<\/p>\n<\/div>\n<\/div>\n<\/div>\n<\/div>\n<\/div>\n<\/div>\n\n\n\n<div class=\"wp-block-group alignfull fade is-layout-flow wp-block-group-is-layout-flow\">\n<div style=\"height:200px\" aria-hidden=\"true\" class=\"wp-block-spacer\"><\/div>\n\n\n\n<div class=\"wp-block-group alignfull has-global-padding is-layout-constrained wp-container-core-group-is-layout-05cfd7e8 wp-block-group-is-layout-constrained\" style=\"padding-right:var(--wp--preset--spacing--l);padding-left:var(--wp--preset--spacing--l)\"><\/div>\n\n\n\n\t<div class=\"alignfull swiper-hebergement-static has-global-padding is-layout-constrained wp-container-horizon-blocks-query-camping-rest-static-is-layout-0faa5006 wp-block-horizon-blocks-query-camping-rest-static-is-layout-constrained\">\n\t\t<ul class=\"static-hebergement-listing swiper-wrapper\">\n\t\t\t<style>:root { \n\t\t\t\t--available-text-content-color: var(--wp--custom--color--card-product-content-price-available-paragraph);\n\t\t\t\t--available-btn-bg-color: var(--wp--custom--color--card-product-content-price-available-button-book-background);\n\t\t\t\t--available-btn-text-color: var(--wp--custom--color--card-product-content-price-available-button-book-paragraph);\n\t\t\t\t--available-btn-bg-hover-color: var(--wp--custom--color--card-product-content-price-available-button-book-background-hover);\n\t\t\t\t--available-btn-text-hover-color: var(--wp--custom--color--card-product-content-price-available-button-book-paragraph-hover);}\n\t\t\t<\/style>\n\t\t\t\t<li class=\"swiper-slide\">\n\t\t\t\t\t<div class=\"wp-block-group card-product-hebergement card-gamme\">\n\n\t\t\t\t\t\t<div class=\"wp-block-group card-product-hebergement-product-thumbnail\">\n\t\t\t\t\t\t\t<div class=\"wp-block-group\">\n\t\t\t\t\t\t\t\t<a href=\"https:\/\/www.kerhelen.com\/de\/hebergements\/standort\/\" title=\"Standort\">\n\t\t\t\t\t\t\t\t\t<figure class=\"wp-block-image alignfull size-large\" style=\"margin:0;\">\n\t\t\t\t\t\t\t\t\t\t<img decoding=\"async\" src=\"https:\/\/www.kerhelen.com\/wp-content\/uploads\/2026\/02\/emplacements-camping-ker-helen-bassin-arcachon_01-1024x679.webp\" alt=\"Standort\" \/>\n\t\t\t\t\t\t\t\t\t<\/figure>\n\t\t\t\t\t\t\t\t<\/a>\n\t\t\t\t\t\t\t<\/div>\n\n\t\t\t\t\t\t\t<div class=\"wp-block-group bloc-thumbnail-informations\">\n\n\t\t\t\t\t\t\t\t\t\t\t\t\t\t\t\t\t\t\t\t\t\t\t\t\t\t\t<div class=\"wp-block-group bloc-thumbnail-information\">\n\t\t\t\t\t\t\t\t\t\t\t<i class=\"fa-sharp fa-solid fa-family\"><\/i>\t\t\t\t\t\t\t\t\t\t\t<p class=\"label\">6 pers.<\/p>\n\t\t\t\t\t\t\t\t\t\t<\/div>\n\t\t\t\t\t\t\t\t\t\t\t\t\t\t\t\t\t\t\t<div class=\"wp-block-group bloc-thumbnail-information\">\n\t\t\t\t\t\t\t\t\t\t\t<i class=\"fa-solid fa-angle-90\"><\/i>\t\t\t\t\t\t\t\t\t\t\t<p class=\"label\">100  m\u00b2<\/p>\n\t\t\t\t\t\t\t\t\t\t<\/div>\n\t\t\t\t\t\t\t\t\t\t\t\t\t\t\t\t\t\t\t<div class=\"wp-block-group bloc-thumbnail-information\">\n\t\t\t\t\t\t\t\t\t\t\t<i class=\"fa-sharp fa-solid fa-plug\"><\/i>\t\t\t\t\t\t\t\t\t\t\t<p class=\"label\">\u00c9lectricit\u00e9<\/p>\n\t\t\t\t\t\t\t\t\t\t<\/div>\n\t\t\t\t\t\t\t\t\t\n\t\t\t\t\t\t\t\t\n\t\t\t\t\t\t\t<\/div>\n\t\t\t\t\t\t<\/div>\n\n\t\t\t\t\t\t<div class=\"wp-block-group card-product-hebergement-product-content\">\n\t\t\t\t\t\t\t<p class=\"bloc-content-name-gamme\">Standort<\/p>\n\n\t\t\t\t\t\t\t<h3 class=\"bloc-content-name-product\">Standort<\/h3>\n\n\t\t\t\t\t\t\t<div class=\"card-price\">\n\t\t\t\t\t\t\t\t<div class=\"loader\"><span class=\"dot\"><\/span><span class=\"dot\"><\/span><span class=\"dot\"><\/span><\/div>\n\n\t\t\t\t\t\t\t\t<div class=\"booking_default\">\n\t\t\t\t\t\t\t\t\t<div class=\"wp-block-group card-product-hebergement-product-price\">\n\n\t\t\t\t\t\t\t\t\t\t\n\n\n\t\t\t\t\t\t\t\t\t\t<div class=\"wp-block-buttons alignfull\">\n\t\t\t\t\t\t\t\t\t\t\t<div class=\"bloc-price-button-book\"><a href=\"https:\/\/www.kerhelen.com\/de\/hebergements\/standort\/\" class=\"wp-block-button__link wp-element-button\">Buchen<\/a><\/div>\n\t\t\t\t\t\t\t\t\t\t<\/div>\n\t\t\t\t\t\t\t\t\t<\/div>\n\t\t\t\t\t\t\t\t<\/div>\n\t\t\t\t\t\t\t<\/div>\n\t\t\t\t\t\t<\/div>\n\t\t\t\t\t<\/div>\n\t\t\t\t<\/li>\n\n\n\t\t\t\t\t<\/ul>\n\n\t<\/div>\n\n\n\n\n<div style=\"height:200px\" aria-hidden=\"true\" class=\"wp-block-spacer\"><\/div>\n<\/div>\n","protected":false},"excerpt":{"rendered":"<p>Camping-Stellpl\u00e4tze am Bassin d&#8217;Arcachon Vermietung von Camping-Stellpl\u00e4tzen in Gironde Wenn Sie einen Stellplatz auf dem Campingplatz Ker Helen buchen, k\u00f6nnen Sie die wundersch\u00f6ne, gepflegte Natur- und Blumenlandschaft genie\u00dfen. Es ist sch\u00f6n, hier f\u00fcr die Dauer eines Aufenthalts zu wohnen. Ihr Stellplatz bietet Platz f\u00fcr ein Wohnmobil, einen Wohnwagen oder mehrere Zelte. Der k\u00fchle Schatten, den [&hellip;]<\/p>\n","protected":false},"author":1,"featured_media":0,"parent":0,"menu_order":41,"comment_status":"closed","ping_status":"closed","template":"page-no-title","meta":{"_acf_changed":false,"_seopress_robots_primary_cat":"","_seopress_titles_title":"Stellplatz Camping Bassin d'Arcachon | Stellplatz Zelt, Wohnwagen, Wohnmobil","_seopress_titles_desc":"Buchen Sie Ihren Stellplatz am Bassin d'Arcachon ab 7\u20ac. Schattige und blumengeschm\u00fcckte Stellpl\u00e4tze f\u00fcr Zelt, Wohnwagen oder Wohnmobil auf dem Ker Helen in Le Teich.","_seopress_robots_index":"","footnotes":""},"class_list":["post-3700","page","type-page","status-publish","hentry"],"acf":[],"_links":{"self":[{"href":"https:\/\/www.kerhelen.com\/de\/wp-json\/wp\/v2\/pages\/3700","targetHints":{"allow":["GET"]}}],"collection":[{"href":"https:\/\/www.kerhelen.com\/de\/wp-json\/wp\/v2\/pages"}],"about":[{"href":"https:\/\/www.kerhelen.com\/de\/wp-json\/wp\/v2\/types\/page"}],"author":[{"embeddable":true,"href":"https:\/\/www.kerhelen.com\/de\/wp-json\/wp\/v2\/users\/1"}],"replies":[{"embeddable":true,"href":"https:\/\/www.kerhelen.com\/de\/wp-json\/wp\/v2\/comments?post=3700"}],"version-history":[{"count":2,"href":"https:\/\/www.kerhelen.com\/de\/wp-json\/wp\/v2\/pages\/3700\/revisions"}],"predecessor-version":[{"id":4176,"href":"https:\/\/www.kerhelen.com\/de\/wp-json\/wp\/v2\/pages\/3700\/revisions\/4176"}],"wp:attachment":[{"href":"https:\/\/www.kerhelen.com\/de\/wp-json\/wp\/v2\/media?parent=3700"}],"curies":[{"name":"wp","href":"https:\/\/api.w.org\/{rel}","templated":true}]}}