{"id":3720,"date":"2026-01-22T17:32:15","date_gmt":"2026-01-22T16:32:15","guid":{"rendered":"https:\/\/www.kerhelen.com\/zelte\/"},"modified":"2026-02-23T15:38:52","modified_gmt":"2026-02-23T14:38:52","slug":"zelte","status":"publish","type":"page","link":"https:\/\/www.kerhelen.com\/de\/zelte\/","title":{"rendered":"Zelte"},"content":{"rendered":"\n<div class=\"wp-block-cover alignfull\" style=\"padding-right:var(--wp--preset--spacing--xxl);padding-left:var(--wp--preset--spacing--xxl)\"><img alt=\"Tente de glamping avec terrasse ensoleill\u00e9e\" loading=\"lazy\" decoding=\"async\" width=\"1920\" height=\"780\" class=\"wp-block-cover__image-background wp-image-252 size-full\" alt=\"\" src=\"https:\/\/www.kerhelen.com\/wp-content\/uploads\/2026\/01\/camping-bassin-d-arcachon-lodge-robinson-1.webp\" data-object-fit=\"cover\" srcset=\"https:\/\/www.kerhelen.com\/wp-content\/uploads\/2026\/01\/camping-bassin-d-arcachon-lodge-robinson-1.webp 1920w, https:\/\/www.kerhelen.com\/wp-content\/uploads\/2026\/01\/camping-bassin-d-arcachon-lodge-robinson-1-300x122.webp 300w, https:\/\/www.kerhelen.com\/wp-content\/uploads\/2026\/01\/camping-bassin-d-arcachon-lodge-robinson-1-768x312.webp 768w, https:\/\/www.kerhelen.com\/wp-content\/uploads\/2026\/01\/camping-bassin-d-arcachon-lodge-robinson-1-1024x416.webp 1024w\" sizes=\"auto, (max-width: 1920px) 100vw, 1920px\" \/><span aria-hidden=\"true\" class=\"wp-block-cover__background has-background-dim wp-block-cover__gradient-background has-background-gradient\" style=\"background:linear-gradient(0deg,rgba(0,0,0,0.96) 2%,rgba(0,0,0,0.01) 100%)\"><\/span><div class=\"wp-block-cover__inner-container is-layout-flow wp-block-cover-is-layout-flow\">\n<div class=\"wp-block-group alignfull hero-lab has-global-padding is-layout-constrained wp-container-core-group-is-layout-812dcb84 wp-block-group-is-layout-constrained\" style=\"padding-top:var(--wp--preset--spacing--xxxxxxl);padding-bottom:var(--wp--preset--spacing--xxxxxxl)\">\n<p class=\"has-text-align-center is-style-title-below has-white-color has-text-color has-link-color has-xxxxxl-font-size wp-elements-2406dc88a05e3bf6f733cbbe61248331 is-style-title-below--1\" style=\"font-style:normal;font-weight:400\">Die Zelte auf dem Campingplatz Ker Helen<\/p>\n<\/div>\n<\/div><\/div>\n\n\n\n<div class=\"wp-block-group alignfull radial-left-top hrz-bloc-overflow-hidden is-layout-flow wp-block-group-is-layout-flow\"><div style=\"font-style:normal;font-weight:700; padding-top:1rem;padding-bottom:1rem;margin-top:0;margin-bottom:0;margin-left:var(--wp--preset--spacing--xxl);margin-right:var(--wp--preset--spacing--xxl);\" class=\"alignfull wp-elements-2bba1ce07117fd1bcba77fe5e2f28693 wp-block-wpseopress-breadcrumbs has-text-color has-tertiary-color has-xs-font-size\"><nav  aria-label=\"breadcrumb\"><ol class=\"breadcrumb\" itemscope itemtype=\"https:\/\/schema.org\/BreadcrumbList\"><li class=\"breadcrumb-item active\" aria-current=\"page\" itemprop=\"itemListElement\" itemscope itemtype=\"https:\/\/schema.org\/ListItem\"><span itemprop=\"name\">Camping sur le Bassin d&#8217;Arcachon<\/span><meta itemprop=\"position\" content=\"1\"><\/li><\/ol><\/nav><\/div>\n\n\n<div style=\"height:200px\" aria-hidden=\"true\" class=\"wp-block-spacer\"><\/div>\n\n\n\n<div class=\"wp-block-group alignwide has-global-padding is-layout-constrained wp-container-core-group-is-layout-071fe3a8 wp-block-group-is-layout-constrained\">\n<div class=\"wp-block-columns alignwide are-vertically-aligned-center hrz-responsive-col hrz-reponsive-order is-layout-flex wp-container-core-columns-is-layout-3f562962 wp-block-columns-is-layout-flex\" style=\"margin-top:0;margin-bottom:0;padding-top:0;padding-right:var(--wp--preset--spacing--xxl);padding-bottom:0;padding-left:var(--wp--preset--spacing--xxl)\">\n<div class=\"wp-block-column is-vertically-aligned-center is-layout-flow wp-block-column-is-layout-flow\">\n<figure class=\"wp-block-image size-large has-custom-border is-style-default\"><img alt=\"Terrasse en bois avec table et chaises ext\u00e9rieures.\" loading=\"lazy\" decoding=\"async\" width=\"1024\" height=\"540\" src=\"https:\/\/www.kerhelen.com\/wp-content\/uploads\/2026\/01\/Ker-Helen-Bassin-dArcachon-Lodge-Robinson-terrasse-1024x540.webp\" alt=\"\" class=\"wp-image-591\" style=\"border-top-left-radius:100px;border-top-right-radius:100px;border-bottom-left-radius:100px;border-bottom-right-radius:100px;aspect-ratio:4\/3;object-fit:cover\" srcset=\"https:\/\/www.kerhelen.com\/wp-content\/uploads\/2026\/01\/Ker-Helen-Bassin-dArcachon-Lodge-Robinson-terrasse-1024x540.webp 1024w, https:\/\/www.kerhelen.com\/wp-content\/uploads\/2026\/01\/Ker-Helen-Bassin-dArcachon-Lodge-Robinson-terrasse-300x158.webp 300w, https:\/\/www.kerhelen.com\/wp-content\/uploads\/2026\/01\/Ker-Helen-Bassin-dArcachon-Lodge-Robinson-terrasse-768x405.webp 768w, https:\/\/www.kerhelen.com\/wp-content\/uploads\/2026\/01\/Ker-Helen-Bassin-dArcachon-Lodge-Robinson-terrasse-63x32.webp 63w, https:\/\/www.kerhelen.com\/wp-content\/uploads\/2026\/01\/Ker-Helen-Bassin-dArcachon-Lodge-Robinson-terrasse.webp 1423w\" sizes=\"auto, (max-width: 1024px) 100vw, 1024px\" \/><\/figure>\n<\/div>\n\n\n\n<div class=\"wp-block-column is-vertically-aligned-center is-layout-flow wp-block-column-is-layout-flow\" style=\"padding-top:0;padding-right:0;padding-bottom:0;padding-left:0\">\n<div class=\"wp-block-group has-background-color has-text-color has-link-color wp-elements-029a6d9d9521e0dc97daf72b237c5373 is-vertical is-content-justification-left is-layout-flex wp-container-core-group-is-layout-dc8799cd wp-block-group-is-layout-flex\" style=\"margin-top:0;margin-bottom:0\">\n<div class=\"wp-block-group has-global-padding is-content-justification-right is-layout-constrained wp-container-core-group-is-layout-fcb26deb wp-block-group-is-layout-constrained\" style=\"padding-top:0;padding-right:0;padding-bottom:0;padding-left:0\">\n<h1 class=\"wp-block-heading has-text-align-left is-style-top-title-deco is-style-top-title-deco--2\">Vermietung von Lodge-Zelten am Bassin d&#8217;Arcachon<\/h1>\n\n\n\n<h2 class=\"wp-block-heading has-text-align-left is-style-headline is-style-title-below is-style-title-below--3\">Der Geist des Campings, Komfortversion<\/h2>\n\n\n\n<p class=\"has-text-align-left\"><\/p>\n<\/div>\n\n\n\n<div class=\"wp-block-group has-real-black-color has-text-color has-link-color wp-elements-da07f141d3f45f6c649c8dbe5613b97b has-global-padding is-layout-constrained wp-container-core-group-is-layout-a9a72e34 wp-block-group-is-layout-constrained\">\n<p>Auf Camping Ker Helen geh\u00f6ren eingerichtete Zelte zu den Unterk\u00fcnften f\u00fcr diejenigen, die das Camping-Erlebnis in der N\u00e4he der Natur genie\u00dfen m\u00f6chten. Die Zelte und Lodges sind in einer gr\u00fcnen Umgebung am Bassin d&#8217;Arcachon aufgestellt und verbinden Einfachheit, Authentizit\u00e4t und Komfort. Sie bieten Ihnen eine Unterkunft, die Sie sofort bewohnen k\u00f6nnen, ohne auf die Atmosph\u00e4re eines traditionellen Campingplatzes verzichten zu m\u00fcssen. Vor Ort wohnen Sie in einer famili\u00e4ren und geselligen Umgebung mit Zugang zu den Dienstleistungen und Einrichtungen eines 4-Sterne-Campingplatzes. Diese Unterk\u00fcnfte sind f\u00fcr alle geeignet, die den Kontakt mit der Natur, die warme Atmosph\u00e4re und die Freiheit eines Urlaubs im Freien lieben. <strong><a href=\"https:\/\/www.kerhelen.com\/de\/\" data-type=\"page\" data-id=\"4\">Campingplatz an der Bucht von Arcachon.<\/a><\/strong>.    <\/p>\n<\/div>\n<\/div>\n<\/div>\n<\/div>\n<\/div>\n<\/div>\n\n\n\n<div class=\"wp-block-group alignfull fade is-layout-flow wp-block-group-is-layout-flow\">\n<div style=\"height:200px\" aria-hidden=\"true\" class=\"wp-block-spacer\"><\/div>\n\n\n\n<div class=\"wp-block-group alignfull has-global-padding is-layout-constrained wp-container-core-group-is-layout-05cfd7e8 wp-block-group-is-layout-constrained\" style=\"padding-right:var(--wp--preset--spacing--l);padding-left:var(--wp--preset--spacing--l)\"><\/div>\n\n\n\n\t<div class=\"alignfull swiper-hebergement-static has-global-padding is-layout-constrained wp-container-horizon-blocks-query-camping-rest-static-is-layout-0faa5006 wp-block-horizon-blocks-query-camping-rest-static-is-layout-constrained\">\n\t\t<ul class=\"static-hebergement-listing swiper-wrapper\">\n\t\t\t<style>:root { \n\t\t\t\t--available-text-content-color: var(--wp--custom--color--card-product-content-price-available-paragraph);\n\t\t\t\t--available-btn-bg-color: var(--wp--custom--color--card-product-content-price-available-button-book-background);\n\t\t\t\t--available-btn-text-color: var(--wp--custom--color--card-product-content-price-available-button-book-paragraph);\n\t\t\t\t--available-btn-bg-hover-color: var(--wp--custom--color--card-product-content-price-available-button-book-background-hover);\n\t\t\t\t--available-btn-text-hover-color: var(--wp--custom--color--card-product-content-price-available-button-book-paragraph-hover);}\n\t\t\t<\/style>\n\t\t\t\t<li class=\"swiper-slide\">\n\t\t\t\t\t<div class=\"wp-block-group card-product-hebergement card-gamme\">\n\n\t\t\t\t\t\t<div class=\"wp-block-group card-product-hebergement-product-thumbnail\">\n\t\t\t\t\t\t\t<div class=\"wp-block-group\">\n\t\t\t\t\t\t\t\t<a href=\"https:\/\/www.kerhelen.com\/de\/hebergements\/robinson-lodge-4-5-personen-2-schlafzimmer\/\" title=\"Robinson Lodge 4\/5 Personen 2 Schlafzimmer\">\n\t\t\t\t\t\t\t\t\t<figure class=\"wp-block-image alignfull size-large\" style=\"margin:0;\">\n\t\t\t\t\t\t\t\t\t\t<img decoding=\"async\" src=\"https:\/\/www.kerhelen.com\/wp-content\/uploads\/2026\/01\/ker-heln-2016-0010-1024x683.webp\" alt=\"Robinson Lodge 4\/5 Personen 2 Schlafzimmer\" \/>\n\t\t\t\t\t\t\t\t\t<\/figure>\n\t\t\t\t\t\t\t\t<\/a>\n\t\t\t\t\t\t\t<\/div>\n\n\t\t\t\t\t\t\t<div class=\"wp-block-group bloc-thumbnail-informations\">\n\n\t\t\t\t\t\t\t\t\t\t\t\t\t\t\t\t\t\t\t\t\t\t\t\t\t\t\t<div class=\"wp-block-group bloc-thumbnail-information\">\n\t\t\t\t\t\t\t\t\t\t\t<i class=\"fa-sharp fa-solid fa-family\"><\/i>\t\t\t\t\t\t\t\t\t\t\t<p class=\"label\">4\/5 pers.<\/p>\n\t\t\t\t\t\t\t\t\t\t<\/div>\n\t\t\t\t\t\t\t\t\t\t\t\t\t\t\t\t\t\t\t<div class=\"wp-block-group bloc-thumbnail-information\">\n\t\t\t\t\t\t\t\t\t\t\t<i class=\"fa-solid fa-bed-front\"><\/i>\t\t\t\t\t\t\t\t\t\t\t<p class=\"label\">2  ch.<\/p>\n\t\t\t\t\t\t\t\t\t\t<\/div>\n\t\t\t\t\t\t\t\t\t\t\t\t\t\t\t\t\t\t\t<div class=\"wp-block-group bloc-thumbnail-information\">\n\t\t\t\t\t\t\t\t\t\t\t<i class=\"fa-solid fa-angle-90\"><\/i>\t\t\t\t\t\t\t\t\t\t\t<p class=\"label\">30  m\u00b2<\/p>\n\t\t\t\t\t\t\t\t\t\t<\/div>\n\t\t\t\t\t\t\t\t\t\n\t\t\t\t\t\t\t\t\n\t\t\t\t\t\t\t<\/div>\n\t\t\t\t\t\t<\/div>\n\n\t\t\t\t\t\t<div class=\"wp-block-group card-product-hebergement-product-content\">\n\t\t\t\t\t\t\t<p class=\"bloc-content-name-gamme\">Zelt<\/p>\n\n\t\t\t\t\t\t\t<h3 class=\"bloc-content-name-product\">Robinson Lodge 4\/5 Personen 2 Schlafzimmer<\/h3>\n\n\t\t\t\t\t\t\t<div class=\"card-price\">\n\t\t\t\t\t\t\t\t<div class=\"loader\"><span class=\"dot\"><\/span><span class=\"dot\"><\/span><span class=\"dot\"><\/span><\/div>\n\n\t\t\t\t\t\t\t\t<div class=\"booking_default\">\n\t\t\t\t\t\t\t\t\t<div class=\"wp-block-group card-product-hebergement-product-price\">\n\n\t\t\t\t\t\t\t\t\t\t\n\n\n\t\t\t\t\t\t\t\t\t\t<div class=\"wp-block-buttons alignfull\">\n\t\t\t\t\t\t\t\t\t\t\t<div class=\"bloc-price-button-book\"><a href=\"https:\/\/www.kerhelen.com\/de\/hebergements\/robinson-lodge-4-5-personen-2-schlafzimmer\/\" class=\"wp-block-button__link wp-element-button\">Buchen<\/a><\/div>\n\t\t\t\t\t\t\t\t\t\t<\/div>\n\t\t\t\t\t\t\t\t\t<\/div>\n\t\t\t\t\t\t\t\t<\/div>\n\t\t\t\t\t\t\t<\/div>\n\t\t\t\t\t\t<\/div>\n\t\t\t\t\t<\/div>\n\t\t\t\t<\/li>\n\n\n\t\t\t\n\t\t\t\t<li class=\"swiper-slide\">\n\t\t\t\t\t<div class=\"wp-block-group card-product-hebergement card-gamme\">\n\n\t\t\t\t\t\t<div class=\"wp-block-group card-product-hebergement-product-thumbnail\">\n\t\t\t\t\t\t\t<div class=\"wp-block-group\">\n\t\t\t\t\t\t\t\t<a href=\"https:\/\/www.kerhelen.com\/de\/hebergements\/lodge-kenia-4-5-plaetze\/\" title=\"Lodge Kenia 4\/5 Pl\u00e4tze\">\n\t\t\t\t\t\t\t\t\t<figure class=\"wp-block-image alignfull size-large\" style=\"margin:0;\">\n\t\t\t\t\t\t\t\t\t\t<img decoding=\"async\" src=\"https:\/\/www.kerhelen.com\/wp-content\/uploads\/2026\/02\/tente-kenya-camping-ker-helen-bassin-arcachon.webp\" alt=\"Lodge Kenia 4\/5 Pl\u00e4tze\" \/>\n\t\t\t\t\t\t\t\t\t<\/figure>\n\t\t\t\t\t\t\t\t<\/a>\n\t\t\t\t\t\t\t<\/div>\n\n\t\t\t\t\t\t\t<div class=\"wp-block-group bloc-thumbnail-informations\">\n\n\t\t\t\t\t\t\t\t\t\t\t\t\t\t\t\t\t\t\t\t\t\t\t\t\t\t\t<div class=\"wp-block-group bloc-thumbnail-information\">\n\t\t\t\t\t\t\t\t\t\t\t<i class=\"fa-sharp fa-solid fa-family\"><\/i>\t\t\t\t\t\t\t\t\t\t\t<p class=\"label\">4\/5 pers.<\/p>\n\t\t\t\t\t\t\t\t\t\t<\/div>\n\t\t\t\t\t\t\t\t\t\t\t\t\t\t\t\t\t\t\t<div class=\"wp-block-group bloc-thumbnail-information\">\n\t\t\t\t\t\t\t\t\t\t\t<i class=\"fa-solid fa-bed-front\"><\/i>\t\t\t\t\t\t\t\t\t\t\t<p class=\"label\">2  ch.<\/p>\n\t\t\t\t\t\t\t\t\t\t<\/div>\n\t\t\t\t\t\t\t\t\t\t\t\t\t\t\t\t\t\t\t<div class=\"wp-block-group bloc-thumbnail-information\">\n\t\t\t\t\t\t\t\t\t\t\t<i class=\"fa-solid fa-angle-90\"><\/i>\t\t\t\t\t\t\t\t\t\t\t<p class=\"label\">24  m\u00b2<\/p>\n\t\t\t\t\t\t\t\t\t\t<\/div>\n\t\t\t\t\t\t\t\t\t\n\t\t\t\t\t\t\t\t\n\t\t\t\t\t\t\t<\/div>\n\t\t\t\t\t\t<\/div>\n\n\t\t\t\t\t\t<div class=\"wp-block-group card-product-hebergement-product-content\">\n\t\t\t\t\t\t\t<p class=\"bloc-content-name-gamme\">Zelt<\/p>\n\n\t\t\t\t\t\t\t<h3 class=\"bloc-content-name-product\">Lodge Kenia 4\/5 Pl\u00e4tze<\/h3>\n\n\t\t\t\t\t\t\t<div class=\"card-price\">\n\t\t\t\t\t\t\t\t<div class=\"loader\"><span class=\"dot\"><\/span><span class=\"dot\"><\/span><span class=\"dot\"><\/span><\/div>\n\n\t\t\t\t\t\t\t\t<div class=\"booking_default\">\n\t\t\t\t\t\t\t\t\t<div class=\"wp-block-group card-product-hebergement-product-price\">\n\n\t\t\t\t\t\t\t\t\t\t\n\n\n\t\t\t\t\t\t\t\t\t\t<div class=\"wp-block-buttons alignfull\">\n\t\t\t\t\t\t\t\t\t\t\t<div class=\"bloc-price-button-book\"><a href=\"https:\/\/www.kerhelen.com\/de\/hebergements\/lodge-kenia-4-5-plaetze\/\" class=\"wp-block-button__link wp-element-button\">Buchen<\/a><\/div>\n\t\t\t\t\t\t\t\t\t\t<\/div>\n\t\t\t\t\t\t\t\t\t<\/div>\n\t\t\t\t\t\t\t\t<\/div>\n\t\t\t\t\t\t\t<\/div>\n\t\t\t\t\t\t<\/div>\n\t\t\t\t\t<\/div>\n\t\t\t\t<\/li>\n\n\n\t\t\t\t\t<\/ul>\n\n\t<\/div>\n\n\n\n\n<div style=\"height:200px\" aria-hidden=\"true\" class=\"wp-block-spacer\"><\/div>\n<\/div>\n","protected":false},"excerpt":{"rendered":"<p>Vermietung von Lodge-Zelten am Bassin d&#8217;Arcachon Der Geist des Campings, Komfortversion Auf Camping Ker Helen geh\u00f6ren eingerichtete Zelte zu den Unterk\u00fcnften f\u00fcr diejenigen, die das Camping-Erlebnis in der N\u00e4he der Natur genie\u00dfen m\u00f6chten. Die Zelte und Lodges sind in einer gr\u00fcnen Umgebung am Bassin d&#8217;Arcachon aufgestellt und verbinden Einfachheit, Authentizit\u00e4t und Komfort. Sie bieten Ihnen [&hellip;]<\/p>\n","protected":false},"author":1,"featured_media":0,"parent":0,"menu_order":37,"comment_status":"closed","ping_status":"closed","template":"page-no-title","meta":{"_acf_changed":false,"_seopress_robots_primary_cat":"","_seopress_titles_title":"Vermietung von Zelten Lodges Bassin d'Arcachon | Glamping & Natur","_seopress_titles_desc":"Lust auf Glamping am Bassin d'Arcachon? \u00dcbernachten Sie in unseren eingerichteten Lodge-Zelten (2 Schlafzimmer). Die perfekte Kombination aus Natur und Komfort in der Gironde.","_seopress_robots_index":"","footnotes":""},"class_list":["post-3720","page","type-page","status-publish","hentry"],"acf":[],"_links":{"self":[{"href":"https:\/\/www.kerhelen.com\/de\/wp-json\/wp\/v2\/pages\/3720","targetHints":{"allow":["GET"]}}],"collection":[{"href":"https:\/\/www.kerhelen.com\/de\/wp-json\/wp\/v2\/pages"}],"about":[{"href":"https:\/\/www.kerhelen.com\/de\/wp-json\/wp\/v2\/types\/page"}],"author":[{"embeddable":true,"href":"https:\/\/www.kerhelen.com\/de\/wp-json\/wp\/v2\/users\/1"}],"replies":[{"embeddable":true,"href":"https:\/\/www.kerhelen.com\/de\/wp-json\/wp\/v2\/comments?post=3720"}],"version-history":[{"count":2,"href":"https:\/\/www.kerhelen.com\/de\/wp-json\/wp\/v2\/pages\/3720\/revisions"}],"predecessor-version":[{"id":4161,"href":"https:\/\/www.kerhelen.com\/de\/wp-json\/wp\/v2\/pages\/3720\/revisions\/4161"}],"wp:attachment":[{"href":"https:\/\/www.kerhelen.com\/de\/wp-json\/wp\/v2\/media?parent=3720"}],"curies":[{"name":"wp","href":"https:\/\/api.w.org\/{rel}","templated":true}]}}