{"id":3726,"date":"2026-01-22T17:33:27","date_gmt":"2026-01-22T16:33:27","guid":{"rendered":"https:\/\/www.kerhelen.com\/tourismus-in-der-gironde\/"},"modified":"2026-02-23T14:03:29","modified_gmt":"2026-02-23T13:03:29","slug":"tourismus-in-der-gironde","status":"publish","type":"page","link":"https:\/\/www.kerhelen.com\/de\/tourismus-in-der-gironde\/","title":{"rendered":"Tourismus in der Gironde"},"content":{"rendered":"\n<div class=\"wp-block-cover alignfull\" style=\"padding-right:var(--wp--preset--spacing--xxl);padding-left:var(--wp--preset--spacing--xxl)\"><img alt=\"Vue a\u00e9rienne plage, bateaux et oc\u00e9an\" loading=\"lazy\" decoding=\"async\" width=\"2560\" height=\"1440\" class=\"wp-block-cover__image-background wp-image-79 size-16\/9_2560x1440_desktop\" alt=\"\" src=\"https:\/\/www.kerhelen.com\/wp-content\/uploads\/2026\/01\/AdobeStock_186860835-2560x1440.webp\" data-object-fit=\"cover\" srcset=\"https:\/\/www.kerhelen.com\/wp-content\/uploads\/2026\/01\/AdobeStock_186860835-2560x1440.webp 2560w, https:\/\/www.kerhelen.com\/wp-content\/uploads\/2026\/01\/AdobeStock_186860835-300x169.webp 300w, https:\/\/www.kerhelen.com\/wp-content\/uploads\/2026\/01\/AdobeStock_186860835-768x432.webp 768w, https:\/\/www.kerhelen.com\/wp-content\/uploads\/2026\/01\/AdobeStock_186860835-1024x576.webp 1024w, https:\/\/www.kerhelen.com\/wp-content\/uploads\/2026\/01\/AdobeStock_186860835-1920x1080.webp 1920w, https:\/\/www.kerhelen.com\/wp-content\/uploads\/2026\/01\/AdobeStock_186860835-1440x810.webp 1440w, https:\/\/www.kerhelen.com\/wp-content\/uploads\/2026\/01\/AdobeStock_186860835-1366x768.webp 1366w, https:\/\/www.kerhelen.com\/wp-content\/uploads\/2026\/01\/AdobeStock_186860835-800x450.webp 800w, https:\/\/www.kerhelen.com\/wp-content\/uploads\/2026\/01\/AdobeStock_186860835-640x360.webp 640w, https:\/\/www.kerhelen.com\/wp-content\/uploads\/2026\/01\/AdobeStock_186860835-375x210.webp 375w, https:\/\/www.kerhelen.com\/wp-content\/uploads\/2026\/01\/AdobeStock_186860835-200x112.webp 200w, https:\/\/www.kerhelen.com\/wp-content\/uploads\/2026\/01\/AdobeStock_186860835-100x56.webp 100w\" sizes=\"auto, (max-width: 2560px) 100vw, 2560px\" \/><span aria-hidden=\"true\" class=\"wp-block-cover__background has-background-dim-80 has-background-dim wp-block-cover__gradient-background has-background-gradient\" style=\"background:linear-gradient(0deg,rgba(0,0,0,0.96) 2%,rgba(0,0,0,0.01) 100%)\"><\/span><div class=\"wp-block-cover__inner-container is-layout-flow wp-block-cover-is-layout-flow\">\n<div class=\"wp-block-group alignfull hero-lab has-global-padding is-layout-constrained wp-container-core-group-is-layout-812dcb84 wp-block-group-is-layout-constrained\" style=\"padding-top:var(--wp--preset--spacing--xxxxxxl);padding-bottom:var(--wp--preset--spacing--xxxxxxl)\">\n<h1 class=\"wp-block-heading has-text-align-center is-style-title-below has-white-color has-text-color has-link-color has-xxxxxl-font-size wp-elements-ed383a0b676cc6580bd9fe8de1b05039 is-style-title-below--1\">Tourismus in der Bucht von Arcachon<\/h1>\n<\/div>\n<\/div><\/div>\n\n<div class=\"wp-block-cover alignfull has-paragraph-color has-text-color has-link-color wp-elements-2ec41319489047956c7abf100fcc7555\" style=\"padding-right:0;padding-left:0\"><img alt=\"\" decoding=\"async\" class=\"wp-block-cover__image-background wp-image-58 size-full\" alt=\"\" src=\"https:\/\/www.kerhelen.com\/wp-content\/uploads\/2026\/01\/background-hibiscus.svg\" data-object-fit=\"cover\"\/><span aria-hidden=\"true\" class=\"wp-block-cover__background has-background-dim-70 has-background-dim wp-block-cover__gradient-background has-background-gradient has-primary-gradient-gradient-background\"><\/span><div class=\"wp-block-cover__inner-container is-layout-flow wp-block-cover-is-layout-flow\"><div style=\"font-style:normal;font-weight:700; padding-top:1rem;padding-bottom:1rem;margin-top:0;margin-bottom:0;margin-left:var(--wp--preset--spacing--xxl);margin-right:var(--wp--preset--spacing--xxl);\" class=\"alignfull wp-elements-2bba1ce07117fd1bcba77fe5e2f28693 wp-block-wpseopress-breadcrumbs has-text-color has-tertiary-color has-xs-font-size\"><nav  aria-label=\"breadcrumb\"><ol class=\"breadcrumb\" itemscope itemtype=\"https:\/\/schema.org\/BreadcrumbList\"><li class=\"breadcrumb-item active\" aria-current=\"page\" itemprop=\"itemListElement\" itemscope itemtype=\"https:\/\/schema.org\/ListItem\"><span itemprop=\"name\">Camping sur le Bassin d&#8217;Arcachon<\/span><meta itemprop=\"position\" content=\"1\"><\/li><\/ol><\/nav><\/div>\n\n\n<div class=\"wp-block-group alignfull has-global-padding is-layout-constrained wp-container-core-group-is-layout-153433f7 wp-block-group-is-layout-constrained\" style=\"padding-top:var(--wp--preset--spacing--xxl);padding-bottom:var(--wp--preset--spacing--xxl)\">\n<div style=\"height:100px\" aria-hidden=\"true\" class=\"wp-block-spacer\"><\/div>\n\n\n\n<div class=\"wp-block-group has-global-padding is-layout-constrained wp-container-core-group-is-layout-2fb3b2b6 wp-block-group-is-layout-constrained\" style=\"padding-right:var(--wp--preset--spacing--xxl);padding-left:var(--wp--preset--spacing--xxl)\">\n<div class=\"wp-block-group has-global-padding is-layout-constrained wp-block-group-is-layout-constrained\">\n<figure class=\"wp-block-image aligncenter size-full\"><img alt=\"Symbole graphique rouge en forme de fleur.\" loading=\"lazy\" decoding=\"async\" width=\"50\" height=\"50\" src=\"https:\/\/www.kerhelen.com\/wp-content\/uploads\/2026\/02\/hibiscuslogo-1-1.webp\" alt=\"\" class=\"wp-image-2176\"\/><\/figure>\n\n\n\n<h2 class=\"wp-block-heading has-text-align-center is-style-lab-p--subtitle is-style-top-title has-quaternary-color has-text-color has-link-color wp-elements-723d5a21594ed988eb02bdc0f81346d6 is-style-top-title--2\">Was kann man rund um den Campingplatz in der Gironde unternehmen?<\/h2>\n\n\n\n<p class=\"has-text-align-center is-style-lab-title--sub is-style-title-below has-text-primary-color has-text-color has-link-color wp-elements-883b9b70716ebdd928dc018e6c077423 is-style-title-below--3\">Entdecken Sie die touristischen Ziele in der N\u00e4he des Campingplatzes Ker Helen<\/p>\n<\/div>\n\n\n\n<div class=\"wp-block-group has-global-padding is-layout-constrained wp-block-group-is-layout-constrained\">\n<p class=\"has-text-align-center is-style-lab-p--base is-style-top-title has-text-primary-color has-text-color has-link-color wp-elements-76540c9ecf30892ed9aa0b96cd59b1ac is-style-top-title--4\" style=\"margin-top:var(--wp--preset--spacing--s);margin-bottom:var(--wp--preset--spacing--m)\">Kurs auf den Campingplatz Ker Helen in der Gironde!<\/p>\n\n\n\n<p class=\"has-text-align-center\">Aquitanien ist eine gro\u00dfartige Region f\u00fcr einen Urlaub. Unser <strong><a href=\"https:\/\/www.kerhelen.com\/de\/erkunden-sie-die-gironde\/\" data-type=\"page\" data-id=\"73\">Campingplatz in der Gironde<\/a><\/strong> hat eine ideale Lage f\u00fcr Wanderungen und Radtouren. S\u00fcdlich des Bassin d&#8217;Arcachon gelegen, ist dies eine gute Gelegenheit, Ihren Urlaub in der Gironde zu verbringen und das Beste aus Ihrem Urlaub zu machen.  <br\/><br\/>Wenn Sie auf dem Campingplatz wohnen, sind Sie nur wenige Kilometer von der ber\u00fchmten Dune du Pilat entfernt, deren Sonnenunterg\u00e4nge Sie sich nicht entgehen lassen sollten. Entdecken Sie diesen riesigen H\u00fcgel aus feinem Sand, der mit der Bewegung der Sonne seine Farbe \u00e4ndert. Nur f\u00fcnf Minuten vom Campingplatz entfernt haben Sie die M\u00f6glichkeit, Austernh\u00e4fen zu besuchen, die reich an Farben und Entdeckungen sind. Der Parc ornithologique du Teich bietet ein bemerkenswertes Naturschauspiel, in dem viele Vogelarten Zuflucht gefunden haben. Denken Sie auch an die Hauptstadt der Gironde, Bordeaux, die Sie in etwa 35 Minuten erreichen k\u00f6nnen.    <\/p>\n\n\n\n<h2 class=\"wp-block-heading has-text-align-center is-style-top-title is-style-top-title--5\">Das Bassin d&#8217;Arcachon, Badeziel nur einen Katzensprung vom Campingplatz entfernt<\/h2>\n\n\n\n<p class=\"has-text-align-center is-style-lab-p--base has-text-primary-color has-text-color has-link-color wp-elements-6ead2ca1cd0e89a19be5efc8ff271da8\" style=\"margin-top:var(--wp--preset--spacing--s);margin-bottom:var(--wp--preset--spacing--m)\">Die Geographie des Bassin d&#8217;Arcachon ist ideal zum Schwimmen an den typischen Sandstr\u00e4nden. Nur wenige Minuten vom Campingplatz entfernt, packen Sie Ihre Badekleidung, Ihr Handtuch und Ihre Sonnencreme ein und genie\u00dfen Sie eine der sch\u00f6nsten K\u00fcsten Europas. Das Bassin d&#8217;Arcachon ist auch ein beliebtes Ziel f\u00fcr Wassersportarten wie Kanu, Segeln, Stand up Paddle oder Kite-Surfen.  <\/p>\n<\/div>\n<\/div>\n\n\n\n<div style=\"height:100px\" aria-hidden=\"true\" class=\"wp-block-spacer\"><\/div>\n<\/div>\n<\/div><\/div>\n\n<div class=\"wp-block-group alignfull wpgrid-map-section has-primary-color has-background-background-color has-text-color has-background has-link-color wp-elements-5a851d1a97ff4cb8c31f8a29dbf1c0f1 is-layout-flow wp-block-group-is-layout-flow\" style=\"padding-top:var(--wp--preset--spacing--xxxl);padding-right:var(--wp--preset--spacing--xs);padding-bottom:var(--wp--preset--spacing--xxxl);padding-left:var(--wp--preset--spacing--xs)\">\n<div class=\"wp-block-columns wpgrid-map-content is-style-hrz-reponsive-order is-layout-flex wp-container-core-columns-is-layout-24d8def1 wp-block-columns-is-layout-flex\" style=\"margin-top:0;margin-bottom:0;padding-top:0;padding-right:0;padding-bottom:0;padding-left:0\">\n<div class=\"wp-block-column wpgrid-map-left has-primary-color has-text-color has-link-color wp-elements-3245a74dbd24901e1fbc3628f69b910e is-layout-flow wp-block-column-is-layout-flow\"><!-- Gridbuilder \u1d42\u1d3e Plugin (https:\/\/wpgridbuilder.com) -->\n<div class=\"wp-grid-builder wpgb-grid-5 grid-color-text\" data-options=\"{&quot;id&quot;:5,&quot;type&quot;:&quot;masonry&quot;,&quot;source&quot;:&quot;post_type&quot;,&quot;loader&quot;:false,&quot;layout&quot;:&quot;vertical&quot;,&quot;reveal&quot;:0,&quot;isMainQuery&quot;:false,&quot;lazyLoad&quot;:false,&quot;cardSizes&quot;:{&quot;9999&quot;:{&quot;columns&quot;:3,&quot;height&quot;:120,&quot;gutter&quot;:10,&quot;ratio&quot;:&quot;1.33333&quot;},&quot;1024&quot;:{&quot;columns&quot;:2,&quot;height&quot;:120,&quot;gutter&quot;:10,&quot;ratio&quot;:&quot;1.33333&quot;},&quot;425&quot;:{&quot;columns&quot;:1,&quot;height&quot;:120,&quot;gutter&quot;:0,&quot;ratio&quot;:&quot;1.33333&quot;}},&quot;fitRows&quot;:false,&quot;equalRows&quot;:0,&quot;equalColumns&quot;:true,&quot;fillLastRow&quot;:0,&quot;centerLastRow&quot;:0,&quot;horizontalOrder&quot;:true,&quot;fullWidth&quot;:false,&quot;transitionDelay&quot;:100,&quot;gallerySlideshow&quot;:false,&quot;rowsNumber&quot;:1,&quot;slideAlign&quot;:&quot;left&quot;,&quot;groupCells&quot;:1,&quot;draggable&quot;:true,&quot;initialIndex&quot;:0,&quot;contain&quot;:false,&quot;freeScroll&quot;:false,&quot;freeFriction&quot;:&quot;0.075&quot;,&quot;friction&quot;:&quot;0.285&quot;,&quot;attraction&quot;:&quot;0.025&quot;,&quot;autoPlay&quot;:0,&quot;pageDotAriaLabel&quot;:&quot;Page dot %d&quot;,&quot;isPreview&quot;:false,&quot;isGutenberg&quot;:false,&quot;rightToLeft&quot;:false}\"><div class=\"wpgb-svg-icons\" hidden>\n\t<svg viewBox=\"0 0 120 24\" width=\"0\" height=\"0\">\n\t<defs>\n        <polygon id=\"wpgb-star-svg\" points=\"12 2.5 15.1 8.8 22 9.8 17 14.6 18.2 21.5 12 18.3 5.8 21.5 7 14.6 2 9.8 8.9 8.8\"><\/polygon>\n    <\/defs>\n    <symbol id=\"wpgb-rating-stars-svg\">\n        <use xlink:href=\"#wpgb-star-svg\"><\/use>\n        <use xlink:href=\"#wpgb-star-svg\" x=\"24\"><\/use>\n        <use xlink:href=\"#wpgb-star-svg\" x=\"48\"><\/use>\n        <use xlink:href=\"#wpgb-star-svg\" x=\"72\"><\/use>\n        <use xlink:href=\"#wpgb-star-svg\" x=\"96\"><\/use>\n    <\/symbol>\n<\/svg>\n<\/div>\n<div class=\"wpgb-wrapper\">\n\t<div class=\"wpgb-main\">\n\t<div class=\"wpgb-area wpgb-area-top-2\">\n\t<div class=\"wpgb-facet wpgb-loading wpgb-facet-1\" data-facet=\"1\" data-grid=\"5\">\t<h4 class=\"wpgb-facet-title\">Kategorien von Orten<\/h4>\n\t\t<fieldset>\n\t\t<legend class=\"wpgb-facet-title wpgb-sr-only\">Kategorien von Orten<\/legend>\n\t\t<div class=\"wpgb-select-facet\"><label><span class=\"wpgb-sr-only\">Kategorien von Orten<\/span><select class=\"wpgb-select wpgb-combobox\" name=\"plune_map_checkbox_cat_lieux\" multiple><option value=\"\">Keine<\/option><option value=\"zu-sehen-zu-tun\">Zu sehen zu tun&nbsp;(4)<\/option><\/select><span class=\"wpgb-select-controls\"><span class=\"wpgb-select-separator\"><\/span><svg class=\"wpgb-select-toggle\" viewBox=\"0 0 24 24\" height=\"24\" width=\"24\" aria-hidden=\"true\" focusable=\"false\"><path d=\"m12 14.536-.045.043.045-.043-5.3-5.114 5.3 5.114 5.3-5.114-5.3 5.114.045.043Z\"\/><\/svg><\/span><\/label><\/div>\t<\/fieldset>\n\t<\/div><div class=\"wpgb-facet wpgb-loading wpgb-facet-11\" data-facet=\"11\" data-grid=\"5\">\t<h4 class=\"wpgb-facet-title\">Entfernung zum Campingplatz<\/h4>\n\t\t<fieldset>\n\t\t<legend class=\"wpgb-facet-title wpgb-sr-only\">Entfernung zum Campingplatz<\/legend>\n\t\t<div class=\"wpgb-range-facet\">\n\t\t\t\t<input type=\"range\" class=\"wpgb-range\" name=\"range_distance[]\" min=\"2\" max=\"50\" step=\"1\" value=\"2\" hidden>\n\t\t\t\t<input type=\"range\" class=\"wpgb-range\" name=\"range_distance[]\" min=\"2\" max=\"50\" step=\"0.00001\" value=\"50\" hidden>\n\t\t\t\t<div class=\"wpgb-range-facet-loader\"><div class=\"wpgb-range-slider\"><div class=\"wpgb-range-progress\"><\/div><div class=\"wpgb-range-thumbs\"><div class=\"wpgb-range-thumb\"><\/div><div class=\"wpgb-range-thumb\"><\/div><\/div><\/div><span class=\"wpgb-range-values\"><span><\/span><\/span><button type=\"button\" class=\"wpgb-range-clear\" disabled>Zur\u00fccksetzen<\/button><\/div>\n\t\t\t<\/div>\t<\/fieldset>\n\t<\/div><\/div>\n<div class=\"wpgb-layout\">\n\t<div class=\"wpgb-viewport\">\n\t\t<div class=\"wpgb-masonry\">\n\t\t\t<article class=\"wpgb-card wpgb-card-21 wpgb-post-3810\" data-col=\"1\" data-row=\"1\" data-format=\"standard\" data-fluid><div class=\"wpgb-card-wrapper\"><div class=\"wpgb-card-inner\"><div class=\"wpgb-card-media wpgb-scheme-light\" data-action><svg data-ratio style=\"padding-top:44.4%\" viewBox=\"0 0 768 341\" aria-hidden=\"true\"><\/svg><div class=\"wpgb-card-media-thumbnail\"><a href=\"https:\/\/www.kerhelen.com\/wp-content\/uploads\/2026\/02\/bordeaux-camping-ker-helen-bassin-arcachon_02-scaled.webp\" tabindex=\"-1\" class=\"wpgb-handle-lb wpgb-lightbox\" data-type=\"image\" data-rel=\"5\" data-title=\"bordeaux camping ker helen bassin arcachon 02\" title=\"Enlarge photo\"><div style=\"background-image:url(https:\/\/www.kerhelen.com\/wp-content\/uploads\/2026\/02\/bordeaux-camping-ker-helen-bassin-arcachon_02-768x341.webp)\"><\/div><noscript><img loading=\"lazy\" decoding=\"async\" class=\"wpgb-noscript-img\" src=\"https:\/\/www.kerhelen.com\/wp-content\/uploads\/2026\/02\/bordeaux-camping-ker-helen-bassin-arcachon_02-768x341.webp\" alt=\"Der beleuchtete Place de la Bourse in Bordeaux, Frankreich.\" height=\"341\" width=\"768\"><\/noscript><\/a><\/div><a class=\"wpgb-card-layer-link\" target=\"_self\" href=\"https:\/\/www.kerhelen.com\/de\/lieux\/bordeaux\/\"><\/a><\/div><div class=\"wpgb-card-content wpgb-scheme-dark\"><div class=\"wpgb-card-body\"><div class=\"wpgb-block-7\"><h3 class=\"wpgb-block-1\"><a href=\"https:\/\/www.kerhelen.com\/de\/lieux\/bordeaux\/\">Bordeaux<\/a><\/h3><\/div><div class=\"wpgb-block-5\"><span class=\"wpgb-block-term\" data-id=\"30\">Zu sehen zu tun<\/span><\/div><div class=\"wpgb-block-2\"><p>Auf dem Campingplatz Ker Helen haben wir alle n\u00fctzlichen Dienstleistungen zusammengestellt, um Ihren Aufenthalt t\u00e4glich zu begleiten&#8230;<\/p><\/div><div class=\"wpgb-block-3\">Entfernung zum Campingplatz :  50km<\/div><\/div><div class=\"wpgb-card-footer\"><a class=\"wpgb-block-4\" href=\"https:\/\/www.kerhelen.com\/de\/lieux\/bordeaux\/\"><strong>Weitere Informationen<\/strong><\/a><\/div><\/div><\/div><\/div><\/article><article class=\"wpgb-card wpgb-card-21 wpgb-post-3841\" data-col=\"1\" data-row=\"1\" data-format=\"standard\" data-fluid><div class=\"wpgb-card-wrapper\"><div class=\"wpgb-card-inner\"><div class=\"wpgb-card-media wpgb-scheme-light\" data-action><svg data-ratio style=\"padding-top:45.44%\" viewBox=\"0 0 768 349\" aria-hidden=\"true\"><\/svg><div class=\"wpgb-card-media-thumbnail\"><a href=\"https:\/\/www.kerhelen.com\/wp-content\/uploads\/2026\/02\/dune-pyla-camping-ker-helen-bassin-arcachon_02-scaled.webp\" tabindex=\"-1\" class=\"wpgb-handle-lb wpgb-lightbox\" data-type=\"image\" data-rel=\"5\" data-title=\"dune pyla camping ker helen bassin arcachon 02\" title=\"Enlarge photo\"><div style=\"background-image:url(https:\/\/www.kerhelen.com\/wp-content\/uploads\/2026\/02\/dune-pyla-camping-ker-helen-bassin-arcachon_02-768x349.webp)\"><\/div><noscript><img loading=\"lazy\" decoding=\"async\" class=\"wpgb-noscript-img\" src=\"https:\/\/www.kerhelen.com\/wp-content\/uploads\/2026\/02\/dune-pyla-camping-ker-helen-bassin-arcachon_02-768x349.webp\" alt=\"\" height=\"349\" width=\"768\"><\/noscript><\/a><\/div><a class=\"wpgb-card-layer-link\" target=\"_self\" href=\"https:\/\/www.kerhelen.com\/de\/lieux\/duene-von-pilat\/\"><\/a><\/div><div class=\"wpgb-card-content wpgb-scheme-dark\"><div class=\"wpgb-card-body\"><div class=\"wpgb-block-7\"><h3 class=\"wpgb-block-1\"><a href=\"https:\/\/www.kerhelen.com\/de\/lieux\/duene-von-pilat\/\">D\u00fcne von Pilat<\/a><\/h3><\/div><div class=\"wpgb-block-5\"><span class=\"wpgb-block-term\" data-id=\"30\">Zu sehen zu tun<\/span><\/div><p class=\"wpgb-block-2\">Besuchen Sie die Dune du Pilat vom Campingplatz Ker Helen aus, in der N\u00e4he des Bassin d&#8217;Arcachon. Ein Sandriese im&#8230;<\/p><div class=\"wpgb-block-3\">Entfernung zum Campingplatz :  18km<\/div><\/div><div class=\"wpgb-card-footer\"><a class=\"wpgb-block-4\" href=\"https:\/\/www.kerhelen.com\/de\/lieux\/duene-von-pilat\/\"><strong>Weitere Informationen<\/strong><\/a><\/div><\/div><\/div><\/div><\/article><article class=\"wpgb-card wpgb-card-21 wpgb-post-3776\" data-col=\"1\" data-row=\"1\" data-format=\"standard\" data-fluid><div class=\"wpgb-card-wrapper\"><div class=\"wpgb-card-inner\"><div class=\"wpgb-card-media wpgb-scheme-light\" data-action><svg data-ratio style=\"padding-top:66.67%\" viewBox=\"0 0 768 512\" aria-hidden=\"true\"><\/svg><div class=\"wpgb-card-media-thumbnail\"><a href=\"https:\/\/www.kerhelen.com\/wp-content\/uploads\/2026\/02\/bassin-arcachon-camping-ker-helen-bassin-arcachon_02-scaled.webp\" tabindex=\"-1\" class=\"wpgb-handle-lb wpgb-lightbox\" data-type=\"image\" data-rel=\"5\" data-title=\"becken arcachon camping ker helen becken arcachon 02\" title=\"Enlarge photo\"><div style=\"background-image:url(https:\/\/www.kerhelen.com\/wp-content\/uploads\/2026\/02\/bassin-arcachon-camping-ker-helen-bassin-arcachon_02-768x512.webp)\"><\/div><noscript><img loading=\"lazy\" decoding=\"async\" class=\"wpgb-noscript-img\" src=\"https:\/\/www.kerhelen.com\/wp-content\/uploads\/2026\/02\/bassin-arcachon-camping-ker-helen-bassin-arcachon_02-768x512.webp\" alt=\"\" height=\"512\" width=\"768\"><\/noscript><\/a><\/div><a class=\"wpgb-card-layer-link\" target=\"_self\" href=\"https:\/\/www.kerhelen.com\/de\/lieux\/arcachon-becken\/\"><\/a><\/div><div class=\"wpgb-card-content wpgb-scheme-dark\"><div class=\"wpgb-card-body\"><div class=\"wpgb-block-7\"><h3 class=\"wpgb-block-1\"><a href=\"https:\/\/www.kerhelen.com\/de\/lieux\/arcachon-becken\/\">Arcachon-Becken<\/a><\/h3><\/div><div class=\"wpgb-block-5\"><span class=\"wpgb-block-term\" data-id=\"30\">Zu sehen zu tun<\/span><\/div><div class=\"wpgb-block-2\"><p>Das Bassin d&#8217;Arcachon ist die wichtigste nat\u00fcrliche Attraktion der Region und ein Muss bei einem Aufenthalt in der Gironde&#8230;<\/p><\/div><div class=\"wpgb-block-3\">Entfernung zum Campingplatz :  10km<\/div><\/div><div class=\"wpgb-card-footer\"><a class=\"wpgb-block-4\" href=\"https:\/\/www.kerhelen.com\/de\/lieux\/arcachon-becken\/\"><strong>Weitere Informationen<\/strong><\/a><\/div><\/div><\/div><\/div><\/article><article class=\"wpgb-card wpgb-card-21 wpgb-post-3826\" data-col=\"1\" data-row=\"1\" data-format=\"standard\" data-fluid><div class=\"wpgb-card-wrapper\"><div class=\"wpgb-card-inner\"><div class=\"wpgb-card-media wpgb-scheme-light\" data-action><svg data-ratio style=\"padding-top:66.67%\" viewBox=\"0 0 768 512\" aria-hidden=\"true\"><\/svg><div class=\"wpgb-card-media-thumbnail\"><a href=\"https:\/\/www.kerhelen.com\/wp-content\/uploads\/2026\/02\/le-teich-camping-ker-helen-bassin-arcachon_02-scaled.webp\" tabindex=\"-1\" class=\"wpgb-handle-lb wpgb-lightbox\" data-type=\"image\" data-rel=\"5\" data-title=\"le-teich-camping-ker-helen-bassin-arcachon_02\" title=\"Enlarge photo\"><div style=\"background-image:url(https:\/\/www.kerhelen.com\/wp-content\/uploads\/2026\/02\/le-teich-camping-ker-helen-bassin-arcachon_02-768x512.webp)\"><\/div><noscript><img loading=\"lazy\" decoding=\"async\" class=\"wpgb-noscript-img\" src=\"https:\/\/www.kerhelen.com\/wp-content\/uploads\/2026\/02\/le-teich-camping-ker-helen-bassin-arcachon_02-768x512.webp\" alt=\"Luftaufnahme der S\u00fcmpfe, soweit das Auge reicht.\" height=\"512\" width=\"768\"><\/noscript><\/a><\/div><a class=\"wpgb-card-layer-link\" target=\"_self\" href=\"https:\/\/www.kerhelen.com\/de\/lieux\/le-teich\/\"><\/a><\/div><div class=\"wpgb-card-content wpgb-scheme-dark\"><div class=\"wpgb-card-body\"><div class=\"wpgb-block-7\"><h3 class=\"wpgb-block-1\"><a href=\"https:\/\/www.kerhelen.com\/de\/lieux\/le-teich\/\">Le teich<\/a><\/h3><\/div><div class=\"wpgb-block-5\"><span class=\"wpgb-block-term\" data-id=\"30\">Zu sehen zu tun<\/span><\/div><p class=\"wpgb-block-2\">Im S\u00fcden des Bassin d&#8217;Arcachon ist Le Teich ein perfektes Reiseziel f\u00fcr alle, die Spazierg\u00e4nge, Naturbeobachtung und das lokale Leben&#8230;<\/p><div class=\"wpgb-block-3\">Entfernung zum Campingplatz :  2km<\/div><\/div><div class=\"wpgb-card-footer\"><a class=\"wpgb-block-4\" href=\"https:\/\/www.kerhelen.com\/de\/lieux\/le-teich\/\"><strong>Weitere Informationen<\/strong><\/a><\/div><\/div><\/div><\/div><\/article>\t\t<\/div>\n\t<\/div>\n\t<\/div>\n\t<\/div>\n\t\t<\/div>\n<\/div>\n<\/div>\n\n\n\n<div class=\"wp-block-column wpgrid-map-right is-layout-flow wp-block-column-is-layout-flow\" style=\"padding-top:var(--wp--preset--spacing--m);padding-right:0;padding-bottom:0;padding-left:0\"><div class=\"wpgb-facet wpgb-loading wpgb-facet-9\" data-facet=\"9\" data-grid=\"5\">\t<fieldset>\n\t\t<legend class=\"wpgb-facet-title wpgb-sr-only\">Plune Map &#8211; Map facet<\/legend>\n\t\t<div class=\"wpgb-map-facet\" style=\"padding-bottom:100%\"><\/div><label class=\"wpgb-map-pan-to-search\">\n\t\t\t\t<input type=\"checkbox\">\n\t\t\t\t<span class=\"wpgb-checkbox-control\"><\/span>\n\t\t\t\t<span class=\"wpgb-map-pan-label\">Suchen, wenn ich die Karte verschiebe<\/span>\n\t\t\t<\/label>\t<\/fieldset>\n\t<\/div><\/div>\n<\/div>\n\n\n\n<div style=\"height:100px\" aria-hidden=\"true\" class=\"wp-block-spacer\"><\/div>\n<\/div>\n","protected":false},"excerpt":{"rendered":"","protected":false},"author":1,"featured_media":0,"parent":0,"menu_order":7,"comment_status":"closed","ping_status":"closed","template":"page-no-title","meta":{"_acf_changed":false,"_seopress_robots_primary_cat":"","_seopress_titles_title":"Tourismus Gironde | Was kann man in der N\u00e4he eines Campingplatzes in der Gironde (33) unternehmen?","_seopress_titles_desc":"Was kann man in der Gironde unternehmen? Besuchen Sie vom Campingplatz Ker Helen aus die Dune du Pilat, die Austernh\u00e4fen und Bordeaux. Entdecken Sie das Beste des Bassin d'Arcachon!  ","_seopress_robots_index":"","footnotes":""},"class_list":["post-3726","page","type-page","status-publish","hentry"],"acf":[],"_links":{"self":[{"href":"https:\/\/www.kerhelen.com\/de\/wp-json\/wp\/v2\/pages\/3726","targetHints":{"allow":["GET"]}}],"collection":[{"href":"https:\/\/www.kerhelen.com\/de\/wp-json\/wp\/v2\/pages"}],"about":[{"href":"https:\/\/www.kerhelen.com\/de\/wp-json\/wp\/v2\/types\/page"}],"author":[{"embeddable":true,"href":"https:\/\/www.kerhelen.com\/de\/wp-json\/wp\/v2\/users\/1"}],"replies":[{"embeddable":true,"href":"https:\/\/www.kerhelen.com\/de\/wp-json\/wp\/v2\/comments?post=3726"}],"version-history":[{"count":2,"href":"https:\/\/www.kerhelen.com\/de\/wp-json\/wp\/v2\/pages\/3726\/revisions"}],"predecessor-version":[{"id":3752,"href":"https:\/\/www.kerhelen.com\/de\/wp-json\/wp\/v2\/pages\/3726\/revisions\/3752"}],"wp:attachment":[{"href":"https:\/\/www.kerhelen.com\/de\/wp-json\/wp\/v2\/media?parent=3726"}],"curies":[{"name":"wp","href":"https:\/\/api.w.org\/{rel}","templated":true}]}}