{"id":3732,"date":"2026-01-22T17:34:36","date_gmt":"2026-01-22T16:34:36","guid":{"rendered":"https:\/\/www.kerhelen.com\/erkunden-sie-die-gironde\/"},"modified":"2026-02-23T14:03:28","modified_gmt":"2026-02-23T13:03:28","slug":"erkunden-sie-die-gironde","status":"publish","type":"page","link":"https:\/\/www.kerhelen.com\/de\/erkunden-sie-die-gironde\/","title":{"rendered":"Erkunden Sie die Gironde"},"content":{"rendered":"\n<div class=\"wp-block-group alignfull hrz-hero-4 swiper swiper-slider-6-hero has-global-padding is-layout-constrained wp-container-core-group-is-layout-481dc8fc wp-block-group-is-layout-constrained\" style=\"margin-top:0;margin-bottom:0;padding-top:0;padding-right:0;padding-bottom:0;padding-left:0\">\n<div class=\"wp-block-group alignfull hrz-hero-4-content has-background has-global-padding is-layout-constrained wp-container-core-group-is-layout-187a3841 wp-block-group-is-layout-constrained\" style=\"background:linear-gradient(0deg,rgba(0,0,0,0.62) 2%,rgba(0,0,0,0.01) 57%);padding-right:var(--wp--preset--spacing--l);padding-left:var(--wp--preset--spacing--l)\">\n<div class=\"wp-block-group is-layout-flow wp-block-group-is-layout-flow\">\n<figure class=\"wp-block-image aligncenter size-logo_footer\"><img alt=\"\" loading=\"lazy\" decoding=\"async\" width=\"200\" height=\"220\" src=\"https:\/\/www.kerhelen.com\/wp-content\/uploads\/2026\/01\/logo-200x220.webp\" alt=\"\" class=\"wp-image-229\"\/><\/figure>\n<\/div>\n\n\n\n<div class=\"wp-block-group has-real-white-color has-text-color has-link-color wp-elements-3753d07becd1a181174149a59e96a59c is-layout-flow wp-block-group-is-layout-flow\">\n<h1 class=\"wp-block-heading has-text-align-center has-real-white-color has-text-color has-link-color has-tertiary-font-family has-xxxl-font-size wp-elements-ed04e3cae29fc45ef88f6c43fe9a9c68\">Campingurlaub in der Gironde, zwischen Natur und Ozean<\/h1>\n\n\n\n<p class=\"has-text-align-center is-style-title-below has-real-white-color has-text-color has-link-color has-xxxxxl-font-size wp-elements-2c46ac44b103d3fe46b216a5412f7902 is-style-title-below--1\">Ein Departement mit vielen Facetten, die es zu erkunden gilt<\/p>\n<\/div>\n\n\n\n<div class=\"wp-block-group pagination is-content-justification-center is-nowrap is-layout-flex wp-container-core-group-is-layout-dae12945 wp-block-group-is-layout-flex\" style=\"padding-top:var(--wp--preset--spacing--m);padding-left:0\">\n<div class=\"wp-block-group hrz-slider-6-pagination hrz-slider-dots has-global-padding is-content-justification-center is-layout-constrained wp-block-group-is-layout-constrained\" style=\"border-radius:8px\"><\/div>\n<\/div>\n<\/div>\n\n\n\n<div class=\"wp-block-group alignfull swiper-wrapper is-nowrap is-layout-flex wp-container-core-group-is-layout-879c0eda wp-block-group-is-layout-flex\" style=\"margin-top:0;margin-bottom:0;padding-top:0;padding-right:0;padding-bottom:0;padding-left:0\">\n<div class=\"wp-block-group swiper-slide has-global-padding is-layout-constrained wp-block-group-is-layout-constrained\">\n<figure class=\"wp-block-image alignfull size-4\/3_2560x1920\" style=\"margin-top:0;margin-right:0;margin-bottom:0;margin-left:0\"><img alt=\"Vue sur la dune et for\u00eat verdoyante\" loading=\"lazy\" decoding=\"async\" width=\"2560\" height=\"1920\" src=\"https:\/\/www.kerhelen.com\/wp-content\/uploads\/2026\/02\/gironde-camping-ker-helen-bassin-arcachon-2560x1920.webp\" alt=\"\" class=\"wp-image-1315\" srcset=\"https:\/\/www.kerhelen.com\/wp-content\/uploads\/2026\/02\/gironde-camping-ker-helen-bassin-arcachon-2560x1920.webp 2560w, https:\/\/www.kerhelen.com\/wp-content\/uploads\/2026\/02\/gironde-camping-ker-helen-bassin-arcachon-1440x1080.webp 1440w, https:\/\/www.kerhelen.com\/wp-content\/uploads\/2026\/02\/gironde-camping-ker-helen-bassin-arcachon-1024x768.webp 1024w, https:\/\/www.kerhelen.com\/wp-content\/uploads\/2026\/02\/gironde-camping-ker-helen-bassin-arcachon-720x540.webp 720w, https:\/\/www.kerhelen.com\/wp-content\/uploads\/2026\/02\/gironde-camping-ker-helen-bassin-arcachon-320x240.webp 320w, https:\/\/www.kerhelen.com\/wp-content\/uploads\/2026\/02\/gironde-camping-ker-helen-bassin-arcachon-160x120.webp 160w\" sizes=\"auto, (max-width: 2560px) 100vw, 2560px\" \/><\/figure>\n<\/div>\n<\/div>\n<\/div>\n\n<div class=\"wp-block-cover alignfull overflow-visible has-paragraph-color has-text-color has-link-color wp-elements-43bac9ba93beb31a153c80da8f665e89\" style=\"padding-right:0;padding-left:0\"><img alt=\"\" decoding=\"async\" class=\"wp-block-cover__image-background wp-image-58 size-full\" alt=\"\" src=\"https:\/\/www.kerhelen.com\/wp-content\/uploads\/2026\/01\/background-hibiscus.svg\" data-object-fit=\"cover\"\/><span aria-hidden=\"true\" class=\"wp-block-cover__background has-background-dim-60 has-background-dim wp-block-cover__gradient-background has-background-gradient\" style=\"background:linear-gradient(0deg,rgb(255,251,240) 0%,rgba(255,251,240,0.02) 100%)\"><\/span><div class=\"wp-block-cover__inner-container has-global-padding is-layout-constrained wp-container-core-cover-is-layout-7db9d80f wp-block-cover-is-layout-constrained\">\n<div class=\"wp-block-group alignfull is-relative is-layout-flow wp-block-group-is-layout-flow\">\n<div class=\"wp-block-group palm palm-top-right has-global-padding is-layout-constrained wp-container-core-group-is-layout-d9684685 wp-block-group-is-layout-constrained\">\n<figure class=\"wp-block-image size-3\/4_600x800_desktop\"><img alt=\"\" decoding=\"async\" src=\"https:\/\/www.kerhelen.com\/wp-content\/uploads\/2026\/01\/palm-reverse-600x800.webp\" alt=\"\" class=\"wp-image-334\"\/><\/figure>\n<\/div>\n\n\n<div style=\"margin-top:var(--wp--preset--spacing--xxxl);margin-left:var(--wp--preset--spacing--xxxl);\" class=\"alignleft wp-elements-4690a470cdfde080797342c6ad8439fe wp-block-wpseopress-breadcrumbs has-text-color has-tertiary-color\"><nav  aria-label=\"breadcrumb\"><ol class=\"breadcrumb\" itemscope itemtype=\"https:\/\/schema.org\/BreadcrumbList\"><li class=\"breadcrumb-item active\" aria-current=\"page\" itemprop=\"itemListElement\" itemscope itemtype=\"https:\/\/schema.org\/ListItem\"><span itemprop=\"name\">Camping sur le Bassin d&#8217;Arcachon<\/span><meta itemprop=\"position\" content=\"1\"><\/li><\/ol><\/nav><\/div>\n\n\n<div style=\"height:180px\" aria-hidden=\"true\" class=\"wp-block-spacer\"><\/div>\n\n\n\n<div class=\"wp-block-group z-1 has-global-padding is-layout-constrained wp-container-core-group-is-layout-5df54855 wp-block-group-is-layout-constrained\" style=\"padding-right:var(--wp--preset--spacing--xxl);padding-left:var(--wp--preset--spacing--xxl)\">\n<div class=\"wp-block-group fade has-global-padding is-layout-constrained wp-container-core-group-is-layout-ac9039ec wp-block-group-is-layout-constrained\">\n<div class=\"wp-block-group has-global-padding is-layout-constrained wp-block-group-is-layout-constrained\">\n<figure class=\"wp-block-image aligncenter size-full\"><img alt=\"Symbole graphique rouge en forme de fleur.\" loading=\"lazy\" decoding=\"async\" width=\"50\" height=\"50\" src=\"https:\/\/www.kerhelen.com\/wp-content\/uploads\/2026\/02\/hibiscuslogo-1-1.webp\" alt=\"\" class=\"wp-image-2176\"\/><\/figure>\n<\/div>\n\n\n\n<div class=\"wp-block-group has-global-padding is-layout-constrained wp-block-group-is-layout-constrained\">\n<p class=\"has-text-align-center is-style-top-title is-style-top-title--2\">Die Gironde, ein Land f\u00fcr Urlaub und Camping<\/p>\n\n\n\n<p class=\"has-text-align-center\">Ein <strong>Urlaub in der Gironde<\/strong> bietet Ihnen die M\u00f6glichkeit, die wundersch\u00f6nen Orte zu entdecken, die das Land zu bieten hat, insbesondere das ber\u00fchmte <strong>Bassin d&#8217;Arcachon<\/strong>. Die Hauptstadt <strong>Bordeaux<\/strong> ist ein gutes Beispiel f\u00fcr einen Ort, den Sie w\u00e4hrend Ihres Urlaubs unbedingt besuchen sollten. Ihre Dynamik und ihr kultureller Reichtum machen sie zu einem der wichtigsten Ziele f\u00fcr Urlauber, die auf der Suche nach Entdeckungen sind.  <\/p>\n\n\n\n<p class=\"has-text-align-center\">Naturliebhaber bevorzugen die Atlantikk\u00fcste und insbesondere das Bassin d&#8217;Arcachon mit seinen H\u00e4fen, Sandstr\u00e4nden und gesch\u00fctzten Naturgebieten. Die Rad- und Wanderwege in diesem Gebiet machen es sehr angenehm zu bereisen. Im Norden des Bassin d&#8217;Arcachon befinden sich die <strong>Seen von Lacanau und Hourtin<\/strong>, weitere Naturgebiete, die Sie von unserem Campingplatz aus entdecken k\u00f6nnen. <strong><a href=\"https:\/\/www.kerhelen.com\/de\/erkunden-sie-nouvelle-aquitaine\/\" data-type=\"page\" data-id=\"72\">Campingplatz in der Region Nouvelle-Aquitaine<\/a><\/strong>.  <\/p>\n\n\n\n<h2 class=\"wp-block-heading has-text-align-center is-style-top-title is-style-top-title--3\">Aufenthalt am Meer in der Gironde<\/h2>\n\n\n\n<p class=\"has-text-align-center\">Die <strong>Gironde<\/strong> ist ein gro\u00dfartiger Ort f\u00fcr Badeg\u00e4ste. Die Atlantikk\u00fcste, die vor dem Bassin d&#8217;Arcachon fast geradlinig verl\u00e4uft, bildet lange Sandstr\u00e4nde, die ideal f\u00fcr lange Nachmittage sind, an denen Sie sich von den Wellen treiben lassen oder in der Sonne liegen k\u00f6nnen. Das Bassin d&#8217;Arcachon bietet Ihnen einen bemerkenswerten Wassermikrokosmos.  <\/p>\n\n\n\n<p class=\"has-text-align-center\">Die Gironde eignet sich auch f\u00fcr Wassersportarten wie Segeln, Kite-Surfen oder Kajakfahren.<\/p>\n\n\n\n<p class=\"has-text-align-center\">Das Departement Gironde bietet Ihnen seine Naturgebiete, seine gesch\u00fctzte K\u00fcste, sein Kulturerbe und <strong>seine Bordeaux-Weine<\/strong>, es empf\u00e4ngt Sie mit seiner <strong>M\u00fcndung<\/strong>, seinen<strong> Seen<\/strong>, seinen <strong>Fl\u00fcssen<\/strong> und nat\u00fcrlich mit seinen Ozeanstr\u00e4nden.<\/p>\n<\/div>\n<\/div>\n<\/div>\n\n\n\n<div style=\"height:200px\" aria-hidden=\"true\" class=\"wp-block-spacer\"><\/div>\n<\/div>\n<\/div><\/div>\n","protected":false},"excerpt":{"rendered":"<p>Campingurlaub in der Gironde, zwischen Natur und Ozean Ein Departement mit vielen Facetten, die es zu erkunden gilt<\/p>\n","protected":false},"author":1,"featured_media":0,"parent":0,"menu_order":14,"comment_status":"closed","ping_status":"closed","template":"page-no-title","meta":{"_acf_changed":false,"_seopress_robots_primary_cat":"","_seopress_titles_title":"Campingplatz Gironde | Campingplatz am Bassin d'Arcachon Ker Helen","_seopress_titles_desc":"Lust auf einen Urlaub in der Gironde? Entdecken Sie den 4-Sterne-Campingplatz Ker Helen an der Bucht von Arcachon. Beheizter Swimmingpool, Cottages und Stellpl\u00e4tze in Le Teich.  ","_seopress_robots_index":"","footnotes":""},"class_list":["post-3732","page","type-page","status-publish","hentry"],"acf":[],"_links":{"self":[{"href":"https:\/\/www.kerhelen.com\/de\/wp-json\/wp\/v2\/pages\/3732","targetHints":{"allow":["GET"]}}],"collection":[{"href":"https:\/\/www.kerhelen.com\/de\/wp-json\/wp\/v2\/pages"}],"about":[{"href":"https:\/\/www.kerhelen.com\/de\/wp-json\/wp\/v2\/types\/page"}],"author":[{"embeddable":true,"href":"https:\/\/www.kerhelen.com\/de\/wp-json\/wp\/v2\/users\/1"}],"replies":[{"embeddable":true,"href":"https:\/\/www.kerhelen.com\/de\/wp-json\/wp\/v2\/comments?post=3732"}],"version-history":[{"count":2,"href":"https:\/\/www.kerhelen.com\/de\/wp-json\/wp\/v2\/pages\/3732\/revisions"}],"predecessor-version":[{"id":3756,"href":"https:\/\/www.kerhelen.com\/de\/wp-json\/wp\/v2\/pages\/3732\/revisions\/3756"}],"wp:attachment":[{"href":"https:\/\/www.kerhelen.com\/de\/wp-json\/wp\/v2\/media?parent=3732"}],"curies":[{"name":"wp","href":"https:\/\/api.w.org\/{rel}","templated":true}]}}