{"id":3740,"date":"2026-01-22T17:34:25","date_gmt":"2026-01-22T16:34:25","guid":{"rendered":"https:\/\/www.kerhelen.com\/erkunden-sie-nouvelle-aquitaine\/"},"modified":"2026-02-23T14:03:25","modified_gmt":"2026-02-23T13:03:25","slug":"erkunden-sie-nouvelle-aquitaine","status":"publish","type":"page","link":"https:\/\/www.kerhelen.com\/de\/erkunden-sie-nouvelle-aquitaine\/","title":{"rendered":"Erkunden Sie Nouvelle-Aquitaine"},"content":{"rendered":"\n<div class=\"wp-block-group alignfull hrz-hero-4 swiper swiper-slider-6-hero has-global-padding is-layout-constrained wp-container-core-group-is-layout-481dc8fc wp-block-group-is-layout-constrained\" style=\"margin-top:0;margin-bottom:0;padding-top:0;padding-right:0;padding-bottom:0;padding-left:0\">\n<div class=\"wp-block-group alignfull hrz-hero-4-content has-background has-global-padding is-layout-constrained wp-container-core-group-is-layout-187a3841 wp-block-group-is-layout-constrained\" style=\"background:linear-gradient(0deg,rgba(0,0,0,0.62) 2%,rgba(0,0,0,0.01) 57%);padding-right:var(--wp--preset--spacing--l);padding-left:var(--wp--preset--spacing--l)\">\n<div class=\"wp-block-group is-layout-flow wp-block-group-is-layout-flow\">\n<figure class=\"wp-block-image aligncenter size-logo_footer\"><img alt=\"\" loading=\"lazy\" decoding=\"async\" width=\"200\" height=\"220\" src=\"https:\/\/www.kerhelen.com\/wp-content\/uploads\/2026\/01\/logo-200x220.webp\" alt=\"\" class=\"wp-image-229\"\/><\/figure>\n<\/div>\n\n\n\n<div class=\"wp-block-group has-real-white-color has-text-color has-link-color wp-elements-3375e08185600e41ef5cd608e6d1eacd is-layout-flow wp-block-group-is-layout-flow\">\n<h1 class=\"wp-block-heading has-text-align-center has-real-white-color has-text-color has-link-color has-tertiary-font-family has-xxxl-font-size wp-elements-984007fc959963fd9b421d415852e396\">Campingurlaub in der Region Nouvelle-Aquitaine<\/h1>\n\n\n\n<p class=\"has-text-align-center is-style-title-below has-real-white-color has-text-color has-link-color has-xxxxxl-font-size wp-elements-69278bfa8a2fb530518c2f150c8d96dc is-style-title-below--1\">Natur und Kultur im Herzen des S\u00fcdwestens<\/p>\n<\/div>\n\n\n\n<div class=\"wp-block-group pagination is-content-justification-center is-nowrap is-layout-flex wp-container-core-group-is-layout-dae12945 wp-block-group-is-layout-flex\" style=\"padding-top:var(--wp--preset--spacing--m);padding-left:0\">\n<div class=\"wp-block-group hrz-slider-6-pagination hrz-slider-dots has-global-padding is-content-justification-center is-layout-constrained wp-block-group-is-layout-constrained\" style=\"border-radius:8px\"><\/div>\n<\/div>\n<\/div>\n\n\n\n<div class=\"wp-block-group alignfull swiper-wrapper is-nowrap is-layout-flex wp-container-core-group-is-layout-879c0eda wp-block-group-is-layout-flex\" style=\"margin-top:0;margin-bottom:0;padding-top:0;padding-right:0;padding-bottom:0;padding-left:0\">\n<div class=\"wp-block-group swiper-slide has-global-padding is-layout-constrained wp-block-group-is-layout-constrained\">\n<figure class=\"wp-block-image alignfull size-4\/3_2560x1920\" style=\"margin-top:0;margin-right:0;margin-bottom:0;margin-left:0\"><img alt=\"Vue a\u00e9rienne d&#039;une ville c\u00f4ti\u00e8re avec marina.\" loading=\"lazy\" decoding=\"async\" width=\"2560\" height=\"1920\" src=\"https:\/\/www.kerhelen.com\/wp-content\/uploads\/2026\/02\/nouvelle-aquitaine-camping-ker-helen-bassin-arcachon-2560x1920.webp\" alt=\"\" class=\"wp-image-1443\" srcset=\"https:\/\/www.kerhelen.com\/wp-content\/uploads\/2026\/02\/nouvelle-aquitaine-camping-ker-helen-bassin-arcachon-2560x1920.webp 2560w, https:\/\/www.kerhelen.com\/wp-content\/uploads\/2026\/02\/nouvelle-aquitaine-camping-ker-helen-bassin-arcachon-1440x1080.webp 1440w, https:\/\/www.kerhelen.com\/wp-content\/uploads\/2026\/02\/nouvelle-aquitaine-camping-ker-helen-bassin-arcachon-1024x768.webp 1024w, https:\/\/www.kerhelen.com\/wp-content\/uploads\/2026\/02\/nouvelle-aquitaine-camping-ker-helen-bassin-arcachon-720x540.webp 720w, https:\/\/www.kerhelen.com\/wp-content\/uploads\/2026\/02\/nouvelle-aquitaine-camping-ker-helen-bassin-arcachon-320x240.webp 320w, https:\/\/www.kerhelen.com\/wp-content\/uploads\/2026\/02\/nouvelle-aquitaine-camping-ker-helen-bassin-arcachon-160x120.webp 160w\" sizes=\"auto, (max-width: 2560px) 100vw, 2560px\" \/><\/figure>\n<\/div>\n<\/div>\n<\/div>\n\n<div class=\"wp-block-cover alignfull overflow-visible has-paragraph-color has-text-color has-link-color wp-elements-8832ddc665d21649ffd4448bedd83f89\" style=\"padding-right:0;padding-left:0\"><img alt=\"\" decoding=\"async\" class=\"wp-block-cover__image-background wp-image-58 size-full\" alt=\"\" src=\"https:\/\/www.kerhelen.com\/wp-content\/uploads\/2026\/01\/background-hibiscus.svg\" data-object-fit=\"cover\"\/><span aria-hidden=\"true\" class=\"wp-block-cover__background has-background-dim-60 has-background-dim wp-block-cover__gradient-background has-background-gradient\" style=\"background:linear-gradient(0deg,rgb(255,251,240) 0%,rgba(255,251,240,0.02) 100%)\"><\/span><div class=\"wp-block-cover__inner-container has-global-padding is-layout-constrained wp-container-core-cover-is-layout-7db9d80f wp-block-cover-is-layout-constrained\">\n<div class=\"wp-block-group alignfull is-relative is-layout-flow wp-block-group-is-layout-flow\">\n<div class=\"wp-block-group palm palm-top-right has-global-padding is-layout-constrained wp-container-core-group-is-layout-d9684685 wp-block-group-is-layout-constrained\">\n<figure class=\"wp-block-image size-3\/4_600x800_desktop\"><img alt=\"\" decoding=\"async\" src=\"https:\/\/www.kerhelen.com\/wp-content\/uploads\/2026\/01\/palm-reverse-600x800.webp\" alt=\"\" class=\"wp-image-334\"\/><\/figure>\n<\/div>\n\n\n<div style=\"margin-top:var(--wp--preset--spacing--xxxl);margin-left:var(--wp--preset--spacing--xxxl);\" class=\"alignleft wp-elements-4690a470cdfde080797342c6ad8439fe wp-block-wpseopress-breadcrumbs has-text-color has-tertiary-color\"><nav  aria-label=\"breadcrumb\"><ol class=\"breadcrumb\" itemscope itemtype=\"https:\/\/schema.org\/BreadcrumbList\"><li class=\"breadcrumb-item active\" aria-current=\"page\" itemprop=\"itemListElement\" itemscope itemtype=\"https:\/\/schema.org\/ListItem\"><span itemprop=\"name\">Camping sur le Bassin d&#8217;Arcachon<\/span><meta itemprop=\"position\" content=\"1\"><\/li><\/ol><\/nav><\/div>\n\n\n<div style=\"height:180px\" aria-hidden=\"true\" class=\"wp-block-spacer\"><\/div>\n\n\n\n<div class=\"wp-block-group z-1 has-global-padding is-layout-constrained wp-container-core-group-is-layout-5df54855 wp-block-group-is-layout-constrained\" style=\"padding-right:var(--wp--preset--spacing--xxl);padding-left:var(--wp--preset--spacing--xxl)\">\n<div class=\"wp-block-group fade has-global-padding is-layout-constrained wp-container-core-group-is-layout-ac9039ec wp-block-group-is-layout-constrained\">\n<div class=\"wp-block-group has-global-padding is-layout-constrained wp-block-group-is-layout-constrained\">\n<figure class=\"wp-block-image aligncenter size-full\"><img alt=\"Symbole graphique rouge en forme de fleur.\" loading=\"lazy\" decoding=\"async\" width=\"50\" height=\"50\" src=\"https:\/\/www.kerhelen.com\/wp-content\/uploads\/2026\/02\/hibiscuslogo-1-1.webp\" alt=\"\" class=\"wp-image-2176\"\/><\/figure>\n<\/div>\n\n\n\n<div class=\"wp-block-group has-global-padding is-layout-constrained wp-block-group-is-layout-constrained\">\n<h2 class=\"wp-block-heading has-text-align-center is-style-top-title is-style-top-title--2\">Ein Campingplatz in der Nouvelle Aquitaine f\u00fcr einen sonnigen Urlaub<\/h2>\n\n\n\n<p class=\"has-text-align-center\">Die <strong>Region Nouvelle-Aquitaine<\/strong> hei\u00dft Sie f\u00fcr Ihren Urlaub herzlich willkommen. Das Gebiet umfasst viele sch\u00f6ne Orte und Gemeinden, die Sie w\u00e4hrend Ihres Aufenthalts in der Gironde entdecken k\u00f6nnen. Das <strong>Bassin d&#8217;Arcachon<\/strong> ist wahrscheinlich das bemerkenswerteste Gebiet der Region, da es eine einzigartige Landschaft mit wundersch\u00f6nen K\u00fcsten, Sandstr\u00e4nden und Naturgebieten mit einer lebendigen Flora und Fauna hat, die f\u00fcr den Tourismus geeignet sind.  <\/p>\n\n\n\n<p class=\"has-text-align-center\">Bei einem Aufenthalt auf dem Campingplatz Ker Helen in Le Teich haben Sie viele M\u00f6glichkeiten, diesen aquitanischen Schatz auf den 200 km langen Radwegen rund um das Bassin d&#8217;Arcachon und auf den Wanderwegen zu entdecken.<\/p>\n\n\n\n<h2 class=\"wp-block-heading has-text-align-center is-style-top-title is-style-top-title--3\">Ein Urlaub in Nouvelle Aquitaine voller Entdeckungen<\/h2>\n\n\n\n<p class=\"has-text-align-center\">Die <strong>Region Nouvelle-Aquitaine<\/strong> ist besonders reich. Die beeindruckende Gr\u00f6\u00dfe des Territoriums erstreckt sich von der <strong>Girondem\u00fcndung<\/strong> bis zu den Pyren\u00e4en-Atlantik und der spanischen Grenze. <\/p>\n\n\n\n<p class=\"has-text-align-center\">In der Umgebung des Campingplatzes Ker Helen gibt es viele sch\u00f6ne Orte zu entdecken, wie zum Beispiel die Stadt Bordeaux. S\u00fcdlich von Le Teich k\u00f6nnen Sie die umliegenden Gemeinden wie Sanguinet mit seinem ber\u00fchmten See erkunden. <\/p>\n\n\n\n<p class=\"has-text-align-center\">Mit ihrem gem\u00e4\u00dfigten Klima mit Tendenz zum Ozean bietet die Nouvelle-Aquitaine viele Naturschaupl\u00e4tze und ein vielf\u00e4ltiges Kulturerbe.<\/p>\n<\/div>\n<\/div>\n<\/div>\n\n\n\n<div style=\"height:200px\" aria-hidden=\"true\" class=\"wp-block-spacer\"><\/div>\n<\/div>\n<\/div><\/div>\n","protected":false},"excerpt":{"rendered":"<p>Campingurlaub in der Region Nouvelle-Aquitaine Natur und Kultur im Herzen des S\u00fcdwestens<\/p>\n","protected":false},"author":1,"featured_media":0,"parent":0,"menu_order":47,"comment_status":"closed","ping_status":"closed","template":"page-no-title","meta":{"_acf_changed":false,"_seopress_robots_primary_cat":"","_seopress_titles_title":"Campingplatz Neu-Aquitanien | Campingplatz in der Gironde Ker Helen","_seopress_titles_desc":"Kurs auf die Nouvelle-Aquitaine! Der 4-Sterne-Campingplatz Ker Helen in der Gironde empf\u00e4ngt Sie an der Bucht von Arcachon. Beheizter Swimmingpool und komfortable Cottages in Le Teich.  ","_seopress_robots_index":"","footnotes":""},"class_list":["post-3740","page","type-page","status-publish","hentry"],"acf":[],"_links":{"self":[{"href":"https:\/\/www.kerhelen.com\/de\/wp-json\/wp\/v2\/pages\/3740","targetHints":{"allow":["GET"]}}],"collection":[{"href":"https:\/\/www.kerhelen.com\/de\/wp-json\/wp\/v2\/pages"}],"about":[{"href":"https:\/\/www.kerhelen.com\/de\/wp-json\/wp\/v2\/types\/page"}],"author":[{"embeddable":true,"href":"https:\/\/www.kerhelen.com\/de\/wp-json\/wp\/v2\/users\/1"}],"replies":[{"embeddable":true,"href":"https:\/\/www.kerhelen.com\/de\/wp-json\/wp\/v2\/comments?post=3740"}],"version-history":[{"count":1,"href":"https:\/\/www.kerhelen.com\/de\/wp-json\/wp\/v2\/pages\/3740\/revisions"}],"predecessor-version":[{"id":3743,"href":"https:\/\/www.kerhelen.com\/de\/wp-json\/wp\/v2\/pages\/3740\/revisions\/3743"}],"wp:attachment":[{"href":"https:\/\/www.kerhelen.com\/de\/wp-json\/wp\/v2\/media?parent=3740"}],"curies":[{"name":"wp","href":"https:\/\/api.w.org\/{rel}","templated":true}]}}