{"id":3750,"date":"2026-02-13T15:58:29","date_gmt":"2026-02-13T14:58:29","guid":{"rendered":"https:\/\/www.kerhelen.com\/datenschutzpolitik\/"},"modified":"2026-02-23T14:03:28","modified_gmt":"2026-02-23T13:03:28","slug":"datenschutzpolitik","status":"publish","type":"page","link":"https:\/\/www.kerhelen.com\/de\/datenschutzpolitik\/","title":{"rendered":"Datenschutzpolitik"},"content":{"rendered":"\n<div class=\"wp-block-group alignfull hrz-hero-4 swiper swiper-slider-6-hero has-global-padding is-layout-constrained wp-container-core-group-is-layout-481dc8fc wp-block-group-is-layout-constrained\" style=\"margin-top:0;margin-bottom:0;padding-top:0;padding-right:0;padding-bottom:0;padding-left:0\">\n<div class=\"wp-block-group alignfull hrz-hero-4-content has-background has-global-padding is-layout-constrained wp-container-core-group-is-layout-187a3841 wp-block-group-is-layout-constrained\" style=\"background:linear-gradient(0deg,rgba(0,0,0,0.62) 2%,rgba(0,0,0,0.01) 57%);padding-right:var(--wp--preset--spacing--l);padding-left:var(--wp--preset--spacing--l)\">\n<div class=\"wp-block-group is-layout-flow wp-block-group-is-layout-flow\">\n<figure class=\"wp-block-image aligncenter size-logo_footer\"><img alt=\"\" loading=\"lazy\" decoding=\"async\" width=\"200\" height=\"220\" src=\"https:\/\/www.kerhelen.com\/wp-content\/uploads\/2026\/01\/logo-200x220.webp\" alt=\"\" class=\"wp-image-229\"\/><\/figure>\n<\/div>\n\n\n\n<div class=\"wp-block-group has-real-white-color has-text-color has-link-color wp-elements-64799bcd6b405d24e3d42f64b1a387b0 is-layout-flow wp-block-group-is-layout-flow\">\n<h1 class=\"wp-block-heading has-text-align-center has-real-white-color has-text-color has-link-color has-tertiary-font-family has-xxxl-font-size wp-elements-6e71de6c78b6a2bb40d2c3cc6ab0a7d8\">Datenschutzbestimmungen<\/h1>\n<\/div>\n\n\n\n<div class=\"wp-block-group pagination is-content-justification-center is-nowrap is-layout-flex wp-container-core-group-is-layout-dae12945 wp-block-group-is-layout-flex\" style=\"padding-top:var(--wp--preset--spacing--m);padding-left:0\">\n<div class=\"wp-block-group hrz-slider-6-pagination hrz-slider-dots has-global-padding is-content-justification-center is-layout-constrained wp-block-group-is-layout-constrained\" style=\"border-radius:8px\"><\/div>\n<\/div>\n<\/div>\n\n\n\n<div class=\"wp-block-group alignfull swiper-wrapper is-nowrap is-layout-flex wp-container-core-group-is-layout-879c0eda wp-block-group-is-layout-flex\" style=\"margin-top:0;margin-bottom:0;padding-top:0;padding-right:0;padding-bottom:0;padding-left:0\">\n<div class=\"wp-block-group swiper-slide has-global-padding is-layout-constrained wp-block-group-is-layout-constrained\">\n<figure class=\"wp-block-image alignfull size-4\/3_2560x1920\" style=\"margin-top:0;margin-right:0;margin-bottom:0;margin-left:0\"><img alt=\"Piscine avec transats et palmiers en ext\u00e9rieur\" loading=\"lazy\" decoding=\"async\" width=\"2560\" height=\"1920\" src=\"https:\/\/www.kerhelen.com\/wp-content\/uploads\/2026\/01\/ker-helen-2023-044-2560x1920.webp\" alt=\"\" class=\"wp-image-249\" srcset=\"https:\/\/www.kerhelen.com\/wp-content\/uploads\/2026\/01\/ker-helen-2023-044-2560x1920.webp 2560w, https:\/\/www.kerhelen.com\/wp-content\/uploads\/2026\/01\/ker-helen-2023-044-1440x1080.webp 1440w, https:\/\/www.kerhelen.com\/wp-content\/uploads\/2026\/01\/ker-helen-2023-044-1024x768.webp 1024w, https:\/\/www.kerhelen.com\/wp-content\/uploads\/2026\/01\/ker-helen-2023-044-720x540.webp 720w, https:\/\/www.kerhelen.com\/wp-content\/uploads\/2026\/01\/ker-helen-2023-044-320x240.webp 320w, https:\/\/www.kerhelen.com\/wp-content\/uploads\/2026\/01\/ker-helen-2023-044-160x120.webp 160w\" sizes=\"auto, (max-width: 2560px) 100vw, 2560px\" \/><\/figure>\n<\/div>\n<\/div>\n<\/div>\n\n<div class=\"wp-block-cover alignfull overflow-visible has-paragraph-color has-text-color has-link-color wp-elements-dbcbaf359748df2f1580c384a9a5b99e\" style=\"padding-right:0;padding-left:0\"><img alt=\"\" decoding=\"async\" class=\"wp-block-cover__image-background wp-image-58 size-full\" alt=\"\" src=\"https:\/\/www.kerhelen.com\/wp-content\/uploads\/2026\/01\/background-hibiscus.svg\" data-object-fit=\"cover\"\/><span aria-hidden=\"true\" class=\"wp-block-cover__background has-background-dim-60 has-background-dim wp-block-cover__gradient-background has-background-gradient\" style=\"background:linear-gradient(0deg,rgb(255,251,240) 0%,rgba(255,251,240,0.02) 100%)\"><\/span><div class=\"wp-block-cover__inner-container has-global-padding is-layout-constrained wp-container-core-cover-is-layout-7db9d80f wp-block-cover-is-layout-constrained\">\n<div class=\"wp-block-group alignfull is-relative is-layout-flow wp-block-group-is-layout-flow\">\n<div class=\"wp-block-group palm palm-top-right has-global-padding is-layout-constrained wp-container-core-group-is-layout-d9684685 wp-block-group-is-layout-constrained\">\n<figure class=\"wp-block-image size-3\/4_600x800_desktop\"><img alt=\"\" decoding=\"async\" src=\"https:\/\/www.kerhelen.com\/wp-content\/uploads\/2026\/01\/palm-reverse-600x800.webp\" alt=\"\" class=\"wp-image-334\"\/><\/figure>\n<\/div>\n\n\n<div style=\"margin-top:var(--wp--preset--spacing--xxxl);margin-left:var(--wp--preset--spacing--xxxl);\" class=\"alignleft wp-elements-4690a470cdfde080797342c6ad8439fe wp-block-wpseopress-breadcrumbs has-text-color has-tertiary-color\"><nav  aria-label=\"breadcrumb\"><ol class=\"breadcrumb\" itemscope itemtype=\"https:\/\/schema.org\/BreadcrumbList\"><li class=\"breadcrumb-item active\" aria-current=\"page\" itemprop=\"itemListElement\" itemscope itemtype=\"https:\/\/schema.org\/ListItem\"><span itemprop=\"name\">Camping sur le Bassin d&#8217;Arcachon<\/span><meta itemprop=\"position\" content=\"1\"><\/li><\/ol><\/nav><\/div>\n\n\n<div style=\"height:180px\" aria-hidden=\"true\" class=\"wp-block-spacer\"><\/div>\n\n\n\n<div class=\"wp-block-group z-1 has-global-padding is-layout-constrained wp-container-core-group-is-layout-5df54855 wp-block-group-is-layout-constrained\" style=\"padding-right:var(--wp--preset--spacing--xxl);padding-left:var(--wp--preset--spacing--xxl)\">\n<div class=\"wp-block-group fade has-global-padding is-layout-constrained wp-container-core-group-is-layout-ac9039ec wp-block-group-is-layout-constrained\">\n<div class=\"wp-block-group has-global-padding is-layout-constrained wp-block-group-is-layout-constrained\">\n<figure class=\"wp-block-image aligncenter size-full\"><img alt=\"Symbole graphique rouge en forme de fleur.\" loading=\"lazy\" decoding=\"async\" width=\"50\" height=\"50\" src=\"https:\/\/www.kerhelen.com\/wp-content\/uploads\/2026\/02\/hibiscuslogo-1-1.webp\" alt=\"\" class=\"wp-image-2176\"\/><\/figure>\n<\/div>\n\n\n\n<div class=\"wp-block-group has-global-padding is-layout-constrained wp-block-group-is-layout-constrained\">\n<h2 class=\"wp-block-heading\">Datenschutzbestimmungen<\/h2>\n\n\n\n<p>Hier finden Sie die Datenschutzbestimmungen unseres Campingplatzes. <strong><a href=\"https:\/\/www.kerhelen.com\/de\/\" data-type=\"page\" data-id=\"4\">Campingplatz Ker Helen am Bassin d&#8217;Arcachon<\/a><\/strong>.<\/p>\n\n\n\n<h2 class=\"wp-block-heading\">Sammeln von Informationen<\/h2>\n\n\n\n<p>Wir sammeln Informationen, wenn Sie auf der Website surfen, eine Bestellung aufgeben und eines der Formulare ausf\u00fcllen.<\/p>\n\n\n\n<p>Dar\u00fcber hinaus erhalten und speichern wir automatisch Informationen von Ihrem Computer und Browser, wie z.B. :<\/p>\n\n\n\n<p>IP-Adresse<\/p>\n\n\n\n<p>Art der verwendeten Hardware und des Browsers<\/p>\n\n\n\n<p>Seite(n), die Sie aufrufen<\/p>\n\n\n\n<h2 class=\"wp-block-heading\">Nutzung von Informationen<\/h2>\n\n\n\n<p>Alle Informationen, die wir von Ihnen sammeln, k\u00f6nnen f\u00fcr folgende Zwecke verwendet werden:<\/p>\n\n\n\n<p>Personalisierung Ihrer Erfahrung und Erf\u00fcllung Ihrer individuellen Bed\u00fcrfnisse<\/p>\n\n\n\n<p>Bereitstellung von personalisierten Werbeinhalten<\/p>\n\n\n\n<p>Verbesserung unserer Website<\/p>\n\n\n\n<p>Verbesserung des Kundenservice und Ihres Betreuungsbedarfs<\/p>\n\n\n\n<p>Sie per E-Mail kontaktieren<\/p>\n\n\n\n<p>Einen Wettbewerb, eine Bef\u00f6rderung oder eine Umfrage verwalten<\/p>\n\n\n\n<h2 class=\"wp-block-heading\">Offenlegung gegen\u00fcber Dritten<\/h2>\n\n\n\n<p>Wir verkaufen, tauschen oder \u00fcbertragen Ihre pers\u00f6nlich identifizierbaren Informationen nicht an Dritte. Dies schlie\u00dft nicht vertrauensw\u00fcrdige Dritte ein, die uns beim Betrieb unserer Website helfen, solange diese Parteien sich damit einverstanden erkl\u00e4ren, diese Informationen vertraulich zu behandeln. <\/p>\n\n\n\n<p>Nicht-private Informationen k\u00f6nnen jedoch anderen Parteien f\u00fcr Marketing, Werbung oder andere Zwecke zur Verf\u00fcgung gestellt werden.<\/p>\n\n\n\n<h2 class=\"wp-block-heading\">Schutz von Informationen<\/h2>\n\n\n\n<p>Wir setzen eine Vielzahl von Sicherheitsma\u00dfnahmen ein, um die Sicherheit Ihrer pers\u00f6nlichen Daten zu gew\u00e4hrleisten:<\/p>\n\n\n\n<p>SSL-Protokoll<\/p>\n\n\n\n<p>Verwaltung des Zugangs durch Login\/Passwort<\/p>\n\n\n\n<p>Software zur Netzwerk\u00fcberwachung<\/p>\n\n\n\n<p>Mehrere Computer-Backups<\/p>\n\n\n\n<p>Firewall<\/p>\n\n\n\n<p>Wir sch\u00fctzen Ihre Informationen auch offline. Nur Mitarbeiter, die eine bestimmte Arbeit ausf\u00fchren m\u00fcssen (z.B. Rechnungsstellung oder Kundenservice), haben Zugang zu pers\u00f6nlich identifizierbaren Informationen. Die Computer und Server, die zur Speicherung von personenbezogenen Daten verwendet werden, werden in einer sicheren Umgebung aufbewahrt.  <\/p>\n\n\n\n<h2 class=\"wp-block-heading\">Cookies<\/h2>\n\n\n\n<p>Cookies sind Textdateien, die in Ihrem Browser gespeichert werden und oft verschl\u00fcsselt sind. Sie werden erstellt, wenn der Browser eines Nutzers eine bestimmte Website l\u00e4dt: Die Website sendet Informationen an den Browser, der daraufhin eine Textdatei erstellt. Jedes Mal, wenn der Nutzer die gleiche Website erneut besucht, ruft der Browser diese Datei ab und sendet sie an den Server der Website.  <\/p>\n\n\n\n<p>Es gibt zwei Arten von Cookies, die nicht denselben Zwecken dienen: technische Cookies und Werbe-Cookies:<\/p>\n\n\n\n<p>Cookies sind Textdateien, die in Ihrem Browser gespeichert werden und oft verschl\u00fcsselt sind. Sie werden erstellt, wenn der Browser eines Nutzers eine bestimmte Website l\u00e4dt: Die Website sendet Informationen an den Browser, der daraufhin eine Textdatei erstellt. Jedes Mal, wenn der Nutzer die gleiche Website erneut besucht, ruft der Browser diese Datei ab und sendet sie an den Server der Website.  <\/p>\n\n\n\n<p>Es gibt zwei Arten von Cookies, die nicht denselben Zwecken dienen: technische Cookies und Werbe-Cookies:<\/p>\n\n\n\n<p>Wir verwenden technische Cookies und Werbe-Cookies.<\/p>\n\n\n\n<p>Wir verwenden Google Analytics, ein statistisches Tool zur Analyse der Besucherzahlen, das ein Cookie generiert, mit dem die Anzahl der Besuche, die Anzahl der Seitenaufrufe und die Aktivit\u00e4ten der Besucher gemessen werden k\u00f6nnen. Ihre IP-Adresse wird ebenfalls gesammelt, um die Stadt zu bestimmen, von der aus Sie sich einloggen. <\/p>\n\n\n\n<p>Wir m\u00f6chten Sie daran erinnern, dass Sie die Hinterlegung von technischen und Werbe-Cookies verhindern k\u00f6nnen, indem Sie Ihren Browser entsprechend konfigurieren. Weitere Informationen \u00fcber die Verwendung von Cookies finden Sie auf der Website der CNIL: http: <a href=\"http:\/\/www.cnil.fr\/vos-droits\/vos-traces\/les-cookies\/\">\/\/www.cnil.fr\/vos-droits\/vos-traces\/les-cookies\/<\/a> <\/p>\n\n\n\n<p>Eine solche Verweigerung kann jedoch den ordnungsgem\u00e4\u00dfen Betrieb der Website verhindern.<\/p>\n\n\n\n<h2 class=\"wp-block-heading\">Abmelden<\/h2>\n\n\n\n<p>Wir verwenden die von Ihnen angegebene E-Mail-Adresse, um Ihnen Informationen und Updates zu Ihrer Bestellung, gelegentliche Nachrichten, Produktinformationen, Neuheiten usw. zu senden. Wenn Sie sich jederzeit abmelden und keine weiteren E-Mails mehr erhalten m\u00f6chten, k\u00f6nnen Sie dies tun, indem Sie das Formular ausf\u00fcllen. <a href=\"https:\/\/www.kerhelen.com\/de\/kontakt-anreise\/\" data-type=\"link\" data-id=\"https:\/\/www.kerhelen.com\/camping-bassin-d-arcachon-contact\/\"><strong>dieses Formular aus.<\/strong><\/a>. <\/p>\n\n\n\n<h2 class=\"wp-block-heading\">Recht auf Zugang, \u00c4nderung und L\u00f6schung Ihrer Daten<\/h2>\n\n\n\n<p>Wenn Sie zu irgendeinem Zeitpunkt Zugang zu Ihren pers\u00f6nlichen Informationen w\u00fcnschen oder diese \u00e4ndern oder l\u00f6schen m\u00f6chten, k\u00f6nnen Sie dies direkt \u00fcber dieses Formular beantragen.<\/p>\n\n\n\n<p>Wir verpflichten uns, Ihnen das Recht auf Widerspruch und R\u00fccknahme Ihrer pers\u00f6nlichen Daten zu gew\u00e4hren. Das Widerspruchsrecht ist die M\u00f6glichkeit f\u00fcr Internetnutzer, die Verwendung ihrer pers\u00f6nlichen Daten f\u00fcr bestimmte Zwecke, die bei der Erhebung angegeben wurden, zu verweigern. <\/p>\n\n\n\n<p>Um diese Rechte auszu\u00fcben, k\u00f6nnen Sie uns kontaktieren:<\/p>\n\n\n\n<p>Campingplatz Ker Helen<\/p>\n\n\n\n<p>Avenue de la C\u00f4te d&#8217;Argent<br\/>33470 LE TEICH<\/p>\n\n\n\n<p>05 56 66 03 79<\/p>\n\n\n\n<p><a href=\"mailto:camping.kerhelen@wanadoo.fr\">camping.kerhelen@wanadoo.fr<\/a><\/p>\n\n\n\n<h2 class=\"wp-block-heading\">Aufbewahrung von Daten<\/h2>\n\n\n\n<p>Die pers\u00f6nlichen Daten unserer Internetnutzer werden maximal 36 Monate lang aufbewahrt.<\/p>\n\n\n\n<h2 class=\"wp-block-heading\">Zustimmung<\/h2>\n\n\n\n<p>Durch die Nutzung unserer Website erkl\u00e4ren Sie sich mit unserer Datenschutzrichtlinie einverstanden.<\/p>\n<\/div>\n<\/div>\n<\/div>\n\n\n\n<div style=\"height:200px\" aria-hidden=\"true\" class=\"wp-block-spacer\"><\/div>\n<\/div>\n<\/div><\/div>\n","protected":false},"excerpt":{"rendered":"<p>Datenschutzbestimmungen<\/p>\n","protected":false},"author":1,"featured_media":0,"parent":0,"menu_order":3,"comment_status":"closed","ping_status":"closed","template":"page-no-title","meta":{"_acf_changed":false,"_seopress_robots_primary_cat":"","_seopress_titles_title":"Datenschutzerkl\u00e4rung | Camping Ker Helen am Becken von Arcachon","_seopress_titles_desc":"Lesen Sie die Datenschutzbestimmungen des Campingplatzes Ker Helen am Bassin d'Arcachon. Erfahren Sie, wie wir Ihre pers\u00f6nlichen Daten sch\u00fctzen und Ihre Privatsph\u00e4re respektieren. ","_seopress_robots_index":"","footnotes":""},"class_list":["post-3750","page","type-page","status-publish","hentry"],"acf":[],"_links":{"self":[{"href":"https:\/\/www.kerhelen.com\/de\/wp-json\/wp\/v2\/pages\/3750","targetHints":{"allow":["GET"]}}],"collection":[{"href":"https:\/\/www.kerhelen.com\/de\/wp-json\/wp\/v2\/pages"}],"about":[{"href":"https:\/\/www.kerhelen.com\/de\/wp-json\/wp\/v2\/types\/page"}],"author":[{"embeddable":true,"href":"https:\/\/www.kerhelen.com\/de\/wp-json\/wp\/v2\/users\/1"}],"replies":[{"embeddable":true,"href":"https:\/\/www.kerhelen.com\/de\/wp-json\/wp\/v2\/comments?post=3750"}],"version-history":[{"count":1,"href":"https:\/\/www.kerhelen.com\/de\/wp-json\/wp\/v2\/pages\/3750\/revisions"}],"predecessor-version":[{"id":3751,"href":"https:\/\/www.kerhelen.com\/de\/wp-json\/wp\/v2\/pages\/3750\/revisions\/3751"}],"wp:attachment":[{"href":"https:\/\/www.kerhelen.com\/de\/wp-json\/wp\/v2\/media?parent=3750"}],"curies":[{"name":"wp","href":"https:\/\/api.w.org\/{rel}","templated":true}]}}