{"id":3746,"date":"2026-01-22T17:34:25","date_gmt":"2026-01-22T16:34:25","guid":{"rendered":"https:\/\/www.kerhelen.com\/explore-new-aquitaine\/"},"modified":"2026-02-23T14:03:25","modified_gmt":"2026-02-23T13:03:25","slug":"explore-new-aquitaine","status":"publish","type":"page","link":"https:\/\/www.kerhelen.com\/en\/explore-new-aquitaine\/","title":{"rendered":"Explore New Aquitaine"},"content":{"rendered":"\n<div class=\"wp-block-group alignfull hrz-hero-4 swiper swiper-slider-6-hero has-global-padding is-layout-constrained wp-container-core-group-is-layout-481dc8fc wp-block-group-is-layout-constrained\" style=\"margin-top:0;margin-bottom:0;padding-top:0;padding-right:0;padding-bottom:0;padding-left:0\">\n<div class=\"wp-block-group alignfull hrz-hero-4-content has-background has-global-padding is-layout-constrained wp-container-core-group-is-layout-187a3841 wp-block-group-is-layout-constrained\" style=\"background:linear-gradient(0deg,rgba(0,0,0,0.62) 2%,rgba(0,0,0,0.01) 57%);padding-right:var(--wp--preset--spacing--l);padding-left:var(--wp--preset--spacing--l)\">\n<div class=\"wp-block-group is-layout-flow wp-block-group-is-layout-flow\">\n<figure class=\"wp-block-image aligncenter size-logo_footer\"><img alt=\"\" loading=\"lazy\" decoding=\"async\" width=\"200\" height=\"220\" src=\"https:\/\/www.kerhelen.com\/wp-content\/uploads\/2026\/01\/logo-200x220.webp\" alt=\"\" class=\"wp-image-229\"\/><\/figure>\n<\/div>\n\n\n\n<div class=\"wp-block-group has-real-white-color has-text-color has-link-color wp-elements-73e2f372a421012c5232438201e00368 is-layout-flow wp-block-group-is-layout-flow\">\n<h1 class=\"wp-block-heading has-text-align-center has-real-white-color has-text-color has-link-color has-tertiary-font-family has-xxxl-font-size wp-elements-71770efaeeba6d0c1941854a3355e289\">Camping vacations in Nouvelle-Aquitaine<\/h1>\n\n\n\n<p class=\"has-text-align-center is-style-title-below has-real-white-color has-text-color has-link-color has-xxxxxl-font-size wp-elements-ea452778f9f2c59c2b106995a6660da4 is-style-title-below--1\">Nature and culture in the heart of the South-West<\/p>\n<\/div>\n\n\n\n<div class=\"wp-block-group pagination is-content-justification-center is-nowrap is-layout-flex wp-container-core-group-is-layout-dae12945 wp-block-group-is-layout-flex\" style=\"padding-top:var(--wp--preset--spacing--m);padding-left:0\">\n<div class=\"wp-block-group hrz-slider-6-pagination hrz-slider-dots has-global-padding is-content-justification-center is-layout-constrained wp-block-group-is-layout-constrained\" style=\"border-radius:8px\"><\/div>\n<\/div>\n<\/div>\n\n\n\n<div class=\"wp-block-group alignfull swiper-wrapper is-nowrap is-layout-flex wp-container-core-group-is-layout-879c0eda wp-block-group-is-layout-flex\" style=\"margin-top:0;margin-bottom:0;padding-top:0;padding-right:0;padding-bottom:0;padding-left:0\">\n<div class=\"wp-block-group swiper-slide has-global-padding is-layout-constrained wp-block-group-is-layout-constrained\">\n<figure class=\"wp-block-image alignfull size-4\/3_2560x1920\" style=\"margin-top:0;margin-right:0;margin-bottom:0;margin-left:0\"><img alt=\"Vue a\u00e9rienne d&#039;une ville c\u00f4ti\u00e8re avec marina.\" loading=\"lazy\" decoding=\"async\" width=\"2560\" height=\"1920\" src=\"https:\/\/www.kerhelen.com\/wp-content\/uploads\/2026\/02\/nouvelle-aquitaine-camping-ker-helen-bassin-arcachon-2560x1920.webp\" alt=\"\" class=\"wp-image-1443\" srcset=\"https:\/\/www.kerhelen.com\/wp-content\/uploads\/2026\/02\/nouvelle-aquitaine-camping-ker-helen-bassin-arcachon-2560x1920.webp 2560w, https:\/\/www.kerhelen.com\/wp-content\/uploads\/2026\/02\/nouvelle-aquitaine-camping-ker-helen-bassin-arcachon-1440x1080.webp 1440w, https:\/\/www.kerhelen.com\/wp-content\/uploads\/2026\/02\/nouvelle-aquitaine-camping-ker-helen-bassin-arcachon-1024x768.webp 1024w, https:\/\/www.kerhelen.com\/wp-content\/uploads\/2026\/02\/nouvelle-aquitaine-camping-ker-helen-bassin-arcachon-720x540.webp 720w, https:\/\/www.kerhelen.com\/wp-content\/uploads\/2026\/02\/nouvelle-aquitaine-camping-ker-helen-bassin-arcachon-320x240.webp 320w, https:\/\/www.kerhelen.com\/wp-content\/uploads\/2026\/02\/nouvelle-aquitaine-camping-ker-helen-bassin-arcachon-160x120.webp 160w\" sizes=\"auto, (max-width: 2560px) 100vw, 2560px\" \/><\/figure>\n<\/div>\n<\/div>\n<\/div>\n\n<div class=\"wp-block-cover alignfull overflow-visible has-paragraph-color has-text-color has-link-color wp-elements-8fcd647b3b4e02297d958dbc0ed79c1b\" style=\"padding-right:0;padding-left:0\"><img alt=\"\" decoding=\"async\" class=\"wp-block-cover__image-background wp-image-58 size-full\" alt=\"\" src=\"https:\/\/www.kerhelen.com\/wp-content\/uploads\/2026\/01\/background-hibiscus.svg\" data-object-fit=\"cover\"\/><span aria-hidden=\"true\" class=\"wp-block-cover__background has-background-dim-60 has-background-dim wp-block-cover__gradient-background has-background-gradient\" style=\"background:linear-gradient(0deg,rgb(255,251,240) 0%,rgba(255,251,240,0.02) 100%)\"><\/span><div class=\"wp-block-cover__inner-container has-global-padding is-layout-constrained wp-container-core-cover-is-layout-7db9d80f wp-block-cover-is-layout-constrained\">\n<div class=\"wp-block-group alignfull is-relative is-layout-flow wp-block-group-is-layout-flow\">\n<div class=\"wp-block-group palm palm-top-right has-global-padding is-layout-constrained wp-container-core-group-is-layout-d9684685 wp-block-group-is-layout-constrained\">\n<figure class=\"wp-block-image size-3\/4_600x800_desktop\"><img alt=\"\" decoding=\"async\" src=\"https:\/\/www.kerhelen.com\/wp-content\/uploads\/2026\/01\/palm-reverse-600x800.webp\" alt=\"\" class=\"wp-image-334\"\/><\/figure>\n<\/div>\n\n\n<div style=\"margin-top:var(--wp--preset--spacing--xxxl);margin-left:var(--wp--preset--spacing--xxxl);\" class=\"alignleft wp-elements-4690a470cdfde080797342c6ad8439fe wp-block-wpseopress-breadcrumbs has-text-color has-tertiary-color\"><nav  aria-label=\"breadcrumb\"><ol class=\"breadcrumb\" itemscope itemtype=\"https:\/\/schema.org\/BreadcrumbList\"><li class=\"breadcrumb-item active\" aria-current=\"page\" itemprop=\"itemListElement\" itemscope itemtype=\"https:\/\/schema.org\/ListItem\"><span itemprop=\"name\">Camping sur le Bassin d&#8217;Arcachon<\/span><meta itemprop=\"position\" content=\"1\"><\/li><\/ol><\/nav><\/div>\n\n\n<div style=\"height:180px\" aria-hidden=\"true\" class=\"wp-block-spacer\"><\/div>\n\n\n\n<div class=\"wp-block-group z-1 has-global-padding is-layout-constrained wp-container-core-group-is-layout-5df54855 wp-block-group-is-layout-constrained\" style=\"padding-right:var(--wp--preset--spacing--xxl);padding-left:var(--wp--preset--spacing--xxl)\">\n<div class=\"wp-block-group fade has-global-padding is-layout-constrained wp-container-core-group-is-layout-ac9039ec wp-block-group-is-layout-constrained\">\n<div class=\"wp-block-group has-global-padding is-layout-constrained wp-block-group-is-layout-constrained\">\n<figure class=\"wp-block-image aligncenter size-full\"><img alt=\"Symbole graphique rouge en forme de fleur.\" loading=\"lazy\" decoding=\"async\" width=\"50\" height=\"50\" src=\"https:\/\/www.kerhelen.com\/wp-content\/uploads\/2026\/02\/hibiscuslogo-1-1.webp\" alt=\"\" class=\"wp-image-2176\"\/><\/figure>\n<\/div>\n\n\n\n<div class=\"wp-block-group has-global-padding is-layout-constrained wp-block-group-is-layout-constrained\">\n<h2 class=\"wp-block-heading has-text-align-center is-style-top-title is-style-top-title--2\">A campsite in New Aquitaine for a sunny vacation<\/h2>\n\n\n\n<p class=\"has-text-align-center\">The <strong>Nouvelle-Aquitaine region<\/strong> welcomes you for your vacations. Its territory covers magnificent sites and communes that you&#8217;ll have the opportunity to discover during your stay in Gironde. The <strong>Bassin d&#8217;Arcachon<\/strong> is probably the most remarkable area of the region, thanks to its original configuration, ideal for tourism, with its superb coastline and sandy beaches, as well as its natural areas where the flora and fauna are full of life.  <\/p>\n\n\n\n<p class=\"has-text-align-center\">When you stay at camping Ker Helen in Le Teich, you&#8217;ll have plenty of opportunities to discover this Aquitaine treasure along the 200 km of cycle paths that circle the Bassin d&#8217;Arcachon and its footpaths.<\/p>\n\n\n\n<h2 class=\"wp-block-heading has-text-align-center is-style-top-title is-style-top-title--3\">A vacation in New Aquitaine full of discoveries<\/h2>\n\n\n\n<p class=\"has-text-align-center\">The <strong>Nouvelle-Aquitaine region<\/strong> is particularly rich. The impressive size of its territory stretches from the <strong>Gironde<\/strong> estuary to the Pyr\u00e9n\u00e9es-Atlantiques and the Spanish border. <\/p>\n\n\n\n<p class=\"has-text-align-center\">All around the Ker Helen campsite are superb places to discover, such as the city of Bordeaux. To the south of Le Teich, discover the surrounding communes such as Sanguinet and its famous lake. <\/p>\n\n\n\n<p class=\"has-text-align-center\">With its temperate, oceanic climate, Nouvelle-Aquitaine offers many natural sites to visit, as well as a varied cultural heritage.<\/p>\n<\/div>\n<\/div>\n<\/div>\n\n\n\n<div style=\"height:200px\" aria-hidden=\"true\" class=\"wp-block-spacer\"><\/div>\n<\/div>\n<\/div><\/div>\n","protected":false},"excerpt":{"rendered":"<p>Camping vacations in Nouvelle-Aquitaine Nature and culture in the heart of the South-West<\/p>\n","protected":false},"author":1,"featured_media":0,"parent":0,"menu_order":46,"comment_status":"closed","ping_status":"closed","template":"page-no-title","meta":{"_acf_changed":false,"_seopress_robots_primary_cat":"","_seopress_titles_title":"Campsite Nouvelle-Aquitaine | Camping en Gironde Ker Helen","_seopress_titles_desc":"Set course for New Aquitaine! The 4-star Ker Helen campsite in Gironde welcomes you to the Bay of Arcachon. Heated pool and comfortable cottages in Le Teich.  ","_seopress_robots_index":"","footnotes":""},"class_list":["post-3746","page","type-page","status-publish","hentry"],"acf":[],"_links":{"self":[{"href":"https:\/\/www.kerhelen.com\/en\/wp-json\/wp\/v2\/pages\/3746","targetHints":{"allow":["GET"]}}],"collection":[{"href":"https:\/\/www.kerhelen.com\/en\/wp-json\/wp\/v2\/pages"}],"about":[{"href":"https:\/\/www.kerhelen.com\/en\/wp-json\/wp\/v2\/types\/page"}],"author":[{"embeddable":true,"href":"https:\/\/www.kerhelen.com\/en\/wp-json\/wp\/v2\/users\/1"}],"replies":[{"embeddable":true,"href":"https:\/\/www.kerhelen.com\/en\/wp-json\/wp\/v2\/comments?post=3746"}],"version-history":[{"count":1,"href":"https:\/\/www.kerhelen.com\/en\/wp-json\/wp\/v2\/pages\/3746\/revisions"}],"predecessor-version":[{"id":3749,"href":"https:\/\/www.kerhelen.com\/en\/wp-json\/wp\/v2\/pages\/3746\/revisions\/3749"}],"wp:attachment":[{"href":"https:\/\/www.kerhelen.com\/en\/wp-json\/wp\/v2\/media?parent=3746"}],"curies":[{"name":"wp","href":"https:\/\/api.w.org\/{rel}","templated":true}]}}