{"id":3727,"date":"2026-01-22T17:34:25","date_gmt":"2026-01-22T16:34:25","guid":{"rendered":"https:\/\/www.kerhelen.com\/ontdek-nieuw-aquitanie\/"},"modified":"2026-02-23T14:03:28","modified_gmt":"2026-02-23T13:03:28","slug":"ontdek-nieuw-aquitanie","status":"publish","type":"page","link":"https:\/\/www.kerhelen.com\/nl\/ontdek-nieuw-aquitanie\/","title":{"rendered":"Ontdek Nieuw Aquitani\u00eb"},"content":{"rendered":"\n<div class=\"wp-block-group alignfull hrz-hero-4 swiper swiper-slider-6-hero has-global-padding is-layout-constrained wp-container-core-group-is-layout-481dc8fc wp-block-group-is-layout-constrained\" style=\"margin-top:0;margin-bottom:0;padding-top:0;padding-right:0;padding-bottom:0;padding-left:0\">\n<div class=\"wp-block-group alignfull hrz-hero-4-content has-background has-global-padding is-layout-constrained wp-container-core-group-is-layout-187a3841 wp-block-group-is-layout-constrained\" style=\"background:linear-gradient(0deg,rgba(0,0,0,0.62) 2%,rgba(0,0,0,0.01) 57%);padding-right:var(--wp--preset--spacing--l);padding-left:var(--wp--preset--spacing--l)\">\n<div class=\"wp-block-group is-layout-flow wp-block-group-is-layout-flow\">\n<figure class=\"wp-block-image aligncenter size-logo_footer\"><img alt=\"\" loading=\"lazy\" decoding=\"async\" width=\"200\" height=\"220\" src=\"https:\/\/www.kerhelen.com\/wp-content\/uploads\/2026\/01\/logo-200x220.webp\" alt=\"\" class=\"wp-image-229\"\/><\/figure>\n<\/div>\n\n\n\n<div class=\"wp-block-group has-real-white-color has-text-color has-link-color wp-elements-916e114c77e4c819b4bd41cb3d121ed2 is-layout-flow wp-block-group-is-layout-flow\">\n<h1 class=\"wp-block-heading has-text-align-center has-real-white-color has-text-color has-link-color has-tertiary-font-family has-xxxl-font-size wp-elements-3c1f942e1647c50defa8ea26214a6853\">Kampeervakantie in Nouvelle-Aquitaine<\/h1>\n\n\n\n<p class=\"has-text-align-center is-style-title-below has-real-white-color has-text-color has-link-color has-xxxxxl-font-size wp-elements-132b7937a752c85a4b80f78eaeaa9a0b is-style-title-below--1\">Natuur en cultuur in het hart van het zuidwesten<\/p>\n<\/div>\n\n\n\n<div class=\"wp-block-group pagination is-content-justification-center is-nowrap is-layout-flex wp-container-core-group-is-layout-dae12945 wp-block-group-is-layout-flex\" style=\"padding-top:var(--wp--preset--spacing--m);padding-left:0\">\n<div class=\"wp-block-group hrz-slider-6-pagination hrz-slider-dots has-global-padding is-content-justification-center is-layout-constrained wp-block-group-is-layout-constrained\" style=\"border-radius:8px\"><\/div>\n<\/div>\n<\/div>\n\n\n\n<div class=\"wp-block-group alignfull swiper-wrapper is-nowrap is-layout-flex wp-container-core-group-is-layout-879c0eda wp-block-group-is-layout-flex\" style=\"margin-top:0;margin-bottom:0;padding-top:0;padding-right:0;padding-bottom:0;padding-left:0\">\n<div class=\"wp-block-group swiper-slide has-global-padding is-layout-constrained wp-block-group-is-layout-constrained\">\n<figure class=\"wp-block-image alignfull size-4\/3_2560x1920\" style=\"margin-top:0;margin-right:0;margin-bottom:0;margin-left:0\"><img alt=\"Vue a\u00e9rienne d&#039;une ville c\u00f4ti\u00e8re avec marina.\" loading=\"lazy\" decoding=\"async\" width=\"2560\" height=\"1920\" src=\"https:\/\/www.kerhelen.com\/wp-content\/uploads\/2026\/02\/nouvelle-aquitaine-camping-ker-helen-bassin-arcachon-2560x1920.webp\" alt=\"\" class=\"wp-image-1443\" srcset=\"https:\/\/www.kerhelen.com\/wp-content\/uploads\/2026\/02\/nouvelle-aquitaine-camping-ker-helen-bassin-arcachon-2560x1920.webp 2560w, https:\/\/www.kerhelen.com\/wp-content\/uploads\/2026\/02\/nouvelle-aquitaine-camping-ker-helen-bassin-arcachon-1440x1080.webp 1440w, https:\/\/www.kerhelen.com\/wp-content\/uploads\/2026\/02\/nouvelle-aquitaine-camping-ker-helen-bassin-arcachon-1024x768.webp 1024w, https:\/\/www.kerhelen.com\/wp-content\/uploads\/2026\/02\/nouvelle-aquitaine-camping-ker-helen-bassin-arcachon-720x540.webp 720w, https:\/\/www.kerhelen.com\/wp-content\/uploads\/2026\/02\/nouvelle-aquitaine-camping-ker-helen-bassin-arcachon-320x240.webp 320w, https:\/\/www.kerhelen.com\/wp-content\/uploads\/2026\/02\/nouvelle-aquitaine-camping-ker-helen-bassin-arcachon-160x120.webp 160w\" sizes=\"auto, (max-width: 2560px) 100vw, 2560px\" \/><\/figure>\n<\/div>\n<\/div>\n<\/div>\n\n<div class=\"wp-block-cover alignfull overflow-visible has-paragraph-color has-text-color has-link-color wp-elements-14bd5c49f325015d681f5e21e2c9095e\" style=\"padding-right:0;padding-left:0\"><img alt=\"\" decoding=\"async\" class=\"wp-block-cover__image-background wp-image-58 size-full\" alt=\"\" src=\"https:\/\/www.kerhelen.com\/wp-content\/uploads\/2026\/01\/background-hibiscus.svg\" data-object-fit=\"cover\"\/><span aria-hidden=\"true\" class=\"wp-block-cover__background has-background-dim-60 has-background-dim wp-block-cover__gradient-background has-background-gradient\" style=\"background:linear-gradient(0deg,rgb(255,251,240) 0%,rgba(255,251,240,0.02) 100%)\"><\/span><div class=\"wp-block-cover__inner-container has-global-padding is-layout-constrained wp-container-core-cover-is-layout-7db9d80f wp-block-cover-is-layout-constrained\">\n<div class=\"wp-block-group alignfull is-relative is-layout-flow wp-block-group-is-layout-flow\">\n<div class=\"wp-block-group palm palm-top-right has-global-padding is-layout-constrained wp-container-core-group-is-layout-d9684685 wp-block-group-is-layout-constrained\">\n<figure class=\"wp-block-image size-3\/4_600x800_desktop\"><img alt=\"\" decoding=\"async\" src=\"https:\/\/www.kerhelen.com\/wp-content\/uploads\/2026\/01\/palm-reverse-600x800.webp\" alt=\"\" class=\"wp-image-334\"\/><\/figure>\n<\/div>\n\n\n<div style=\"margin-top:var(--wp--preset--spacing--xxxl);margin-left:var(--wp--preset--spacing--xxxl);\" class=\"alignleft wp-elements-4690a470cdfde080797342c6ad8439fe wp-block-wpseopress-breadcrumbs has-text-color has-tertiary-color\"><nav  aria-label=\"breadcrumb\"><ol class=\"breadcrumb\" itemscope itemtype=\"https:\/\/schema.org\/BreadcrumbList\"><li class=\"breadcrumb-item active\" aria-current=\"page\" itemprop=\"itemListElement\" itemscope itemtype=\"https:\/\/schema.org\/ListItem\"><span itemprop=\"name\">Camping sur le Bassin d&#8217;Arcachon<\/span><meta itemprop=\"position\" content=\"1\"><\/li><\/ol><\/nav><\/div>\n\n\n<div style=\"height:180px\" aria-hidden=\"true\" class=\"wp-block-spacer\"><\/div>\n\n\n\n<div class=\"wp-block-group z-1 has-global-padding is-layout-constrained wp-container-core-group-is-layout-5df54855 wp-block-group-is-layout-constrained\" style=\"padding-right:var(--wp--preset--spacing--xxl);padding-left:var(--wp--preset--spacing--xxl)\">\n<div class=\"wp-block-group fade has-global-padding is-layout-constrained wp-container-core-group-is-layout-ac9039ec wp-block-group-is-layout-constrained\">\n<div class=\"wp-block-group has-global-padding is-layout-constrained wp-block-group-is-layout-constrained\">\n<figure class=\"wp-block-image aligncenter size-full\"><img alt=\"Symbole graphique rouge en forme de fleur.\" loading=\"lazy\" decoding=\"async\" width=\"50\" height=\"50\" src=\"https:\/\/www.kerhelen.com\/wp-content\/uploads\/2026\/02\/hibiscuslogo-1-1.webp\" alt=\"\" class=\"wp-image-2176\"\/><\/figure>\n<\/div>\n\n\n\n<div class=\"wp-block-group has-global-padding is-layout-constrained wp-block-group-is-layout-constrained\">\n<h2 class=\"wp-block-heading has-text-align-center is-style-top-title is-style-top-title--2\">Een camping in Nieuw-Aquitaine voor een zonnige vakantie<\/h2>\n\n\n\n<p class=\"has-text-align-center\">De <strong>regio Nouvelle-Aquitaine<\/strong> heet u welkom voor uw vakantie. Haar grondgebied omvat prachtige plaatsen en steden die u tijdens uw verblijf in de Gironde kunt ontdekken. Het <strong>Bassin d&#8217;Arcachon<\/strong> is waarschijnlijk het meest opmerkelijke gebied in de regio, dankzij zijn oorspronkelijke indeling, ideaal voor toerisme, met zijn prachtige kustlijn en fijne zandstranden, evenals de natuurgebieden waar de flora en fauna vol leven zijn.  <\/p>\n\n\n\n<p class=\"has-text-align-center\">Als je op camping Ker Helen in Le Teich verblijft, heb je volop mogelijkheden om deze schat van Aquitaine te ontdekken langs de 200 km aan fietspaden rond de baai van Arcachon en de wandelpaden.<\/p>\n\n\n\n<h2 class=\"wp-block-heading has-text-align-center is-style-top-title is-style-top-title--3\">Een vakantie in Nieuw-Aquitaine vol ontdekkingen<\/h2>\n\n\n\n<p class=\"has-text-align-center\">De <strong>regio Nouvelle-Aquitaine<\/strong> is bijzonder rijk. De indrukwekkende omvang van het grondgebied strekt zich uit van de monding van <strong>de Gironde<\/strong> tot de Pyrenee\u00ebn-Atlantiques en de Spaanse grens. <\/p>\n\n\n\n<p class=\"has-text-align-center\">Rondom camping Ker Helen zijn prachtige plaatsen om te ontdekken, zoals de stad Bordeaux. Ontdek ten zuiden van Le Teich de omliggende dorpen, zoals Sanguinet en het beroemde meer. <\/p>\n\n\n\n<p class=\"has-text-align-center\">Met zijn gematigde oceaanklimaat heeft Nouvelle-Aquitaine veel natuurlijke bezienswaardigheden en een gevarieerd cultureel erfgoed.<\/p>\n<\/div>\n<\/div>\n<\/div>\n\n\n\n<div style=\"height:200px\" aria-hidden=\"true\" class=\"wp-block-spacer\"><\/div>\n<\/div>\n<\/div><\/div>\n","protected":false},"excerpt":{"rendered":"<p>Kampeervakantie in Nouvelle-Aquitaine Natuur en cultuur in het hart van het zuidwesten<\/p>\n","protected":false},"author":1,"featured_media":0,"parent":0,"menu_order":48,"comment_status":"closed","ping_status":"closed","template":"page-no-title","meta":{"_acf_changed":false,"_seopress_robots_primary_cat":"","_seopress_titles_title":"Camping Nouvelle-Aquitaine | Camping en Gironde Ker Helen","_seopress_titles_desc":"Ga naar de Nouvelle-Aquitaine! De 4-sterren camping Ker Helen in de Gironde heet je welkom in de baai van Arcachon. Verwarmd zwembad en comfortabele cottages op Le Teich.  ","_seopress_robots_index":"","footnotes":""},"class_list":["post-3727","page","type-page","status-publish","hentry"],"acf":[],"_links":{"self":[{"href":"https:\/\/www.kerhelen.com\/nl\/wp-json\/wp\/v2\/pages\/3727","targetHints":{"allow":["GET"]}}],"collection":[{"href":"https:\/\/www.kerhelen.com\/nl\/wp-json\/wp\/v2\/pages"}],"about":[{"href":"https:\/\/www.kerhelen.com\/nl\/wp-json\/wp\/v2\/types\/page"}],"author":[{"embeddable":true,"href":"https:\/\/www.kerhelen.com\/nl\/wp-json\/wp\/v2\/users\/1"}],"replies":[{"embeddable":true,"href":"https:\/\/www.kerhelen.com\/nl\/wp-json\/wp\/v2\/comments?post=3727"}],"version-history":[{"count":1,"href":"https:\/\/www.kerhelen.com\/nl\/wp-json\/wp\/v2\/pages\/3727\/revisions"}],"predecessor-version":[{"id":3730,"href":"https:\/\/www.kerhelen.com\/nl\/wp-json\/wp\/v2\/pages\/3727\/revisions\/3730"}],"wp:attachment":[{"href":"https:\/\/www.kerhelen.com\/nl\/wp-json\/wp\/v2\/media?parent=3727"}],"curies":[{"name":"wp","href":"https:\/\/api.w.org\/{rel}","templated":true}]}}