{"id":3762,"date":"2026-02-13T15:58:29","date_gmt":"2026-02-13T14:58:29","guid":{"rendered":"https:\/\/www.kerhelen.com\/privacybeleid\/"},"modified":"2026-02-23T14:03:37","modified_gmt":"2026-02-23T13:03:37","slug":"privacybeleid","status":"publish","type":"page","link":"https:\/\/www.kerhelen.com\/nl\/privacybeleid\/","title":{"rendered":"privacybeleid"},"content":{"rendered":"\n<div class=\"wp-block-group alignfull hrz-hero-4 swiper swiper-slider-6-hero has-global-padding is-layout-constrained wp-container-core-group-is-layout-481dc8fc wp-block-group-is-layout-constrained\" style=\"margin-top:0;margin-bottom:0;padding-top:0;padding-right:0;padding-bottom:0;padding-left:0\">\n<div class=\"wp-block-group alignfull hrz-hero-4-content has-background has-global-padding is-layout-constrained wp-container-core-group-is-layout-187a3841 wp-block-group-is-layout-constrained\" style=\"background:linear-gradient(0deg,rgba(0,0,0,0.62) 2%,rgba(0,0,0,0.01) 57%);padding-right:var(--wp--preset--spacing--l);padding-left:var(--wp--preset--spacing--l)\">\n<div class=\"wp-block-group is-layout-flow wp-block-group-is-layout-flow\">\n<figure class=\"wp-block-image aligncenter size-logo_footer\"><img alt=\"\" loading=\"lazy\" decoding=\"async\" width=\"200\" height=\"220\" src=\"https:\/\/www.kerhelen.com\/wp-content\/uploads\/2026\/01\/logo-200x220.webp\" alt=\"\" class=\"wp-image-229\"\/><\/figure>\n<\/div>\n\n\n\n<div class=\"wp-block-group has-real-white-color has-text-color has-link-color wp-elements-8595ef13110d5d3c888731caa93217f6 is-layout-flow wp-block-group-is-layout-flow\">\n<h1 class=\"wp-block-heading has-text-align-center has-real-white-color has-text-color has-link-color has-tertiary-font-family has-xxxl-font-size wp-elements-6cc991f94f8077578f4b416511886c2d\">Privacybeleid<\/h1>\n<\/div>\n\n\n\n<div class=\"wp-block-group pagination is-content-justification-center is-nowrap is-layout-flex wp-container-core-group-is-layout-dae12945 wp-block-group-is-layout-flex\" style=\"padding-top:var(--wp--preset--spacing--m);padding-left:0\">\n<div class=\"wp-block-group hrz-slider-6-pagination hrz-slider-dots has-global-padding is-content-justification-center is-layout-constrained wp-block-group-is-layout-constrained\" style=\"border-radius:8px\"><\/div>\n<\/div>\n<\/div>\n\n\n\n<div class=\"wp-block-group alignfull swiper-wrapper is-nowrap is-layout-flex wp-container-core-group-is-layout-879c0eda wp-block-group-is-layout-flex\" style=\"margin-top:0;margin-bottom:0;padding-top:0;padding-right:0;padding-bottom:0;padding-left:0\">\n<div class=\"wp-block-group swiper-slide has-global-padding is-layout-constrained wp-block-group-is-layout-constrained\">\n<figure class=\"wp-block-image alignfull size-4\/3_2560x1920\" style=\"margin-top:0;margin-right:0;margin-bottom:0;margin-left:0\"><img alt=\"Piscine avec transats et palmiers en ext\u00e9rieur\" loading=\"lazy\" decoding=\"async\" width=\"2560\" height=\"1920\" src=\"https:\/\/www.kerhelen.com\/wp-content\/uploads\/2026\/01\/ker-helen-2023-044-2560x1920.webp\" alt=\"\" class=\"wp-image-249\" srcset=\"https:\/\/www.kerhelen.com\/wp-content\/uploads\/2026\/01\/ker-helen-2023-044-2560x1920.webp 2560w, https:\/\/www.kerhelen.com\/wp-content\/uploads\/2026\/01\/ker-helen-2023-044-1440x1080.webp 1440w, https:\/\/www.kerhelen.com\/wp-content\/uploads\/2026\/01\/ker-helen-2023-044-1024x768.webp 1024w, https:\/\/www.kerhelen.com\/wp-content\/uploads\/2026\/01\/ker-helen-2023-044-720x540.webp 720w, https:\/\/www.kerhelen.com\/wp-content\/uploads\/2026\/01\/ker-helen-2023-044-320x240.webp 320w, https:\/\/www.kerhelen.com\/wp-content\/uploads\/2026\/01\/ker-helen-2023-044-160x120.webp 160w\" sizes=\"auto, (max-width: 2560px) 100vw, 2560px\" \/><\/figure>\n<\/div>\n<\/div>\n<\/div>\n\n<div class=\"wp-block-cover alignfull overflow-visible has-paragraph-color has-text-color has-link-color wp-elements-2e8ffd8b4fbaa03c81a8d7f37bb4b629\" style=\"padding-right:0;padding-left:0\"><img alt=\"\" decoding=\"async\" class=\"wp-block-cover__image-background wp-image-58 size-full\" alt=\"\" src=\"https:\/\/www.kerhelen.com\/wp-content\/uploads\/2026\/01\/background-hibiscus.svg\" data-object-fit=\"cover\"\/><span aria-hidden=\"true\" class=\"wp-block-cover__background has-background-dim-60 has-background-dim wp-block-cover__gradient-background has-background-gradient\" style=\"background:linear-gradient(0deg,rgb(255,251,240) 0%,rgba(255,251,240,0.02) 100%)\"><\/span><div class=\"wp-block-cover__inner-container has-global-padding is-layout-constrained wp-container-core-cover-is-layout-7db9d80f wp-block-cover-is-layout-constrained\">\n<div class=\"wp-block-group alignfull is-relative is-layout-flow wp-block-group-is-layout-flow\">\n<div class=\"wp-block-group palm palm-top-right has-global-padding is-layout-constrained wp-container-core-group-is-layout-d9684685 wp-block-group-is-layout-constrained\">\n<figure class=\"wp-block-image size-3\/4_600x800_desktop\"><img alt=\"\" decoding=\"async\" src=\"https:\/\/www.kerhelen.com\/wp-content\/uploads\/2026\/01\/palm-reverse-600x800.webp\" alt=\"\" class=\"wp-image-334\"\/><\/figure>\n<\/div>\n\n\n<div style=\"margin-top:var(--wp--preset--spacing--xxxl);margin-left:var(--wp--preset--spacing--xxxl);\" class=\"alignleft wp-elements-4690a470cdfde080797342c6ad8439fe wp-block-wpseopress-breadcrumbs has-text-color has-tertiary-color\"><nav  aria-label=\"breadcrumb\"><ol class=\"breadcrumb\" itemscope itemtype=\"https:\/\/schema.org\/BreadcrumbList\"><li class=\"breadcrumb-item active\" aria-current=\"page\" itemprop=\"itemListElement\" itemscope itemtype=\"https:\/\/schema.org\/ListItem\"><span itemprop=\"name\">Camping sur le Bassin d&#8217;Arcachon<\/span><meta itemprop=\"position\" content=\"1\"><\/li><\/ol><\/nav><\/div>\n\n\n<div style=\"height:180px\" aria-hidden=\"true\" class=\"wp-block-spacer\"><\/div>\n\n\n\n<div class=\"wp-block-group z-1 has-global-padding is-layout-constrained wp-container-core-group-is-layout-5df54855 wp-block-group-is-layout-constrained\" style=\"padding-right:var(--wp--preset--spacing--xxl);padding-left:var(--wp--preset--spacing--xxl)\">\n<div class=\"wp-block-group fade has-global-padding is-layout-constrained wp-container-core-group-is-layout-ac9039ec wp-block-group-is-layout-constrained\">\n<div class=\"wp-block-group has-global-padding is-layout-constrained wp-block-group-is-layout-constrained\">\n<figure class=\"wp-block-image aligncenter size-full\"><img alt=\"Symbole graphique rouge en forme de fleur.\" loading=\"lazy\" decoding=\"async\" width=\"50\" height=\"50\" src=\"https:\/\/www.kerhelen.com\/wp-content\/uploads\/2026\/02\/hibiscuslogo-1-1.webp\" alt=\"\" class=\"wp-image-2176\"\/><\/figure>\n<\/div>\n\n\n\n<div class=\"wp-block-group has-global-padding is-layout-constrained wp-block-group-is-layout-constrained\">\n<h2 class=\"wp-block-heading\">Privacybeleid<\/h2>\n\n\n\n<p>Raadpleeg het privacybeleid van onze <strong><a href=\"https:\/\/www.kerhelen.com\/nl\/\" data-type=\"page\" data-id=\"4\">Camping Ker Helen in het Bassin van Arcachon<\/a><\/strong>.<\/p>\n\n\n\n<h2 class=\"wp-block-heading\">Collecte de l\u2019information<\/h2>\n\n\n\n<p>Nous recueillons des informations lorsque vous naviguez sur le site, lorsque vous passez une commande et lorsque vous remplissez l\u2019un des formulaires.<\/p>\n\n\n\n<p>En outre, nous recevons et enregistrons automatiquement des informations \u00e0 partir de votre ordinateur et navigateur, comme :<\/p>\n\n\n\n<p>IP-adres<\/p>\n\n\n\n<p>Type hardware en gebruikte browser<\/p>\n\n\n\n<p>Pagina(&#8216;s) die u bekijkt<\/p>\n\n\n\n<h2 class=\"wp-block-heading\">Utilisation des informations<\/h2>\n\n\n\n<p>Alle informatie die we van u verzamelen kan worden gebruikt voor :<\/p>\n\n\n\n<p>Personnaliser votre exp\u00e9rience et r\u00e9pondre \u00e0 vos besoins individuels<\/p>\n\n\n\n<p>Fournir un contenu publicitaire personnalis\u00e9<\/p>\n\n\n\n<p>Am\u00e9liorer notre site Web<\/p>\n\n\n\n<p>Am\u00e9liorer le service client et vos besoins de prise en charge<\/p>\n\n\n\n<p>Vous contacter par email<\/p>\n\n\n\n<p>Administrer un concours, une promotion, ou une enqu\u00eate<\/p>\n\n\n\n<h2 class=\"wp-block-heading\">Divulgation \u00e0 des tiers<\/h2>\n\n\n\n<p>Wij verkopen, verhandelen of geven uw persoonlijk identificeerbare informatie niet door aan derden. Dit geldt niet voor vertrouwde derden die ons helpen bij het beheren van onze website, zolang deze partijen ermee instemmen deze informatie vertrouwelijk te behandelen. <\/p>\n\n\n\n<p>Les informations non-priv\u00e9es, cependant, peuvent \u00eatre fournies \u00e0 d\u2019autres parties pour le marketing, la publicit\u00e9, ou d\u2019autres utilisations.<\/p>\n\n\n\n<h2 class=\"wp-block-heading\">Bescherming van informatie<\/h2>\n\n\n\n<p>Nous mettons en \u0153uvre une vari\u00e9t\u00e9 de mesures de s\u00e9curit\u00e9 pour pr\u00e9server la s\u00e9curit\u00e9 de vos informations personnelles :<\/p>\n\n\n\n<p>Protocole SSL<\/p>\n\n\n\n<p>Gestion des acc\u00e8s par login\/mot de passe<\/p>\n\n\n\n<p>Logiciels de surveillance r\u00e9seau<\/p>\n\n\n\n<p>Sauvegardes informatiques multiples<\/p>\n\n\n\n<p>Pare-feu<\/p>\n\n\n\n<p>We beschermen je informatie ook offline. Alleen werknemers die een specifieke taak moeten uitvoeren (bijvoorbeeld facturering of klantenservice) hebben toegang tot persoonlijk identificeerbare informatie. De computers en servers die worden gebruikt om persoonlijk identificeerbare informatie op te slaan, staan in een beveiligde omgeving.  <\/p>\n\n\n\n<h2 class=\"wp-block-heading\">Cookies<\/h2>\n\n\n\n<p>Cookies zijn tekstbestanden, vaak gecodeerd, die in uw browser worden opgeslagen. Ze worden aangemaakt wanneer de browser van een gebruiker een bepaalde website laadt: de site stuurt informatie naar de browser, die vervolgens een tekstbestand aanmaakt. Telkens wanneer de gebruiker terugkeert naar dezelfde site, haalt de browser dit bestand op en stuurt het naar de server van de website.  <\/p>\n\n\n\n<p>Er zijn twee soorten cookies, die niet hetzelfde doel dienen: technische cookies en advertentiecookies:<\/p>\n\n\n\n<p>Cookies zijn tekstbestanden, vaak gecodeerd, die in uw browser worden opgeslagen. Ze worden aangemaakt wanneer de browser van een gebruiker een bepaalde website laadt: de site stuurt informatie naar de browser, die vervolgens een tekstbestand aanmaakt. Telkens wanneer de gebruiker terugkeert naar dezelfde site, haalt de browser dit bestand op en stuurt het naar de server van de website.  <\/p>\n\n\n\n<p>Er zijn twee soorten cookies, die niet hetzelfde doel dienen: technische cookies en advertentiecookies:<\/p>\n\n\n\n<p>We gebruiken technische cookies en advertentiecookies.<\/p>\n\n\n\n<p>We gebruiken Google Analytics, een statistisch hulpmiddel voor publieksanalyse dat een cookie genereert om het aantal bezoeken, het aantal bekeken pagina&#8217;s en de bezoekersactiviteit te meten. Uw IP-adres wordt ook verzameld om te bepalen vanuit welke stad u verbinding maakt. <\/p>\n\n\n\n<p>We willen u eraan herinneren dat u technische en advertentiecookies kunt weigeren door uw browser te configureren. Meer informatie over het gebruik van cookies vindt u op de website van de CNIL: http: <a href=\"http:\/\/www.cnil.fr\/vos-droits\/vos-traces\/les-cookies\/\">\/\/www.cnil.fr\/vos-droits\/vos-traces\/les-cookies\/<\/a> <\/p>\n\n\n\n<p>Een dergelijke weigering kan echter verhinderen dat de website naar behoren functioneert.<\/p>\n\n\n\n<h2 class=\"wp-block-heading\">Afmelden<\/h2>\n\n\n\n<p>Wij gebruiken het door u opgegeven e-mailadres om u informatie en updates te sturen met betrekking tot uw bestelling, incidentele nieuwsberichten, productinformatie, nieuwe producten, enz. Als u zich op enig moment wilt afmelden en geen e-mails meer wilt ontvangen, kunt u dit aanvragen door het volgende formulier in te vullen <a href=\"https:\/\/www.kerhelen.com\/nl\/contact-toegang\/\" data-type=\"link\" data-id=\"https:\/\/www.kerhelen.com\/camping-bassin-d-arcachon-contact\/\"><strong>dit formulier<\/strong><\/a>. <\/p>\n\n\n\n<h2 class=\"wp-block-heading\">Droit d\u2019acc\u00e8s, de modification et de suppression de vos donn\u00e9es<\/h2>\n\n\n\n<p>Als u op enig moment toegang wilt tot uw persoonlijke gegevens, of als u deze wilt wijzigen of verwijderen, kunt u hiertoe een verzoek indienen via dit formulier.<\/p>\n\n\n\n<p>Wij bieden u het recht om bezwaar te maken tegen uw persoonlijke gegevens en deze in te trekken. Het recht om bezwaar te maken houdt in dat internetgebruikers kunnen weigeren dat hun persoonlijke gegevens worden gebruikt voor bepaalde doeleinden die worden genoemd op het moment dat de gegevens worden verzameld. <\/p>\n\n\n\n<p>Neem contact met ons op om deze rechten uit te oefenen:<\/p>\n\n\n\n<p>Camping Ker Helen<\/p>\n\n\n\n<p>Avenue de la C\u00f4te d&#8217;Argent<br\/>33470 LE TEICH<\/p>\n\n\n\n<p>05 56 66 03 79<\/p>\n\n\n\n<p><a href=\"mailto:camping.kerhelen@wanadoo.fr\">camping.kerhelen@wanadoo.fr<\/a><\/p>\n\n\n\n<h2 class=\"wp-block-heading\">Bewaren van gegevens<\/h2>\n\n\n\n<p>De persoonlijke gegevens van onze webgebruikers worden maximaal 36 maanden bewaard.<\/p>\n\n\n\n<h2 class=\"wp-block-heading\">Toestemming<\/h2>\n\n\n\n<p>Door onze site te gebruiken, gaat u akkoord met ons privacybeleid.<\/p>\n<\/div>\n<\/div>\n<\/div>\n\n\n\n<div style=\"height:200px\" aria-hidden=\"true\" class=\"wp-block-spacer\"><\/div>\n<\/div>\n<\/div><\/div>\n","protected":false},"excerpt":{"rendered":"<p>Privacybeleid<\/p>\n","protected":false},"author":1,"featured_media":0,"parent":0,"menu_order":1,"comment_status":"closed","ping_status":"closed","template":"page-no-title","meta":{"_acf_changed":false,"_seopress_robots_primary_cat":"","_seopress_titles_title":"Privacybeleid | Camping Ker Helen in het Bassin van Arcachon","_seopress_titles_desc":"Raadpleeg het privacybeleid van Camping Ker Helen in het Bassin van Arcachon. Ontdek hoe wij uw persoonlijke gegevens beschermen en uw privacy respecteren. ","_seopress_robots_index":"","footnotes":""},"class_list":["post-3762","page","type-page","status-publish","hentry"],"acf":[],"_links":{"self":[{"href":"https:\/\/www.kerhelen.com\/nl\/wp-json\/wp\/v2\/pages\/3762","targetHints":{"allow":["GET"]}}],"collection":[{"href":"https:\/\/www.kerhelen.com\/nl\/wp-json\/wp\/v2\/pages"}],"about":[{"href":"https:\/\/www.kerhelen.com\/nl\/wp-json\/wp\/v2\/types\/page"}],"author":[{"embeddable":true,"href":"https:\/\/www.kerhelen.com\/nl\/wp-json\/wp\/v2\/users\/1"}],"replies":[{"embeddable":true,"href":"https:\/\/www.kerhelen.com\/nl\/wp-json\/wp\/v2\/comments?post=3762"}],"version-history":[{"count":1,"href":"https:\/\/www.kerhelen.com\/nl\/wp-json\/wp\/v2\/pages\/3762\/revisions"}],"predecessor-version":[{"id":3763,"href":"https:\/\/www.kerhelen.com\/nl\/wp-json\/wp\/v2\/pages\/3762\/revisions\/3763"}],"wp:attachment":[{"href":"https:\/\/www.kerhelen.com\/nl\/wp-json\/wp\/v2\/media?parent=3762"}],"curies":[{"name":"wp","href":"https:\/\/api.w.org\/{rel}","templated":true}]}}